{"id":635,"date":"2019-02-11T16:55:15","date_gmt":"2019-02-11T15:55:15","guid":{"rendered":"https:\/\/www.hotelgimm.it\/?page_id=635"},"modified":"2020-09-27T14:34:05","modified_gmt":"2020-09-27T12:34:05","slug":"bibione-mit-dem-fahrrad","status":"publish","type":"page","link":"https:\/\/www.hotelgimm.it\/de\/bibione-umgebung\/bibione\/bibione-mit-dem-fahrrad\/","title":{"rendered":"Bibione mit dem Fahrrad"},"content":{"rendered":"\n<p>Wenn Sie einen Ort mit langsamer Fahrt besuchen, k\u00f6nnen Sie unsichtbare Orte f\u00fcr diejenigen bewundern, die sie auf andere Weise an Bord ber\u00fchren. <\/p>\n\n\n\n<p>Im Sattel \u2026 \u2026 und entdecken Sie versteckte Ecken, uralte Wasserl\u00e4ufe, unber\u00fchrte Natur, die den Duft des Meeres und des Kiefernwaldes atmet. Viele Routen zu entdecken, im Zeichen von \u00d6kologie und Vitalit\u00e4t. <\/p>\n\n\n\n<p>Probieren Sie auch <strong>X-RIVER<\/strong>, die &#8220;Boots-Stufe&#8221; f\u00fcr den Transport von Fahrr\u00e4dern und Personen, die es Ihnen erm\u00f6glicht, den Tagliamento zu \u00fcberqueren und Lignano zu erreichen, anstatt eine lange Fahrt durch die Landschaft zu unternehmen. Die <strong>Fahrradf\u00e4hre<\/strong>, die\u00a0<strong>Bibione<\/strong>\u00a0und\u00a0<strong>Lignano Sabbiadoro<\/strong>, \u00a0mit dem folgenden Stundenplan wieder:<\/p>\n\n\n\n<ul><li><strong>vom 22. bis 30. September den ganzen Tag vom 9:00 Uhr<\/strong> (erste Fahrt von Lignano)<strong> bis 18:40 Uhr <\/strong>(letzte Fahrt von Bibione um 18:20 Uhr)<\/li><li><strong>3,4,10,11,17,18,24,25 und 31 Oktober den ganzen Tag vom 9:00 Uhr <\/strong>(erste Fahrt von Lignano)<strong> bis 17:40 <\/strong>(letzte Fahrt von Bibione um 17:20 Uhr)<\/li><li><strong>1. November den ganzen Tag vom 9:00 Uhr<\/strong> (erste Fahrt von Lignano)<strong> bis 17:40 Uhr <\/strong>(letzte Fahrt von Bibione um 17:20 Uhr)<\/li><\/ul>\n\n\n\n<p>Mit gro\u00dfem Erfolg am Sonntag, 29. Dezember 2019 eingeweiht, wird <strong>2020<\/strong> die <strong>neue Bootspassage<\/strong> von <strong>Porto Baseleghe<\/strong> \/ Bibione nach <strong>Vallevecchia<\/strong> \/ Caorle aktiv sein. Sie ist f\u00fcr Menschen <strong>zu Fu\u00df<\/strong> oder <strong>mit dem Fahrrad<\/strong> geeignet: <strong>XLAGOON<\/strong>.<\/p>\n\n\n\n<p>Der Service ist mit dem folgenden Fahrplan verf\u00fcgbar:<\/p>\n\n\n\n<ul><li><strong>vom Samstag, den 27. Juni bis Mittwoch, den 30. September vom 9:30 bis <\/strong><strong>13:30 Uhr <\/strong>und <strong>vom 14:30 bis 18:30 Uhr<\/strong>;<\/li><li><strong>3,4,10,11,17,18,24,25,31 Oktober vom 9:30 bis 13:30 Uhr <\/strong>und <strong>vom 14:30 bis 17:00 Uhr;<\/strong><\/li><li><strong>1 November vom 9:30 bis 13:30 Uhr <\/strong>und <strong>vom 14:30 bis 17:00 Uhr;<\/strong><\/li><li><strong>6,7,8,13,20,26,27 Dezember vom 10:00 bis 16:00 Uhr<\/strong>.<\/li><\/ul>\n\n\n\n<p>F\u00fcr weitere Informationen wenden Sie sich bitte an die Rezeption.<\/p>\n\n\n\n<div class=\"wp-block-image is-style-rounded\"><figure class=\"aligncenter size-large\"><img loading=\"lazy\" width=\"633\" height=\"365\" src=\"https:\/\/www.hotelgimm.it\/wp-content\/uploads\/2020\/09\/2bcdc6c4759a4b1fbc705fd4decb3764.jpg\" alt=\"\" class=\"wp-image-2969\" srcset=\"https:\/\/www.hotelgimm.it\/wp-content\/uploads\/2020\/09\/2bcdc6c4759a4b1fbc705fd4decb3764.jpg 633w, https:\/\/www.hotelgimm.it\/wp-content\/uploads\/2020\/09\/2bcdc6c4759a4b1fbc705fd4decb3764-300x173.jpg 300w\" sizes=\"(max-width: 633px) 100vw, 633px\" \/><figcaption> <\/figcaption><\/figure><\/div>\n","protected":false},"excerpt":{"rendered":"<p>Wenn Sie einen Ort mit langsamer Fahrt besuchen, k\u00f6nnen Sie unsichtbare Orte f\u00fcr diejenigen bewundern, die sie auf andere Weise an Bord ber\u00fchren. Im Sattel \u2026 \u2026 und entdecken Sie versteckte Ecken, uralte Wasserl\u00e4ufe, unber\u00fchrte Natur, die den Duft des Meeres und des Kiefernwaldes atmet. Viele Routen zu entdecken, im Zeichen von \u00d6kologie und Vitalit\u00e4t. Probieren Sie auch X-RIVER, die &#8220;Boots-Stufe&#8221; f\u00fcr den Transport von Fahrr\u00e4dern und Personen, die es Ihnen erm\u00f6glicht, den Tagliamento zu \u00fcberqueren und Lignano zu erreichen, anstatt eine lange Fahrt durch die Landschaft zu unternehmen. Die Fahrradf\u00e4hre, die\u00a0Bibione\u00a0und\u00a0Lignano Sabbiadoro, \u00a0mit dem folgenden Stundenplan wieder: vom 22. bis 30. September den ganzen Tag vom 9:00 Uhr (erste Fahrt von Lignano) bis 18:40 Uhr (letzte Fahrt von Bibione um 18:20 Uhr) 3,4,10,11,17,18,24,25 und 31 Oktober den ganzen Tag vom 9:00 Uhr (erste Fahrt von Lignano) bis 17:40 (letzte Fahrt von Bibione um 17:20 Uhr) 1. November den ganzen Tag vom 9:00 Uhr (erste Fahrt von Lignano) bis 17:40 Uhr (letzte Fahrt von Bibione um 17:20 Uhr) Mit gro\u00dfem Erfolg am Sonntag, 29. Dezember 2019 eingeweiht, wird 2020 die neue Bootspassage von Porto Baseleghe \/ Bibione nach Vallevecchia \/ Caorle aktiv sein. Sie ist f\u00fcr Menschen zu Fu\u00df oder [&hellip;]<\/p>\n","protected":false},"author":1,"featured_media":1280,"parent":561,"menu_order":3,"comment_status":"closed","ping_status":"closed","template":"page-ROOM_DETAIL.php","meta":[],"yoast_head":"<!-- This site is optimized with the Yoast SEO plugin v15.7 - https:\/\/yoast.com\/wordpress\/plugins\/seo\/ -->\n<title>Bibione mit dem Fahrrad - Hotel Gimm<\/title>\n<meta name=\"robots\" content=\"index, follow, max-snippet:-1, max-image-preview:large, max-video-preview:-1\" \/>\n<link rel=\"canonical\" href=\"https:\/\/www.hotelgimm.it\/de\/bibione-umgebung\/bibione\/bibione-mit-dem-fahrrad\/\" \/>\n<meta property=\"og:locale\" content=\"de_DE\" \/>\n<meta property=\"og:type\" content=\"article\" \/>\n<meta property=\"og:title\" content=\"Bibione mit dem Fahrrad - Hotel Gimm\" \/>\n<meta property=\"og:description\" content=\"Wenn Sie einen Ort mit langsamer Fahrt besuchen, k\u00f6nnen Sie unsichtbare Orte f\u00fcr diejenigen bewundern, die sie auf andere Weise an Bord ber\u00fchren. Im Sattel \u2026 \u2026 und entdecken Sie versteckte Ecken, uralte Wasserl\u00e4ufe, unber\u00fchrte Natur, die den Duft des Meeres und des Kiefernwaldes atmet. Viele Routen zu entdecken, im Zeichen von \u00d6kologie und Vitalit\u00e4t. Probieren Sie auch X-RIVER, die &#8220;Boots-Stufe&#8221; f\u00fcr den Transport von Fahrr\u00e4dern und Personen, die es Ihnen erm\u00f6glicht, den Tagliamento zu \u00fcberqueren und Lignano zu erreichen, anstatt eine lange Fahrt durch die Landschaft zu unternehmen. Die Fahrradf\u00e4hre, die\u00a0Bibione\u00a0und\u00a0Lignano Sabbiadoro, \u00a0mit dem folgenden Stundenplan wieder: vom 22. bis 30. September den ganzen Tag vom 9:00 Uhr (erste Fahrt von Lignano) bis 18:40 Uhr (letzte Fahrt von Bibione um 18:20 Uhr) 3,4,10,11,17,18,24,25 und 31 Oktober den ganzen Tag vom 9:00 Uhr (erste Fahrt von Lignano) bis 17:40 (letzte Fahrt von Bibione um 17:20 Uhr) 1. November den ganzen Tag vom 9:00 Uhr (erste Fahrt von Lignano) bis 17:40 Uhr (letzte Fahrt von Bibione um 17:20 Uhr) Mit gro\u00dfem Erfolg am Sonntag, 29. Dezember 2019 eingeweiht, wird 2020 die neue Bootspassage von Porto Baseleghe \/ Bibione nach Vallevecchia \/ Caorle aktiv sein. Sie ist f\u00fcr Menschen zu Fu\u00df oder [&hellip;]\" \/>\n<meta property=\"og:url\" content=\"https:\/\/www.hotelgimm.it\/de\/bibione-umgebung\/bibione\/bibione-mit-dem-fahrrad\/\" \/>\n<meta property=\"og:site_name\" content=\"Hotel Gimm\" \/>\n<meta property=\"article:modified_time\" content=\"2020-09-27T12:34:05+00:00\" \/>\n<meta property=\"og:image\" content=\"https:\/\/www.hotelgimm.it\/wp-content\/uploads\/2019\/05\/bici-bibione_49448.jpg\" \/>\n\t<meta property=\"og:image:width\" content=\"1919\" \/>\n\t<meta property=\"og:image:height\" content=\"1080\" \/>\n<meta name=\"twitter:card\" content=\"summary_large_image\" \/>\n<meta name=\"twitter:label1\" content=\"Gesch\u00e4tzte Lesezeit\">\n\t<meta name=\"twitter:data1\" content=\"1 Minute\">\n<script type=\"application\/ld+json\" class=\"yoast-schema-graph\">{\"@context\":\"https:\/\/schema.org\",\"@graph\":[{\"@type\":\"WebSite\",\"@id\":\"https:\/\/www.hotelgimm.it\/#website\",\"url\":\"https:\/\/www.hotelgimm.it\/\",\"name\":\"Hotel Gimm\",\"description\":\"\",\"potentialAction\":[{\"@type\":\"SearchAction\",\"target\":\"https:\/\/www.hotelgimm.it\/?s={search_term_string}\",\"query-input\":\"required name=search_term_string\"}],\"inLanguage\":\"de-DE\"},{\"@type\":\"ImageObject\",\"@id\":\"https:\/\/www.hotelgimm.it\/de\/bibione-umgebung\/bibione\/bibione-mit-dem-fahrrad\/#primaryimage\",\"inLanguage\":\"de-DE\",\"url\":\"https:\/\/www.hotelgimm.it\/wp-content\/uploads\/2019\/05\/bici-bibione_49448.jpg\",\"width\":1919,\"height\":1080},{\"@type\":\"WebPage\",\"@id\":\"https:\/\/www.hotelgimm.it\/de\/bibione-umgebung\/bibione\/bibione-mit-dem-fahrrad\/#webpage\",\"url\":\"https:\/\/www.hotelgimm.it\/de\/bibione-umgebung\/bibione\/bibione-mit-dem-fahrrad\/\",\"name\":\"Bibione mit dem Fahrrad - Hotel Gimm\",\"isPartOf\":{\"@id\":\"https:\/\/www.hotelgimm.it\/#website\"},\"primaryImageOfPage\":{\"@id\":\"https:\/\/www.hotelgimm.it\/de\/bibione-umgebung\/bibione\/bibione-mit-dem-fahrrad\/#primaryimage\"},\"datePublished\":\"2019-02-11T15:55:15+00:00\",\"dateModified\":\"2020-09-27T12:34:05+00:00\",\"breadcrumb\":{\"@id\":\"https:\/\/www.hotelgimm.it\/de\/bibione-umgebung\/bibione\/bibione-mit-dem-fahrrad\/#breadcrumb\"},\"inLanguage\":\"de-DE\",\"potentialAction\":[{\"@type\":\"ReadAction\",\"target\":[\"https:\/\/www.hotelgimm.it\/de\/bibione-umgebung\/bibione\/bibione-mit-dem-fahrrad\/\"]}]},{\"@type\":\"BreadcrumbList\",\"@id\":\"https:\/\/www.hotelgimm.it\/de\/bibione-umgebung\/bibione\/bibione-mit-dem-fahrrad\/#breadcrumb\",\"itemListElement\":[{\"@type\":\"ListItem\",\"position\":1,\"item\":{\"@type\":\"WebPage\",\"@id\":\"https:\/\/www.hotelgimm.it\/de\/\",\"url\":\"https:\/\/www.hotelgimm.it\/de\/\",\"name\":\"Home\"}},{\"@type\":\"ListItem\",\"position\":2,\"item\":{\"@type\":\"WebPage\",\"@id\":\"https:\/\/www.hotelgimm.it\/de\/bibione-umgebung\/\",\"url\":\"https:\/\/www.hotelgimm.it\/de\/bibione-umgebung\/\",\"name\":\"Bibione &#038; Umgebung\"}},{\"@type\":\"ListItem\",\"position\":3,\"item\":{\"@type\":\"WebPage\",\"@id\":\"https:\/\/www.hotelgimm.it\/de\/bibione-umgebung\/bibione\/\",\"url\":\"https:\/\/www.hotelgimm.it\/de\/bibione-umgebung\/bibione\/\",\"name\":\"Bibione\"}},{\"@type\":\"ListItem\",\"position\":4,\"item\":{\"@type\":\"WebPage\",\"@id\":\"https:\/\/www.hotelgimm.it\/de\/bibione-umgebung\/bibione\/bibione-mit-dem-fahrrad\/\",\"url\":\"https:\/\/www.hotelgimm.it\/de\/bibione-umgebung\/bibione\/bibione-mit-dem-fahrrad\/\",\"name\":\"Bibione mit dem Fahrrad\"}}]}]}<\/script>\n<!-- \/ Yoast SEO plugin. -->","_links":{"self":[{"href":"https:\/\/www.hotelgimm.it\/de\/wp-json\/wp\/v2\/pages\/635"}],"collection":[{"href":"https:\/\/www.hotelgimm.it\/de\/wp-json\/wp\/v2\/pages"}],"about":[{"href":"https:\/\/www.hotelgimm.it\/de\/wp-json\/wp\/v2\/types\/page"}],"author":[{"embeddable":true,"href":"https:\/\/www.hotelgimm.it\/de\/wp-json\/wp\/v2\/users\/1"}],"replies":[{"embeddable":true,"href":"https:\/\/www.hotelgimm.it\/de\/wp-json\/wp\/v2\/comments?post=635"}],"version-history":[{"count":6,"href":"https:\/\/www.hotelgimm.it\/de\/wp-json\/wp\/v2\/pages\/635\/revisions"}],"predecessor-version":[{"id":2978,"href":"https:\/\/www.hotelgimm.it\/de\/wp-json\/wp\/v2\/pages\/635\/revisions\/2978"}],"up":[{"embeddable":true,"href":"https:\/\/www.hotelgimm.it\/de\/wp-json\/wp\/v2\/pages\/561"}],"wp:featuredmedia":[{"embeddable":true,"href":"https:\/\/www.hotelgimm.it\/de\/wp-json\/wp\/v2\/media\/1280"}],"wp:attachment":[{"href":"https:\/\/www.hotelgimm.it\/de\/wp-json\/wp\/v2\/media?parent=635"}],"curies":[{"name":"wp","href":"https:\/\/api.w.org\/{rel}","templated":true}]}}