{"id":619,"date":"2019-02-11T16:45:13","date_gmt":"2019-02-11T15:45:13","guid":{"rendered":"https:\/\/www.hotelgimm.it\/?page_id=619"},"modified":"2019-02-11T16:45:16","modified_gmt":"2019-02-11T15:45:16","slug":"konzerte-in-der-naehe","status":"publish","type":"page","link":"https:\/\/www.hotelgimm.it\/de\/news-events\/konzerte-in-der-naehe\/","title":{"rendered":"Konzerte in der N\u00e4he"},"content":{"rendered":"\n<p>Vasco Non Stop Live 019: Die Veranstaltung ist eine der gro\u00dfen Veranstaltungen: Montag, 27. Mai 2019, wird das G. Teghil Municipal Stadium in Lignano Sabbiadoro in der N\u00e4he von Bibione die Vasco Rossi-Tour &#8220;Vasco Non Stop Live 019&#8221; ausrichten.<br>\nAber nicht nur: Im friaulischen Badeort befinden sich die Proben des legend\u00e4ren italienischen K\u00fcnstlers, der am Sonntag, 26. Mai, im Soundcheck f\u00fcr die Mitglieder seines Blasco Fanclubs auftreten wird.<br>\nJova Beach Party 2019: Dies ist der Titel der Jovanotti-Tour an den italienischen Str\u00e4nden, von denen zwei Termine ein paar Schritte von Bibione entfernt stattfinden!<br>\nIn Lignano Sabbiadoro im Bella Italia Village in der Viale Centrale 29 wird Jovanotti auf einer wirklich epischen Tour direkt am Strand auftreten, und an zwei Abenden: Samstag, 6. Juli 2019 und Mittwoch, 28. August 2019.<br>\nThe Offspring in Concert: Die ber\u00fchmte kalifornische Punk-Rockband The Offspring wird in der N\u00e4he von Bibione konzertieren: Am 15. August 2019, dem Tag des Augusts, wird anl\u00e4sslich des Lignano Sunset Festival im Teghil-Stadion in Lignano Sabbiadoro (UD) auftreten. Dies ist der zweite von nur zwei Nachwuchs-Terminen in Italien im n\u00e4chsten Jahr.<\/p>\n","protected":false},"excerpt":{"rendered":"<p>Vasco Non Stop Live 019: Die Veranstaltung ist eine der gro\u00dfen Veranstaltungen: Montag, 27. Mai 2019, wird das G. Teghil Municipal Stadium in Lignano Sabbiadoro in der N\u00e4he von Bibione die Vasco Rossi-Tour &#8220;Vasco Non Stop Live 019&#8221; ausrichten. Aber nicht nur: Im friaulischen Badeort befinden sich die Proben des legend\u00e4ren italienischen K\u00fcnstlers, der am Sonntag, 26. Mai, im Soundcheck f\u00fcr die Mitglieder seines Blasco Fanclubs auftreten wird. Jova Beach Party 2019: Dies ist der Titel der Jovanotti-Tour an den italienischen Str\u00e4nden, von denen zwei Termine ein paar Schritte von Bibione entfernt stattfinden! In Lignano Sabbiadoro im Bella Italia Village in der Viale Centrale 29 wird Jovanotti auf einer wirklich epischen Tour direkt am Strand auftreten, und an zwei Abenden: Samstag, 6. Juli 2019 und Mittwoch, 28. August 2019. The Offspring in Concert: Die ber\u00fchmte kalifornische Punk-Rockband The Offspring wird in der N\u00e4he von Bibione konzertieren: Am 15. August 2019, dem Tag des Augusts, wird anl\u00e4sslich des Lignano Sunset Festival im Teghil-Stadion in Lignano Sabbiadoro (UD) auftreten. Dies ist der zweite von nur zwei Nachwuchs-Terminen in Italien im n\u00e4chsten Jahr.<\/p>\n","protected":false},"author":1,"featured_media":1429,"parent":600,"menu_order":8,"comment_status":"closed","ping_status":"closed","template":"page-ROOM_DETAIL.php","meta":[],"yoast_head":"<!-- This site is optimized with the Yoast SEO plugin v15.7 - https:\/\/yoast.com\/wordpress\/plugins\/seo\/ -->\n<title>Konzerte in der N\u00e4he - Hotel Gimm<\/title>\n<meta name=\"robots\" content=\"index, follow, max-snippet:-1, max-image-preview:large, max-video-preview:-1\" \/>\n<link rel=\"canonical\" href=\"https:\/\/www.hotelgimm.it\/de\/news-events\/konzerte-in-der-naehe\/\" \/>\n<meta property=\"og:locale\" content=\"de_DE\" \/>\n<meta property=\"og:type\" content=\"article\" \/>\n<meta property=\"og:title\" content=\"Konzerte in der N\u00e4he - Hotel Gimm\" \/>\n<meta property=\"og:description\" content=\"Vasco Non Stop Live 019: Die Veranstaltung ist eine der gro\u00dfen Veranstaltungen: Montag, 27. Mai 2019, wird das G. Teghil Municipal Stadium in Lignano Sabbiadoro in der N\u00e4he von Bibione die Vasco Rossi-Tour &#8220;Vasco Non Stop Live 019&#8221; ausrichten. Aber nicht nur: Im friaulischen Badeort befinden sich die Proben des legend\u00e4ren italienischen K\u00fcnstlers, der am Sonntag, 26. Mai, im Soundcheck f\u00fcr die Mitglieder seines Blasco Fanclubs auftreten wird. Jova Beach Party 2019: Dies ist der Titel der Jovanotti-Tour an den italienischen Str\u00e4nden, von denen zwei Termine ein paar Schritte von Bibione entfernt stattfinden! In Lignano Sabbiadoro im Bella Italia Village in der Viale Centrale 29 wird Jovanotti auf einer wirklich epischen Tour direkt am Strand auftreten, und an zwei Abenden: Samstag, 6. Juli 2019 und Mittwoch, 28. August 2019. The Offspring in Concert: Die ber\u00fchmte kalifornische Punk-Rockband The Offspring wird in der N\u00e4he von Bibione konzertieren: Am 15. August 2019, dem Tag des Augusts, wird anl\u00e4sslich des Lignano Sunset Festival im Teghil-Stadion in Lignano Sabbiadoro (UD) auftreten. Dies ist der zweite von nur zwei Nachwuchs-Terminen in Italien im n\u00e4chsten Jahr.\" \/>\n<meta property=\"og:url\" content=\"https:\/\/www.hotelgimm.it\/de\/news-events\/konzerte-in-der-naehe\/\" \/>\n<meta property=\"og:site_name\" content=\"Hotel Gimm\" \/>\n<meta property=\"article:modified_time\" content=\"2019-02-11T15:45:16+00:00\" \/>\n<meta property=\"og:image\" content=\"https:\/\/www.hotelgimm.it\/wp-content\/uploads\/2019\/05\/concerti_2017.jpg\" \/>\n\t<meta property=\"og:image:width\" content=\"660\" \/>\n\t<meta property=\"og:image:height\" content=\"330\" \/>\n<meta name=\"twitter:card\" content=\"summary_large_image\" \/>\n<meta name=\"twitter:label1\" content=\"Gesch\u00e4tzte Lesezeit\">\n\t<meta name=\"twitter:data1\" content=\"1 Minute\">\n<script type=\"application\/ld+json\" class=\"yoast-schema-graph\">{\"@context\":\"https:\/\/schema.org\",\"@graph\":[{\"@type\":\"WebSite\",\"@id\":\"https:\/\/www.hotelgimm.it\/#website\",\"url\":\"https:\/\/www.hotelgimm.it\/\",\"name\":\"Hotel Gimm\",\"description\":\"\",\"potentialAction\":[{\"@type\":\"SearchAction\",\"target\":\"https:\/\/www.hotelgimm.it\/?s={search_term_string}\",\"query-input\":\"required name=search_term_string\"}],\"inLanguage\":\"de-DE\"},{\"@type\":\"ImageObject\",\"@id\":\"https:\/\/www.hotelgimm.it\/de\/news-events\/konzerte-in-der-naehe\/#primaryimage\",\"inLanguage\":\"de-DE\",\"url\":\"https:\/\/www.hotelgimm.it\/wp-content\/uploads\/2019\/05\/concerti_2017.jpg\",\"width\":660,\"height\":330},{\"@type\":\"WebPage\",\"@id\":\"https:\/\/www.hotelgimm.it\/de\/news-events\/konzerte-in-der-naehe\/#webpage\",\"url\":\"https:\/\/www.hotelgimm.it\/de\/news-events\/konzerte-in-der-naehe\/\",\"name\":\"Konzerte in der N\\u00e4he - Hotel Gimm\",\"isPartOf\":{\"@id\":\"https:\/\/www.hotelgimm.it\/#website\"},\"primaryImageOfPage\":{\"@id\":\"https:\/\/www.hotelgimm.it\/de\/news-events\/konzerte-in-der-naehe\/#primaryimage\"},\"datePublished\":\"2019-02-11T15:45:13+00:00\",\"dateModified\":\"2019-02-11T15:45:16+00:00\",\"breadcrumb\":{\"@id\":\"https:\/\/www.hotelgimm.it\/de\/news-events\/konzerte-in-der-naehe\/#breadcrumb\"},\"inLanguage\":\"de-DE\",\"potentialAction\":[{\"@type\":\"ReadAction\",\"target\":[\"https:\/\/www.hotelgimm.it\/de\/news-events\/konzerte-in-der-naehe\/\"]}]},{\"@type\":\"BreadcrumbList\",\"@id\":\"https:\/\/www.hotelgimm.it\/de\/news-events\/konzerte-in-der-naehe\/#breadcrumb\",\"itemListElement\":[{\"@type\":\"ListItem\",\"position\":1,\"item\":{\"@type\":\"WebPage\",\"@id\":\"https:\/\/www.hotelgimm.it\/de\/\",\"url\":\"https:\/\/www.hotelgimm.it\/de\/\",\"name\":\"Home\"}},{\"@type\":\"ListItem\",\"position\":2,\"item\":{\"@type\":\"WebPage\",\"@id\":\"https:\/\/www.hotelgimm.it\/de\/news-events\/\",\"url\":\"https:\/\/www.hotelgimm.it\/de\/news-events\/\",\"name\":\"News &#038; Events\"}},{\"@type\":\"ListItem\",\"position\":3,\"item\":{\"@type\":\"WebPage\",\"@id\":\"https:\/\/www.hotelgimm.it\/de\/news-events\/konzerte-in-der-naehe\/\",\"url\":\"https:\/\/www.hotelgimm.it\/de\/news-events\/konzerte-in-der-naehe\/\",\"name\":\"Konzerte in der N\\u00e4he\"}}]}]}<\/script>\n<!-- \/ Yoast SEO plugin. -->","_links":{"self":[{"href":"https:\/\/www.hotelgimm.it\/de\/wp-json\/wp\/v2\/pages\/619"}],"collection":[{"href":"https:\/\/www.hotelgimm.it\/de\/wp-json\/wp\/v2\/pages"}],"about":[{"href":"https:\/\/www.hotelgimm.it\/de\/wp-json\/wp\/v2\/types\/page"}],"author":[{"embeddable":true,"href":"https:\/\/www.hotelgimm.it\/de\/wp-json\/wp\/v2\/users\/1"}],"replies":[{"embeddable":true,"href":"https:\/\/www.hotelgimm.it\/de\/wp-json\/wp\/v2\/comments?post=619"}],"version-history":[{"count":1,"href":"https:\/\/www.hotelgimm.it\/de\/wp-json\/wp\/v2\/pages\/619\/revisions"}],"predecessor-version":[{"id":620,"href":"https:\/\/www.hotelgimm.it\/de\/wp-json\/wp\/v2\/pages\/619\/revisions\/620"}],"up":[{"embeddable":true,"href":"https:\/\/www.hotelgimm.it\/de\/wp-json\/wp\/v2\/pages\/600"}],"wp:featuredmedia":[{"embeddable":true,"href":"https:\/\/www.hotelgimm.it\/de\/wp-json\/wp\/v2\/media\/1429"}],"wp:attachment":[{"href":"https:\/\/www.hotelgimm.it\/de\/wp-json\/wp\/v2\/media?parent=619"}],"curies":[{"name":"wp","href":"https:\/\/api.w.org\/{rel}","templated":true}]}}