{"id":617,"date":"2019-02-11T16:44:25","date_gmt":"2019-02-11T15:44:25","guid":{"rendered":"https:\/\/www.hotelgimm.it\/?page_id=617"},"modified":"2019-02-11T16:44:28","modified_gmt":"2019-02-11T15:44:28","slug":"bibione-beach-fitness","status":"publish","type":"page","link":"https:\/\/www.hotelgimm.it\/de\/news-events\/bibione-beach-fitness\/","title":{"rendered":"Bibione Beach Fitness"},"content":{"rendered":"\n<p>Das MUST-BE-THERE Treffen f\u00fcr Fitnessliebhaber ist vom 20 bis 22 September 2019 in Bibione, in einem Open-Air-Fitnessstudio am Meer!<\/p>\n\n\n\n<p>Die gr\u00f6\u00dfte italienische Fitness-Convention, in der sich H\u00e4nde und F\u00fc\u00dfe in den Rhythmus der gleichen Musik bewegen, mit dem Meer als Hintergrund und die Sonne auf sich: Zumba, Raggaeton, Country, Funk, Samba, Pilates, Power Yoga, Antigravitation, Pound-Workout, Schwimmbad-Aktivit\u00e4ten, Walkexercise, Group-Cycling, Street-Workout. Und, ab 2018, Bibione Latin Beach: zwei gewidmete Plattformen f\u00fcr die Stagen von karaibischen Tanzen, mit tollen Charakteren wie Maykel Fonts, direkt aus \u201eBallando con le Stelle\u201c und anderen ber\u00fchmten Meistern f\u00fcr kubanisch und Inline Salsa Unterrichte, Bachata Sensual und Fusion, Reggaeton, Rumba, Afro und vieles mehr.<\/p>\n","protected":false},"excerpt":{"rendered":"<p>Das MUST-BE-THERE Treffen f\u00fcr Fitnessliebhaber ist vom 20 bis 22 September 2019 in Bibione, in einem Open-Air-Fitnessstudio am Meer! Die gr\u00f6\u00dfte italienische Fitness-Convention, in der sich H\u00e4nde und F\u00fc\u00dfe in den Rhythmus der gleichen Musik bewegen, mit dem Meer als Hintergrund und die Sonne auf sich: Zumba, Raggaeton, Country, Funk, Samba, Pilates, Power Yoga, Antigravitation, Pound-Workout, Schwimmbad-Aktivit\u00e4ten, Walkexercise, Group-Cycling, Street-Workout. Und, ab 2018, Bibione Latin Beach: zwei gewidmete Plattformen f\u00fcr die Stagen von karaibischen Tanzen, mit tollen Charakteren wie Maykel Fonts, direkt aus \u201eBallando con le Stelle\u201c und anderen ber\u00fchmten Meistern f\u00fcr kubanisch und Inline Salsa Unterrichte, Bachata Sensual und Fusion, Reggaeton, Rumba, Afro und vieles mehr.<\/p>\n","protected":false},"author":1,"featured_media":1318,"parent":600,"menu_order":7,"comment_status":"closed","ping_status":"closed","template":"page-ROOM_DETAIL.php","meta":[],"yoast_head":"<!-- This site is optimized with the Yoast SEO plugin v15.7 - https:\/\/yoast.com\/wordpress\/plugins\/seo\/ -->\n<title>Bibione Beach Fitness - Hotel Gimm<\/title>\n<meta name=\"robots\" content=\"index, follow, max-snippet:-1, max-image-preview:large, max-video-preview:-1\" \/>\n<link rel=\"canonical\" href=\"https:\/\/www.hotelgimm.it\/de\/news-events\/bibione-beach-fitness\/\" \/>\n<meta property=\"og:locale\" content=\"de_DE\" \/>\n<meta property=\"og:type\" content=\"article\" \/>\n<meta property=\"og:title\" content=\"Bibione Beach Fitness - Hotel Gimm\" \/>\n<meta property=\"og:description\" content=\"Das MUST-BE-THERE Treffen f\u00fcr Fitnessliebhaber ist vom 20 bis 22 September 2019 in Bibione, in einem Open-Air-Fitnessstudio am Meer! Die gr\u00f6\u00dfte italienische Fitness-Convention, in der sich H\u00e4nde und F\u00fc\u00dfe in den Rhythmus der gleichen Musik bewegen, mit dem Meer als Hintergrund und die Sonne auf sich: Zumba, Raggaeton, Country, Funk, Samba, Pilates, Power Yoga, Antigravitation, Pound-Workout, Schwimmbad-Aktivit\u00e4ten, Walkexercise, Group-Cycling, Street-Workout. Und, ab 2018, Bibione Latin Beach: zwei gewidmete Plattformen f\u00fcr die Stagen von karaibischen Tanzen, mit tollen Charakteren wie Maykel Fonts, direkt aus \u201eBallando con le Stelle\u201c und anderen ber\u00fchmten Meistern f\u00fcr kubanisch und Inline Salsa Unterrichte, Bachata Sensual und Fusion, Reggaeton, Rumba, Afro und vieles mehr.\" \/>\n<meta property=\"og:url\" content=\"https:\/\/www.hotelgimm.it\/de\/news-events\/bibione-beach-fitness\/\" \/>\n<meta property=\"og:site_name\" content=\"Hotel Gimm\" \/>\n<meta property=\"article:modified_time\" content=\"2019-02-11T15:44:28+00:00\" \/>\n<meta property=\"og:image\" content=\"https:\/\/www.hotelgimm.it\/wp-content\/uploads\/2019\/05\/bibionebeachfitness-19.jpg\" \/>\n\t<meta property=\"og:image:width\" content=\"1190\" \/>\n\t<meta property=\"og:image:height\" content=\"598\" \/>\n<meta name=\"twitter:card\" content=\"summary_large_image\" \/>\n<meta name=\"twitter:label1\" content=\"Gesch\u00e4tzte Lesezeit\">\n\t<meta name=\"twitter:data1\" content=\"1 Minute\">\n<script type=\"application\/ld+json\" class=\"yoast-schema-graph\">{\"@context\":\"https:\/\/schema.org\",\"@graph\":[{\"@type\":\"WebSite\",\"@id\":\"https:\/\/www.hotelgimm.it\/#website\",\"url\":\"https:\/\/www.hotelgimm.it\/\",\"name\":\"Hotel Gimm\",\"description\":\"\",\"potentialAction\":[{\"@type\":\"SearchAction\",\"target\":\"https:\/\/www.hotelgimm.it\/?s={search_term_string}\",\"query-input\":\"required name=search_term_string\"}],\"inLanguage\":\"de-DE\"},{\"@type\":\"ImageObject\",\"@id\":\"https:\/\/www.hotelgimm.it\/de\/news-events\/bibione-beach-fitness\/#primaryimage\",\"inLanguage\":\"de-DE\",\"url\":\"https:\/\/www.hotelgimm.it\/wp-content\/uploads\/2019\/05\/bibionebeachfitness-19.jpg\",\"width\":1190,\"height\":598},{\"@type\":\"WebPage\",\"@id\":\"https:\/\/www.hotelgimm.it\/de\/news-events\/bibione-beach-fitness\/#webpage\",\"url\":\"https:\/\/www.hotelgimm.it\/de\/news-events\/bibione-beach-fitness\/\",\"name\":\"Bibione Beach Fitness - Hotel Gimm\",\"isPartOf\":{\"@id\":\"https:\/\/www.hotelgimm.it\/#website\"},\"primaryImageOfPage\":{\"@id\":\"https:\/\/www.hotelgimm.it\/de\/news-events\/bibione-beach-fitness\/#primaryimage\"},\"datePublished\":\"2019-02-11T15:44:25+00:00\",\"dateModified\":\"2019-02-11T15:44:28+00:00\",\"breadcrumb\":{\"@id\":\"https:\/\/www.hotelgimm.it\/de\/news-events\/bibione-beach-fitness\/#breadcrumb\"},\"inLanguage\":\"de-DE\",\"potentialAction\":[{\"@type\":\"ReadAction\",\"target\":[\"https:\/\/www.hotelgimm.it\/de\/news-events\/bibione-beach-fitness\/\"]}]},{\"@type\":\"BreadcrumbList\",\"@id\":\"https:\/\/www.hotelgimm.it\/de\/news-events\/bibione-beach-fitness\/#breadcrumb\",\"itemListElement\":[{\"@type\":\"ListItem\",\"position\":1,\"item\":{\"@type\":\"WebPage\",\"@id\":\"https:\/\/www.hotelgimm.it\/de\/\",\"url\":\"https:\/\/www.hotelgimm.it\/de\/\",\"name\":\"Home\"}},{\"@type\":\"ListItem\",\"position\":2,\"item\":{\"@type\":\"WebPage\",\"@id\":\"https:\/\/www.hotelgimm.it\/de\/news-events\/\",\"url\":\"https:\/\/www.hotelgimm.it\/de\/news-events\/\",\"name\":\"News &#038; Events\"}},{\"@type\":\"ListItem\",\"position\":3,\"item\":{\"@type\":\"WebPage\",\"@id\":\"https:\/\/www.hotelgimm.it\/de\/news-events\/bibione-beach-fitness\/\",\"url\":\"https:\/\/www.hotelgimm.it\/de\/news-events\/bibione-beach-fitness\/\",\"name\":\"Bibione Beach Fitness\"}}]}]}<\/script>\n<!-- \/ Yoast SEO plugin. -->","_links":{"self":[{"href":"https:\/\/www.hotelgimm.it\/de\/wp-json\/wp\/v2\/pages\/617"}],"collection":[{"href":"https:\/\/www.hotelgimm.it\/de\/wp-json\/wp\/v2\/pages"}],"about":[{"href":"https:\/\/www.hotelgimm.it\/de\/wp-json\/wp\/v2\/types\/page"}],"author":[{"embeddable":true,"href":"https:\/\/www.hotelgimm.it\/de\/wp-json\/wp\/v2\/users\/1"}],"replies":[{"embeddable":true,"href":"https:\/\/www.hotelgimm.it\/de\/wp-json\/wp\/v2\/comments?post=617"}],"version-history":[{"count":1,"href":"https:\/\/www.hotelgimm.it\/de\/wp-json\/wp\/v2\/pages\/617\/revisions"}],"predecessor-version":[{"id":618,"href":"https:\/\/www.hotelgimm.it\/de\/wp-json\/wp\/v2\/pages\/617\/revisions\/618"}],"up":[{"embeddable":true,"href":"https:\/\/www.hotelgimm.it\/de\/wp-json\/wp\/v2\/pages\/600"}],"wp:featuredmedia":[{"embeddable":true,"href":"https:\/\/www.hotelgimm.it\/de\/wp-json\/wp\/v2\/media\/1318"}],"wp:attachment":[{"href":"https:\/\/www.hotelgimm.it\/de\/wp-json\/wp\/v2\/media?parent=617"}],"curies":[{"name":"wp","href":"https:\/\/api.w.org\/{rel}","templated":true}]}}