{"id":613,"date":"2019-02-11T16:42:56","date_gmt":"2019-02-11T15:42:56","guid":{"rendered":"https:\/\/www.hotelgimm.it\/?page_id=613"},"modified":"2019-02-11T16:42:58","modified_gmt":"2019-02-11T15:42:58","slug":"festival-show","status":"publish","type":"page","link":"https:\/\/www.hotelgimm.it\/de\/news-events\/festival-show\/","title":{"rendered":"Festival Show"},"content":{"rendered":"\n<p>Auch in diesem Jahr kehrt das beliebteste Ereignis des Sommers nach Bibione zur\u00fcck: das? August auf der Piazzale Zenith wird wieder Festival Show! Pr\u00e4sentiert in diesem Jahr von? und?, die von Radio Birikina, Radio Bellla und Monella organisierte Show wird dem venezianischen Badeort erneut die besten Namen des italienischen Pop bringen und den Wettbewerb zwischen den Anf\u00e4ngern, die sich zu Stars der Popmusik entwickeln wollen. All dies nach der bew\u00e4hrten Formel der Veranstaltung: ein Abend, der nur die wichtigsten Pl\u00e4tze des Nordostens nach Gr\u00f6\u00dfe, Geschichte, k\u00fcnstlerischer oder touristischer Erleichterung ber\u00fchrt; das bringt Spa\u00df, Farbe und Musik; was bei jedem Termin Tausende von Menschen anzieht, alles absolut kostenlos. Eine Gelegenheit, ihre Lieblingsk\u00fcnstler auf der B\u00fchne zu sehen, von 21 bis sp\u00e4t in die Nacht zu singen und zu springen; Und f\u00fcr diejenigen, die den Abend nicht ausklingen lassen m\u00f6chten, ist Bibione bereit, Sie alle zu begr\u00fc\u00dfen: Buchen Sie Ihren Aufenthalt hier und machen Sie einen Stopp an einem der beliebtesten Orte an der Adriak\u00fcste. Nach der Musik die Nacht; und dann die Sonne, das Meer und noch mehr Spa\u00df. Wir erwarten Sie in Bibione!<\/p>\n","protected":false},"excerpt":{"rendered":"<p>Auch in diesem Jahr kehrt das beliebteste Ereignis des Sommers nach Bibione zur\u00fcck: das? August auf der Piazzale Zenith wird wieder Festival Show! Pr\u00e4sentiert in diesem Jahr von? und?, die von Radio Birikina, Radio Bellla und Monella organisierte Show wird dem venezianischen Badeort erneut die besten Namen des italienischen Pop bringen und den Wettbewerb zwischen den Anf\u00e4ngern, die sich zu Stars der Popmusik entwickeln wollen. All dies nach der bew\u00e4hrten Formel der Veranstaltung: ein Abend, der nur die wichtigsten Pl\u00e4tze des Nordostens nach Gr\u00f6\u00dfe, Geschichte, k\u00fcnstlerischer oder touristischer Erleichterung ber\u00fchrt; das bringt Spa\u00df, Farbe und Musik; was bei jedem Termin Tausende von Menschen anzieht, alles absolut kostenlos. Eine Gelegenheit, ihre Lieblingsk\u00fcnstler auf der B\u00fchne zu sehen, von 21 bis sp\u00e4t in die Nacht zu singen und zu springen; Und f\u00fcr diejenigen, die den Abend nicht ausklingen lassen m\u00f6chten, ist Bibione bereit, Sie alle zu begr\u00fc\u00dfen: Buchen Sie Ihren Aufenthalt hier und machen Sie einen Stopp an einem der beliebtesten Orte an der Adriak\u00fcste. Nach der Musik die Nacht; und dann die Sonne, das Meer und noch mehr Spa\u00df. Wir erwarten Sie in Bibione!<\/p>\n","protected":false},"author":1,"featured_media":894,"parent":600,"menu_order":5,"comment_status":"closed","ping_status":"closed","template":"page-ROOM_DETAIL.php","meta":[],"yoast_head":"<!-- This site is optimized with the Yoast SEO plugin v15.7 - https:\/\/yoast.com\/wordpress\/plugins\/seo\/ -->\n<title>Festival Show - Hotel Gimm<\/title>\n<meta name=\"robots\" content=\"index, follow, max-snippet:-1, max-image-preview:large, max-video-preview:-1\" \/>\n<link rel=\"canonical\" href=\"https:\/\/www.hotelgimm.it\/de\/news-events\/festival-show\/\" \/>\n<meta property=\"og:locale\" content=\"de_DE\" \/>\n<meta property=\"og:type\" content=\"article\" \/>\n<meta property=\"og:title\" content=\"Festival Show - Hotel Gimm\" \/>\n<meta property=\"og:description\" content=\"Auch in diesem Jahr kehrt das beliebteste Ereignis des Sommers nach Bibione zur\u00fcck: das? August auf der Piazzale Zenith wird wieder Festival Show! Pr\u00e4sentiert in diesem Jahr von? und?, die von Radio Birikina, Radio Bellla und Monella organisierte Show wird dem venezianischen Badeort erneut die besten Namen des italienischen Pop bringen und den Wettbewerb zwischen den Anf\u00e4ngern, die sich zu Stars der Popmusik entwickeln wollen. All dies nach der bew\u00e4hrten Formel der Veranstaltung: ein Abend, der nur die wichtigsten Pl\u00e4tze des Nordostens nach Gr\u00f6\u00dfe, Geschichte, k\u00fcnstlerischer oder touristischer Erleichterung ber\u00fchrt; das bringt Spa\u00df, Farbe und Musik; was bei jedem Termin Tausende von Menschen anzieht, alles absolut kostenlos. Eine Gelegenheit, ihre Lieblingsk\u00fcnstler auf der B\u00fchne zu sehen, von 21 bis sp\u00e4t in die Nacht zu singen und zu springen; Und f\u00fcr diejenigen, die den Abend nicht ausklingen lassen m\u00f6chten, ist Bibione bereit, Sie alle zu begr\u00fc\u00dfen: Buchen Sie Ihren Aufenthalt hier und machen Sie einen Stopp an einem der beliebtesten Orte an der Adriak\u00fcste. Nach der Musik die Nacht; und dann die Sonne, das Meer und noch mehr Spa\u00df. Wir erwarten Sie in Bibione!\" \/>\n<meta property=\"og:url\" content=\"https:\/\/www.hotelgimm.it\/de\/news-events\/festival-show\/\" \/>\n<meta property=\"og:site_name\" content=\"Hotel Gimm\" \/>\n<meta property=\"article:modified_time\" content=\"2019-02-11T15:42:58+00:00\" \/>\n<meta property=\"og:image\" content=\"https:\/\/www.hotelgimm.it\/wp-content\/uploads\/2019\/05\/Festival-show-2019.jpg\" \/>\n\t<meta property=\"og:image:width\" content=\"600\" \/>\n\t<meta property=\"og:image:height\" content=\"315\" \/>\n<meta name=\"twitter:card\" content=\"summary_large_image\" \/>\n<meta name=\"twitter:label1\" content=\"Gesch\u00e4tzte Lesezeit\">\n\t<meta name=\"twitter:data1\" content=\"1 Minute\">\n<script type=\"application\/ld+json\" class=\"yoast-schema-graph\">{\"@context\":\"https:\/\/schema.org\",\"@graph\":[{\"@type\":\"WebSite\",\"@id\":\"https:\/\/www.hotelgimm.it\/#website\",\"url\":\"https:\/\/www.hotelgimm.it\/\",\"name\":\"Hotel Gimm\",\"description\":\"\",\"potentialAction\":[{\"@type\":\"SearchAction\",\"target\":\"https:\/\/www.hotelgimm.it\/?s={search_term_string}\",\"query-input\":\"required name=search_term_string\"}],\"inLanguage\":\"de-DE\"},{\"@type\":\"ImageObject\",\"@id\":\"https:\/\/www.hotelgimm.it\/de\/news-events\/festival-show\/#primaryimage\",\"inLanguage\":\"de-DE\",\"url\":\"https:\/\/www.hotelgimm.it\/wp-content\/uploads\/2019\/05\/Festival-show-2019.jpg\",\"width\":600,\"height\":315},{\"@type\":\"WebPage\",\"@id\":\"https:\/\/www.hotelgimm.it\/de\/news-events\/festival-show\/#webpage\",\"url\":\"https:\/\/www.hotelgimm.it\/de\/news-events\/festival-show\/\",\"name\":\"Festival Show - Hotel Gimm\",\"isPartOf\":{\"@id\":\"https:\/\/www.hotelgimm.it\/#website\"},\"primaryImageOfPage\":{\"@id\":\"https:\/\/www.hotelgimm.it\/de\/news-events\/festival-show\/#primaryimage\"},\"datePublished\":\"2019-02-11T15:42:56+00:00\",\"dateModified\":\"2019-02-11T15:42:58+00:00\",\"breadcrumb\":{\"@id\":\"https:\/\/www.hotelgimm.it\/de\/news-events\/festival-show\/#breadcrumb\"},\"inLanguage\":\"de-DE\",\"potentialAction\":[{\"@type\":\"ReadAction\",\"target\":[\"https:\/\/www.hotelgimm.it\/de\/news-events\/festival-show\/\"]}]},{\"@type\":\"BreadcrumbList\",\"@id\":\"https:\/\/www.hotelgimm.it\/de\/news-events\/festival-show\/#breadcrumb\",\"itemListElement\":[{\"@type\":\"ListItem\",\"position\":1,\"item\":{\"@type\":\"WebPage\",\"@id\":\"https:\/\/www.hotelgimm.it\/de\/\",\"url\":\"https:\/\/www.hotelgimm.it\/de\/\",\"name\":\"Home\"}},{\"@type\":\"ListItem\",\"position\":2,\"item\":{\"@type\":\"WebPage\",\"@id\":\"https:\/\/www.hotelgimm.it\/de\/news-events\/\",\"url\":\"https:\/\/www.hotelgimm.it\/de\/news-events\/\",\"name\":\"News &#038; Events\"}},{\"@type\":\"ListItem\",\"position\":3,\"item\":{\"@type\":\"WebPage\",\"@id\":\"https:\/\/www.hotelgimm.it\/de\/news-events\/festival-show\/\",\"url\":\"https:\/\/www.hotelgimm.it\/de\/news-events\/festival-show\/\",\"name\":\"Festival Show\"}}]}]}<\/script>\n<!-- \/ Yoast SEO plugin. -->","_links":{"self":[{"href":"https:\/\/www.hotelgimm.it\/de\/wp-json\/wp\/v2\/pages\/613"}],"collection":[{"href":"https:\/\/www.hotelgimm.it\/de\/wp-json\/wp\/v2\/pages"}],"about":[{"href":"https:\/\/www.hotelgimm.it\/de\/wp-json\/wp\/v2\/types\/page"}],"author":[{"embeddable":true,"href":"https:\/\/www.hotelgimm.it\/de\/wp-json\/wp\/v2\/users\/1"}],"replies":[{"embeddable":true,"href":"https:\/\/www.hotelgimm.it\/de\/wp-json\/wp\/v2\/comments?post=613"}],"version-history":[{"count":1,"href":"https:\/\/www.hotelgimm.it\/de\/wp-json\/wp\/v2\/pages\/613\/revisions"}],"predecessor-version":[{"id":614,"href":"https:\/\/www.hotelgimm.it\/de\/wp-json\/wp\/v2\/pages\/613\/revisions\/614"}],"up":[{"embeddable":true,"href":"https:\/\/www.hotelgimm.it\/de\/wp-json\/wp\/v2\/pages\/600"}],"wp:featuredmedia":[{"embeddable":true,"href":"https:\/\/www.hotelgimm.it\/de\/wp-json\/wp\/v2\/media\/894"}],"wp:attachment":[{"href":"https:\/\/www.hotelgimm.it\/de\/wp-json\/wp\/v2\/media?parent=613"}],"curies":[{"name":"wp","href":"https:\/\/api.w.org\/{rel}","templated":true}]}}