{"id":611,"date":"2019-02-11T16:42:02","date_gmt":"2019-02-11T15:42:02","guid":{"rendered":"https:\/\/www.hotelgimm.it\/?page_id=611"},"modified":"2019-02-11T16:42:05","modified_gmt":"2019-02-11T15:42:05","slug":"mizuno-beach-volley-marathon","status":"publish","type":"page","link":"https:\/\/www.hotelgimm.it\/de\/news-events\/mizuno-beach-volley-marathon\/","title":{"rendered":"Mizuno Beach Volley Marathon"},"content":{"rendered":"\n<p>250 Spielpl\u00e4tze f\u00fcr 2.500 teilnehmende Teams, f\u00fcr insgesamt mehr als 10.000 Athleten und ein Publikum von mehr als 20.000 Personen: hier sind einige Statistiken \u00fcber den Mizuno Beach Volley Marathon\u00ae, das weltweit bekannteste Open-Event von Beach Volley, das man am Strand von Bibione in den zwei \u00fcblichen Terminen spielen wird:<\/p>\n\n\n\n<p>vom 24 bis 26 Mai<br>\nvom 20 bis 22 September<br>\nDas Turnier begr\u00fc\u00dft jedes Jahr, im Mai und September, Tausende von Beachvolleyball-Enthusiasten aller Altersgruppen und Niveaus des Spiels, in den wichtigsten Sporttreffen auf internationaler Ebene, wo die Leidenschaftlichen \u00fcber die Spezialit\u00e4t mit professionellen Athleten aus eingepr\u00e4gtem K\u00f6rperbau vermischen. Die Amerikanische Website www.flovolleyball.tv hat ihn  unter den 17 Beachvolleyball-Turnieren aufgenommen, die man in der Welt nicht verpassen sollte, wie die immer wichtigere Beteiligung junger Menschen aus ganz Europa, Russland, Amerika, Asien, Australien, China und Japan zeigt.<\/p>\n\n\n\n<p>W\u00e4hrend des Tages In den Feldern, die in der breiten Strecke des Strandes vor dem SPA-Komplex der venezianischen Str\u00e4nde vorbereitet sind, kann man Spr\u00fcnge, Tauchen und Schmetterballe probieren. Zwischen einem Spiel und dem anderen kann man auch die verschiedenen Messehallen besuchen, die Bereiche f\u00fcr den Genuss von sportlichen und musikalischen Aktivit\u00e4ten, die ausgestattete R\u00e4ume f\u00fcr den Presseraum und die M\u00f6bel-TV. Und dann, bei Sonnenuntergang, die Spritz Party: die gr\u00f6\u00dfte Party am Strand mit \u00fcber 20.000 Leute und den Special Guest Star direkt von Radio Deejay.<\/p>\n\n\n\n<p>Aber der Spa\u00df endet nicht hier: Die Nacht und die Party in den verschiedenen Clubs und Diskos von Bibione gehen weiter, die die Tausende von Fans und Touristen bis zum Morgengrauen unterhalten.<\/p>\n","protected":false},"excerpt":{"rendered":"<p>250 Spielpl\u00e4tze f\u00fcr 2.500 teilnehmende Teams, f\u00fcr insgesamt mehr als 10.000 Athleten und ein Publikum von mehr als 20.000 Personen: hier sind einige Statistiken \u00fcber den Mizuno Beach Volley Marathon\u00ae, das weltweit bekannteste Open-Event von Beach Volley, das man am Strand von Bibione in den zwei \u00fcblichen Terminen spielen wird: vom 24 bis 26 Mai vom 20 bis 22 September Das Turnier begr\u00fc\u00dft jedes Jahr, im Mai und September, Tausende von Beachvolleyball-Enthusiasten aller Altersgruppen und Niveaus des Spiels, in den wichtigsten Sporttreffen auf internationaler Ebene, wo die Leidenschaftlichen \u00fcber die Spezialit\u00e4t mit professionellen Athleten aus eingepr\u00e4gtem K\u00f6rperbau vermischen. Die Amerikanische Website www.flovolleyball.tv hat ihn unter den 17 Beachvolleyball-Turnieren aufgenommen, die man in der Welt nicht verpassen sollte, wie die immer wichtigere Beteiligung junger Menschen aus ganz Europa, Russland, Amerika, Asien, Australien, China und Japan zeigt. W\u00e4hrend des Tages In den Feldern, die in der breiten Strecke des Strandes vor dem SPA-Komplex der venezianischen Str\u00e4nde vorbereitet sind, kann man Spr\u00fcnge, Tauchen und Schmetterballe probieren. Zwischen einem Spiel und dem anderen kann man auch die verschiedenen Messehallen besuchen, die Bereiche f\u00fcr den Genuss von sportlichen und musikalischen Aktivit\u00e4ten, die ausgestattete R\u00e4ume f\u00fcr den Presseraum und die M\u00f6bel-TV. Und dann, bei Sonnenuntergang, die [&hellip;]<\/p>\n","protected":false},"author":1,"featured_media":1324,"parent":600,"menu_order":4,"comment_status":"closed","ping_status":"closed","template":"page-ROOM_DETAIL.php","meta":[],"yoast_head":"<!-- This site is optimized with the Yoast SEO plugin v15.7 - https:\/\/yoast.com\/wordpress\/plugins\/seo\/ -->\n<title>Mizuno Beach Volley Marathon - Hotel Gimm<\/title>\n<meta name=\"robots\" content=\"index, follow, max-snippet:-1, max-image-preview:large, max-video-preview:-1\" \/>\n<link rel=\"canonical\" href=\"https:\/\/www.hotelgimm.it\/de\/news-events\/mizuno-beach-volley-marathon\/\" \/>\n<meta property=\"og:locale\" content=\"de_DE\" \/>\n<meta property=\"og:type\" content=\"article\" \/>\n<meta property=\"og:title\" content=\"Mizuno Beach Volley Marathon - Hotel Gimm\" \/>\n<meta property=\"og:description\" content=\"250 Spielpl\u00e4tze f\u00fcr 2.500 teilnehmende Teams, f\u00fcr insgesamt mehr als 10.000 Athleten und ein Publikum von mehr als 20.000 Personen: hier sind einige Statistiken \u00fcber den Mizuno Beach Volley Marathon\u00ae, das weltweit bekannteste Open-Event von Beach Volley, das man am Strand von Bibione in den zwei \u00fcblichen Terminen spielen wird: vom 24 bis 26 Mai vom 20 bis 22 September Das Turnier begr\u00fc\u00dft jedes Jahr, im Mai und September, Tausende von Beachvolleyball-Enthusiasten aller Altersgruppen und Niveaus des Spiels, in den wichtigsten Sporttreffen auf internationaler Ebene, wo die Leidenschaftlichen \u00fcber die Spezialit\u00e4t mit professionellen Athleten aus eingepr\u00e4gtem K\u00f6rperbau vermischen. Die Amerikanische Website www.flovolleyball.tv hat ihn unter den 17 Beachvolleyball-Turnieren aufgenommen, die man in der Welt nicht verpassen sollte, wie die immer wichtigere Beteiligung junger Menschen aus ganz Europa, Russland, Amerika, Asien, Australien, China und Japan zeigt. W\u00e4hrend des Tages In den Feldern, die in der breiten Strecke des Strandes vor dem SPA-Komplex der venezianischen Str\u00e4nde vorbereitet sind, kann man Spr\u00fcnge, Tauchen und Schmetterballe probieren. Zwischen einem Spiel und dem anderen kann man auch die verschiedenen Messehallen besuchen, die Bereiche f\u00fcr den Genuss von sportlichen und musikalischen Aktivit\u00e4ten, die ausgestattete R\u00e4ume f\u00fcr den Presseraum und die M\u00f6bel-TV. Und dann, bei Sonnenuntergang, die [&hellip;]\" \/>\n<meta property=\"og:url\" content=\"https:\/\/www.hotelgimm.it\/de\/news-events\/mizuno-beach-volley-marathon\/\" \/>\n<meta property=\"og:site_name\" content=\"Hotel Gimm\" \/>\n<meta property=\"article:modified_time\" content=\"2019-02-11T15:42:05+00:00\" \/>\n<meta property=\"og:image\" content=\"https:\/\/www.hotelgimm.it\/wp-content\/uploads\/2019\/05\/bvmarathon-19.jpg\" \/>\n\t<meta property=\"og:image:width\" content=\"1190\" \/>\n\t<meta property=\"og:image:height\" content=\"598\" \/>\n<meta name=\"twitter:card\" content=\"summary_large_image\" \/>\n<meta name=\"twitter:label1\" content=\"Gesch\u00e4tzte Lesezeit\">\n\t<meta name=\"twitter:data1\" content=\"1 Minute\">\n<script type=\"application\/ld+json\" class=\"yoast-schema-graph\">{\"@context\":\"https:\/\/schema.org\",\"@graph\":[{\"@type\":\"WebSite\",\"@id\":\"https:\/\/www.hotelgimm.it\/#website\",\"url\":\"https:\/\/www.hotelgimm.it\/\",\"name\":\"Hotel Gimm\",\"description\":\"\",\"potentialAction\":[{\"@type\":\"SearchAction\",\"target\":\"https:\/\/www.hotelgimm.it\/?s={search_term_string}\",\"query-input\":\"required name=search_term_string\"}],\"inLanguage\":\"de-DE\"},{\"@type\":\"ImageObject\",\"@id\":\"https:\/\/www.hotelgimm.it\/de\/news-events\/mizuno-beach-volley-marathon\/#primaryimage\",\"inLanguage\":\"de-DE\",\"url\":\"https:\/\/www.hotelgimm.it\/wp-content\/uploads\/2019\/05\/bvmarathon-19.jpg\",\"width\":1190,\"height\":598},{\"@type\":\"WebPage\",\"@id\":\"https:\/\/www.hotelgimm.it\/de\/news-events\/mizuno-beach-volley-marathon\/#webpage\",\"url\":\"https:\/\/www.hotelgimm.it\/de\/news-events\/mizuno-beach-volley-marathon\/\",\"name\":\"Mizuno Beach Volley Marathon - Hotel Gimm\",\"isPartOf\":{\"@id\":\"https:\/\/www.hotelgimm.it\/#website\"},\"primaryImageOfPage\":{\"@id\":\"https:\/\/www.hotelgimm.it\/de\/news-events\/mizuno-beach-volley-marathon\/#primaryimage\"},\"datePublished\":\"2019-02-11T15:42:02+00:00\",\"dateModified\":\"2019-02-11T15:42:05+00:00\",\"breadcrumb\":{\"@id\":\"https:\/\/www.hotelgimm.it\/de\/news-events\/mizuno-beach-volley-marathon\/#breadcrumb\"},\"inLanguage\":\"de-DE\",\"potentialAction\":[{\"@type\":\"ReadAction\",\"target\":[\"https:\/\/www.hotelgimm.it\/de\/news-events\/mizuno-beach-volley-marathon\/\"]}]},{\"@type\":\"BreadcrumbList\",\"@id\":\"https:\/\/www.hotelgimm.it\/de\/news-events\/mizuno-beach-volley-marathon\/#breadcrumb\",\"itemListElement\":[{\"@type\":\"ListItem\",\"position\":1,\"item\":{\"@type\":\"WebPage\",\"@id\":\"https:\/\/www.hotelgimm.it\/de\/\",\"url\":\"https:\/\/www.hotelgimm.it\/de\/\",\"name\":\"Home\"}},{\"@type\":\"ListItem\",\"position\":2,\"item\":{\"@type\":\"WebPage\",\"@id\":\"https:\/\/www.hotelgimm.it\/de\/news-events\/\",\"url\":\"https:\/\/www.hotelgimm.it\/de\/news-events\/\",\"name\":\"News &#038; Events\"}},{\"@type\":\"ListItem\",\"position\":3,\"item\":{\"@type\":\"WebPage\",\"@id\":\"https:\/\/www.hotelgimm.it\/de\/news-events\/mizuno-beach-volley-marathon\/\",\"url\":\"https:\/\/www.hotelgimm.it\/de\/news-events\/mizuno-beach-volley-marathon\/\",\"name\":\"Mizuno Beach Volley Marathon\"}}]}]}<\/script>\n<!-- \/ Yoast SEO plugin. -->","_links":{"self":[{"href":"https:\/\/www.hotelgimm.it\/de\/wp-json\/wp\/v2\/pages\/611"}],"collection":[{"href":"https:\/\/www.hotelgimm.it\/de\/wp-json\/wp\/v2\/pages"}],"about":[{"href":"https:\/\/www.hotelgimm.it\/de\/wp-json\/wp\/v2\/types\/page"}],"author":[{"embeddable":true,"href":"https:\/\/www.hotelgimm.it\/de\/wp-json\/wp\/v2\/users\/1"}],"replies":[{"embeddable":true,"href":"https:\/\/www.hotelgimm.it\/de\/wp-json\/wp\/v2\/comments?post=611"}],"version-history":[{"count":1,"href":"https:\/\/www.hotelgimm.it\/de\/wp-json\/wp\/v2\/pages\/611\/revisions"}],"predecessor-version":[{"id":612,"href":"https:\/\/www.hotelgimm.it\/de\/wp-json\/wp\/v2\/pages\/611\/revisions\/612"}],"up":[{"embeddable":true,"href":"https:\/\/www.hotelgimm.it\/de\/wp-json\/wp\/v2\/pages\/600"}],"wp:featuredmedia":[{"embeddable":true,"href":"https:\/\/www.hotelgimm.it\/de\/wp-json\/wp\/v2\/media\/1324"}],"wp:attachment":[{"href":"https:\/\/www.hotelgimm.it\/de\/wp-json\/wp\/v2\/media?parent=611"}],"curies":[{"name":"wp","href":"https:\/\/api.w.org\/{rel}","templated":true}]}}