{"id":609,"date":"2019-02-11T16:41:14","date_gmt":"2019-02-11T15:41:14","guid":{"rendered":"https:\/\/www.hotelgimm.it\/?page_id=609"},"modified":"2019-02-11T16:41:16","modified_gmt":"2019-02-11T15:41:16","slug":"bibione-half-marathon","status":"publish","type":"page","link":"https:\/\/www.hotelgimm.it\/de\/news-events\/bibione-half-marathon\/","title":{"rendered":"Bibione Half Marathon"},"content":{"rendered":"\n<p>Am 12 Mai 2019 wird wieder Bibione Half Marathon sein: der Halbmarathon, dass f\u00fcr das vierte Jahr l\u00e4uft man in Bibione im Fr\u00fchling.<\/p>\n\n\n\n<p>Der nationale Wettbewerb, der auf einer gepflasterten und nicht asphaltierten geschlossenen Stra\u00dfe stattfindet, wird von RUNNING FACTORY A.S.D. auf einer Distanz von 21,097 km organisiert, sowohl f\u00fcr M\u00e4nner als auch f\u00fcr Frauen. Abfahrt und Ankunft werden vom Zenithplatz und die Strecke ist vom FIDAL (die Italienische Athletik F\u00f6deration) homologiert. <\/p>\n","protected":false},"excerpt":{"rendered":"<p>Am 12 Mai 2019 wird wieder Bibione Half Marathon sein: der Halbmarathon, dass f\u00fcr das vierte Jahr l\u00e4uft man in Bibione im Fr\u00fchling. Der nationale Wettbewerb, der auf einer gepflasterten und nicht asphaltierten geschlossenen Stra\u00dfe stattfindet, wird von RUNNING FACTORY A.S.D. auf einer Distanz von 21,097 km organisiert, sowohl f\u00fcr M\u00e4nner als auch f\u00fcr Frauen. Abfahrt und Ankunft werden vom Zenithplatz und die Strecke ist vom FIDAL (die Italienische Athletik F\u00f6deration) homologiert.<\/p>\n","protected":false},"author":1,"featured_media":1494,"parent":600,"menu_order":3,"comment_status":"closed","ping_status":"closed","template":"page-ROOM_DETAIL.php","meta":[],"yoast_head":"<!-- This site is optimized with the Yoast SEO plugin v15.7 - https:\/\/yoast.com\/wordpress\/plugins\/seo\/ -->\n<title>Bibione Half Marathon - Hotel Gimm<\/title>\n<meta name=\"robots\" content=\"index, follow, max-snippet:-1, max-image-preview:large, max-video-preview:-1\" \/>\n<link rel=\"canonical\" href=\"https:\/\/www.hotelgimm.it\/de\/news-events\/bibione-half-marathon\/\" \/>\n<meta property=\"og:locale\" content=\"de_DE\" \/>\n<meta property=\"og:type\" content=\"article\" \/>\n<meta property=\"og:title\" content=\"Bibione Half Marathon - Hotel Gimm\" \/>\n<meta property=\"og:description\" content=\"Am 12 Mai 2019 wird wieder Bibione Half Marathon sein: der Halbmarathon, dass f\u00fcr das vierte Jahr l\u00e4uft man in Bibione im Fr\u00fchling. Der nationale Wettbewerb, der auf einer gepflasterten und nicht asphaltierten geschlossenen Stra\u00dfe stattfindet, wird von RUNNING FACTORY A.S.D. auf einer Distanz von 21,097 km organisiert, sowohl f\u00fcr M\u00e4nner als auch f\u00fcr Frauen. Abfahrt und Ankunft werden vom Zenithplatz und die Strecke ist vom FIDAL (die Italienische Athletik F\u00f6deration) homologiert.\" \/>\n<meta property=\"og:url\" content=\"https:\/\/www.hotelgimm.it\/de\/news-events\/bibione-half-marathon\/\" \/>\n<meta property=\"og:site_name\" content=\"Hotel Gimm\" \/>\n<meta property=\"article:modified_time\" content=\"2019-02-11T15:41:16+00:00\" \/>\n<meta property=\"og:image\" content=\"https:\/\/www.hotelgimm.it\/wp-content\/uploads\/2019\/05\/bibionehalfmarathon-19-1.jpg\" \/>\n\t<meta property=\"og:image:width\" content=\"1190\" \/>\n\t<meta property=\"og:image:height\" content=\"598\" \/>\n<meta name=\"twitter:card\" content=\"summary_large_image\" \/>\n<script type=\"application\/ld+json\" class=\"yoast-schema-graph\">{\"@context\":\"https:\/\/schema.org\",\"@graph\":[{\"@type\":\"WebSite\",\"@id\":\"https:\/\/www.hotelgimm.it\/#website\",\"url\":\"https:\/\/www.hotelgimm.it\/\",\"name\":\"Hotel Gimm\",\"description\":\"\",\"potentialAction\":[{\"@type\":\"SearchAction\",\"target\":\"https:\/\/www.hotelgimm.it\/?s={search_term_string}\",\"query-input\":\"required name=search_term_string\"}],\"inLanguage\":\"de-DE\"},{\"@type\":\"ImageObject\",\"@id\":\"https:\/\/www.hotelgimm.it\/de\/news-events\/bibione-half-marathon\/#primaryimage\",\"inLanguage\":\"de-DE\",\"url\":\"https:\/\/www.hotelgimm.it\/wp-content\/uploads\/2019\/05\/bibionehalfmarathon-19-1.jpg\",\"width\":1190,\"height\":598},{\"@type\":\"WebPage\",\"@id\":\"https:\/\/www.hotelgimm.it\/de\/news-events\/bibione-half-marathon\/#webpage\",\"url\":\"https:\/\/www.hotelgimm.it\/de\/news-events\/bibione-half-marathon\/\",\"name\":\"Bibione Half Marathon - Hotel Gimm\",\"isPartOf\":{\"@id\":\"https:\/\/www.hotelgimm.it\/#website\"},\"primaryImageOfPage\":{\"@id\":\"https:\/\/www.hotelgimm.it\/de\/news-events\/bibione-half-marathon\/#primaryimage\"},\"datePublished\":\"2019-02-11T15:41:14+00:00\",\"dateModified\":\"2019-02-11T15:41:16+00:00\",\"breadcrumb\":{\"@id\":\"https:\/\/www.hotelgimm.it\/de\/news-events\/bibione-half-marathon\/#breadcrumb\"},\"inLanguage\":\"de-DE\",\"potentialAction\":[{\"@type\":\"ReadAction\",\"target\":[\"https:\/\/www.hotelgimm.it\/de\/news-events\/bibione-half-marathon\/\"]}]},{\"@type\":\"BreadcrumbList\",\"@id\":\"https:\/\/www.hotelgimm.it\/de\/news-events\/bibione-half-marathon\/#breadcrumb\",\"itemListElement\":[{\"@type\":\"ListItem\",\"position\":1,\"item\":{\"@type\":\"WebPage\",\"@id\":\"https:\/\/www.hotelgimm.it\/de\/\",\"url\":\"https:\/\/www.hotelgimm.it\/de\/\",\"name\":\"Home\"}},{\"@type\":\"ListItem\",\"position\":2,\"item\":{\"@type\":\"WebPage\",\"@id\":\"https:\/\/www.hotelgimm.it\/de\/news-events\/\",\"url\":\"https:\/\/www.hotelgimm.it\/de\/news-events\/\",\"name\":\"News &#038; Events\"}},{\"@type\":\"ListItem\",\"position\":3,\"item\":{\"@type\":\"WebPage\",\"@id\":\"https:\/\/www.hotelgimm.it\/de\/news-events\/bibione-half-marathon\/\",\"url\":\"https:\/\/www.hotelgimm.it\/de\/news-events\/bibione-half-marathon\/\",\"name\":\"Bibione Half Marathon\"}}]}]}<\/script>\n<!-- \/ Yoast SEO plugin. -->","_links":{"self":[{"href":"https:\/\/www.hotelgimm.it\/de\/wp-json\/wp\/v2\/pages\/609"}],"collection":[{"href":"https:\/\/www.hotelgimm.it\/de\/wp-json\/wp\/v2\/pages"}],"about":[{"href":"https:\/\/www.hotelgimm.it\/de\/wp-json\/wp\/v2\/types\/page"}],"author":[{"embeddable":true,"href":"https:\/\/www.hotelgimm.it\/de\/wp-json\/wp\/v2\/users\/1"}],"replies":[{"embeddable":true,"href":"https:\/\/www.hotelgimm.it\/de\/wp-json\/wp\/v2\/comments?post=609"}],"version-history":[{"count":1,"href":"https:\/\/www.hotelgimm.it\/de\/wp-json\/wp\/v2\/pages\/609\/revisions"}],"predecessor-version":[{"id":610,"href":"https:\/\/www.hotelgimm.it\/de\/wp-json\/wp\/v2\/pages\/609\/revisions\/610"}],"up":[{"embeddable":true,"href":"https:\/\/www.hotelgimm.it\/de\/wp-json\/wp\/v2\/pages\/600"}],"wp:featuredmedia":[{"embeddable":true,"href":"https:\/\/www.hotelgimm.it\/de\/wp-json\/wp\/v2\/media\/1494"}],"wp:attachment":[{"href":"https:\/\/www.hotelgimm.it\/de\/wp-json\/wp\/v2\/media?parent=609"}],"curies":[{"name":"wp","href":"https:\/\/api.w.org\/{rel}","templated":true}]}}