{"id":607,"date":"2019-02-11T16:40:24","date_gmt":"2019-02-11T15:40:24","guid":{"rendered":"https:\/\/www.hotelgimm.it\/?page_id=607"},"modified":"2019-02-11T16:40:27","modified_gmt":"2019-02-11T15:40:27","slug":"a-piedi-per-bibione-das-nicht-kompetitive-gehen-des-fruehlings-in-bibione","status":"publish","type":"page","link":"https:\/\/www.hotelgimm.it\/de\/news-events\/a-piedi-per-bibione-das-nicht-kompetitive-gehen-des-fruehlings-in-bibione\/","title":{"rendered":"A piedi per Bibione &#8211; Das Nicht-kompetitive Gehen des Fr\u00fchlings in Bibione"},"content":{"rendered":"\n<p>Am Sonntag, den 28 April 2019 um 9 Uhr findet das charakteristische nicht-kompetitive Gehen des Fr\u00fchlings in Bibione \u201cA piedi per Bibione\u201d statt. Es ist eine Treffung, die ist denjenigen (Einzelpersonen, Gruppen und Familien) gewidmet, die das Gebiet des touristischen Badeorts durch verschiedene Routen wiederentdecken m\u00f6chten.<\/p>\n\n\n\n<p>Im gleichen Rahmen ist es m\u00f6glich, die permanente Wegen von 6-11-16-24 km am Freitag, den 26 und Samstag, den 27 April mit 6 Erfrischungen vom 8 bis 17 Uhr erkunden; Der erste Weg von 6 km, ist vollst\u00e4ndig auf asphaltiertem Gel\u00e4nde oder auf der Stra\u00dfe und eignet sich auch f\u00fcr Kinderwagen und Behinderte.<\/p>\n\n\n\n<p>Die Veranstaltungen, die jetzt international geworden sind, werden bei jedem Wetter stattfinden. Die Teilnahme ist gegen Geb\u00fchr.<\/p>\n\n\n\n<p>W\u00e4hrend der Tage der Veranstaltung werden typische lokale Essen- und Weinst\u00e4nde und Live-Musik im Inneren des Veranstaltungsbereichs auf dem Marktplatz in Bibione eingerichtet, Ausgangspunkt f\u00fcr alle Routen, neben dem Luna Park. Die St\u00e4nde werden am 26., 27. und 28. April zu Mittagessen vom 12 bis 14:30 Uhr und zu Abendessen ab 18:00 Uhr ge\u00f6ffnet sein.<\/p>\n","protected":false},"excerpt":{"rendered":"<p>Am Sonntag, den 28 April 2019 um 9 Uhr findet das charakteristische nicht-kompetitive Gehen des Fr\u00fchlings in Bibione \u201cA piedi per Bibione\u201d statt. Es ist eine Treffung, die ist denjenigen (Einzelpersonen, Gruppen und Familien) gewidmet, die das Gebiet des touristischen Badeorts durch verschiedene Routen wiederentdecken m\u00f6chten. Im gleichen Rahmen ist es m\u00f6glich, die permanente Wegen von 6-11-16-24 km am Freitag, den 26 und Samstag, den 27 April mit 6 Erfrischungen vom 8 bis 17 Uhr erkunden; Der erste Weg von 6 km, ist vollst\u00e4ndig auf asphaltiertem Gel\u00e4nde oder auf der Stra\u00dfe und eignet sich auch f\u00fcr Kinderwagen und Behinderte. Die Veranstaltungen, die jetzt international geworden sind, werden bei jedem Wetter stattfinden. Die Teilnahme ist gegen Geb\u00fchr. W\u00e4hrend der Tage der Veranstaltung werden typische lokale Essen- und Weinst\u00e4nde und Live-Musik im Inneren des Veranstaltungsbereichs auf dem Marktplatz in Bibione eingerichtet, Ausgangspunkt f\u00fcr alle Routen, neben dem Luna Park. Die St\u00e4nde werden am 26., 27. und 28. April zu Mittagessen vom 12 bis 14:30 Uhr und zu Abendessen ab 18:00 Uhr ge\u00f6ffnet sein.<\/p>\n","protected":false},"author":1,"featured_media":1391,"parent":600,"menu_order":2,"comment_status":"closed","ping_status":"closed","template":"page-ROOM_DETAIL.php","meta":[],"yoast_head":"<!-- This site is optimized with the Yoast SEO plugin v15.7 - https:\/\/yoast.com\/wordpress\/plugins\/seo\/ -->\n<title>A piedi per Bibione - Das Nicht-kompetitive Gehen des Fr\u00fchlings in Bibione - Hotel Gimm<\/title>\n<meta name=\"robots\" content=\"index, follow, max-snippet:-1, max-image-preview:large, max-video-preview:-1\" \/>\n<link rel=\"canonical\" href=\"https:\/\/www.hotelgimm.it\/de\/news-events\/a-piedi-per-bibione-das-nicht-kompetitive-gehen-des-fruehlings-in-bibione\/\" \/>\n<meta property=\"og:locale\" content=\"de_DE\" \/>\n<meta property=\"og:type\" content=\"article\" \/>\n<meta property=\"og:title\" content=\"A piedi per Bibione - Das Nicht-kompetitive Gehen des Fr\u00fchlings in Bibione - Hotel Gimm\" \/>\n<meta property=\"og:description\" content=\"Am Sonntag, den 28 April 2019 um 9 Uhr findet das charakteristische nicht-kompetitive Gehen des Fr\u00fchlings in Bibione \u201cA piedi per Bibione\u201d statt. Es ist eine Treffung, die ist denjenigen (Einzelpersonen, Gruppen und Familien) gewidmet, die das Gebiet des touristischen Badeorts durch verschiedene Routen wiederentdecken m\u00f6chten. Im gleichen Rahmen ist es m\u00f6glich, die permanente Wegen von 6-11-16-24 km am Freitag, den 26 und Samstag, den 27 April mit 6 Erfrischungen vom 8 bis 17 Uhr erkunden; Der erste Weg von 6 km, ist vollst\u00e4ndig auf asphaltiertem Gel\u00e4nde oder auf der Stra\u00dfe und eignet sich auch f\u00fcr Kinderwagen und Behinderte. Die Veranstaltungen, die jetzt international geworden sind, werden bei jedem Wetter stattfinden. Die Teilnahme ist gegen Geb\u00fchr. W\u00e4hrend der Tage der Veranstaltung werden typische lokale Essen- und Weinst\u00e4nde und Live-Musik im Inneren des Veranstaltungsbereichs auf dem Marktplatz in Bibione eingerichtet, Ausgangspunkt f\u00fcr alle Routen, neben dem Luna Park. Die St\u00e4nde werden am 26., 27. und 28. April zu Mittagessen vom 12 bis 14:30 Uhr und zu Abendessen ab 18:00 Uhr ge\u00f6ffnet sein.\" \/>\n<meta property=\"og:url\" content=\"https:\/\/www.hotelgimm.it\/de\/news-events\/a-piedi-per-bibione-das-nicht-kompetitive-gehen-des-fruehlings-in-bibione\/\" \/>\n<meta property=\"og:site_name\" content=\"Hotel Gimm\" \/>\n<meta property=\"article:modified_time\" content=\"2019-02-11T15:40:27+00:00\" \/>\n<meta property=\"og:image\" content=\"https:\/\/www.hotelgimm.it\/wp-content\/uploads\/2019\/05\/apiediperbibione-19.jpg\" \/>\n\t<meta property=\"og:image:width\" content=\"1190\" \/>\n\t<meta property=\"og:image:height\" content=\"598\" \/>\n<meta name=\"twitter:card\" content=\"summary_large_image\" \/>\n<meta name=\"twitter:label1\" content=\"Gesch\u00e4tzte Lesezeit\">\n\t<meta name=\"twitter:data1\" content=\"1 Minute\">\n<script type=\"application\/ld+json\" class=\"yoast-schema-graph\">{\"@context\":\"https:\/\/schema.org\",\"@graph\":[{\"@type\":\"WebSite\",\"@id\":\"https:\/\/www.hotelgimm.it\/#website\",\"url\":\"https:\/\/www.hotelgimm.it\/\",\"name\":\"Hotel Gimm\",\"description\":\"\",\"potentialAction\":[{\"@type\":\"SearchAction\",\"target\":\"https:\/\/www.hotelgimm.it\/?s={search_term_string}\",\"query-input\":\"required name=search_term_string\"}],\"inLanguage\":\"de-DE\"},{\"@type\":\"ImageObject\",\"@id\":\"https:\/\/www.hotelgimm.it\/de\/news-events\/a-piedi-per-bibione-das-nicht-kompetitive-gehen-des-fruehlings-in-bibione\/#primaryimage\",\"inLanguage\":\"de-DE\",\"url\":\"https:\/\/www.hotelgimm.it\/wp-content\/uploads\/2019\/05\/apiediperbibione-19.jpg\",\"width\":1190,\"height\":598},{\"@type\":\"WebPage\",\"@id\":\"https:\/\/www.hotelgimm.it\/de\/news-events\/a-piedi-per-bibione-das-nicht-kompetitive-gehen-des-fruehlings-in-bibione\/#webpage\",\"url\":\"https:\/\/www.hotelgimm.it\/de\/news-events\/a-piedi-per-bibione-das-nicht-kompetitive-gehen-des-fruehlings-in-bibione\/\",\"name\":\"A piedi per Bibione - Das Nicht-kompetitive Gehen des Fr\\u00fchlings in Bibione - Hotel Gimm\",\"isPartOf\":{\"@id\":\"https:\/\/www.hotelgimm.it\/#website\"},\"primaryImageOfPage\":{\"@id\":\"https:\/\/www.hotelgimm.it\/de\/news-events\/a-piedi-per-bibione-das-nicht-kompetitive-gehen-des-fruehlings-in-bibione\/#primaryimage\"},\"datePublished\":\"2019-02-11T15:40:24+00:00\",\"dateModified\":\"2019-02-11T15:40:27+00:00\",\"breadcrumb\":{\"@id\":\"https:\/\/www.hotelgimm.it\/de\/news-events\/a-piedi-per-bibione-das-nicht-kompetitive-gehen-des-fruehlings-in-bibione\/#breadcrumb\"},\"inLanguage\":\"de-DE\",\"potentialAction\":[{\"@type\":\"ReadAction\",\"target\":[\"https:\/\/www.hotelgimm.it\/de\/news-events\/a-piedi-per-bibione-das-nicht-kompetitive-gehen-des-fruehlings-in-bibione\/\"]}]},{\"@type\":\"BreadcrumbList\",\"@id\":\"https:\/\/www.hotelgimm.it\/de\/news-events\/a-piedi-per-bibione-das-nicht-kompetitive-gehen-des-fruehlings-in-bibione\/#breadcrumb\",\"itemListElement\":[{\"@type\":\"ListItem\",\"position\":1,\"item\":{\"@type\":\"WebPage\",\"@id\":\"https:\/\/www.hotelgimm.it\/de\/\",\"url\":\"https:\/\/www.hotelgimm.it\/de\/\",\"name\":\"Home\"}},{\"@type\":\"ListItem\",\"position\":2,\"item\":{\"@type\":\"WebPage\",\"@id\":\"https:\/\/www.hotelgimm.it\/de\/news-events\/\",\"url\":\"https:\/\/www.hotelgimm.it\/de\/news-events\/\",\"name\":\"News &#038; Events\"}},{\"@type\":\"ListItem\",\"position\":3,\"item\":{\"@type\":\"WebPage\",\"@id\":\"https:\/\/www.hotelgimm.it\/de\/news-events\/a-piedi-per-bibione-das-nicht-kompetitive-gehen-des-fruehlings-in-bibione\/\",\"url\":\"https:\/\/www.hotelgimm.it\/de\/news-events\/a-piedi-per-bibione-das-nicht-kompetitive-gehen-des-fruehlings-in-bibione\/\",\"name\":\"A piedi per Bibione &#8211; Das Nicht-kompetitive Gehen des Fr\\u00fchlings in Bibione\"}}]}]}<\/script>\n<!-- \/ Yoast SEO plugin. -->","_links":{"self":[{"href":"https:\/\/www.hotelgimm.it\/de\/wp-json\/wp\/v2\/pages\/607"}],"collection":[{"href":"https:\/\/www.hotelgimm.it\/de\/wp-json\/wp\/v2\/pages"}],"about":[{"href":"https:\/\/www.hotelgimm.it\/de\/wp-json\/wp\/v2\/types\/page"}],"author":[{"embeddable":true,"href":"https:\/\/www.hotelgimm.it\/de\/wp-json\/wp\/v2\/users\/1"}],"replies":[{"embeddable":true,"href":"https:\/\/www.hotelgimm.it\/de\/wp-json\/wp\/v2\/comments?post=607"}],"version-history":[{"count":2,"href":"https:\/\/www.hotelgimm.it\/de\/wp-json\/wp\/v2\/pages\/607\/revisions"}],"predecessor-version":[{"id":2450,"href":"https:\/\/www.hotelgimm.it\/de\/wp-json\/wp\/v2\/pages\/607\/revisions\/2450"}],"up":[{"embeddable":true,"href":"https:\/\/www.hotelgimm.it\/de\/wp-json\/wp\/v2\/pages\/600"}],"wp:featuredmedia":[{"embeddable":true,"href":"https:\/\/www.hotelgimm.it\/de\/wp-json\/wp\/v2\/media\/1391"}],"wp:attachment":[{"href":"https:\/\/www.hotelgimm.it\/de\/wp-json\/wp\/v2\/media?parent=607"}],"curies":[{"name":"wp","href":"https:\/\/api.w.org\/{rel}","templated":true}]}}