{"id":602,"date":"2019-02-11T16:38:28","date_gmt":"2019-02-11T15:38:28","guid":{"rendered":"https:\/\/www.hotelgimm.it\/?page_id=602"},"modified":"2019-02-11T16:38:46","modified_gmt":"2019-02-11T15:38:46","slug":"pyrotechnical-shows","status":"publish","type":"page","link":"https:\/\/www.hotelgimm.it\/de\/news-events\/pyrotechnical-shows\/","title":{"rendered":"Feuerwerk in Bibione"},"content":{"rendered":"\n<p>Ein Muss f\u00fcr den Sommer 2019: das Feuerwerk am Strand in Bibione. Eine Show, die immer von allen G\u00e4sten erwartet wird, die ihren Urlaub in Bibione w\u00e4hrend der Sommersaison von Mai bis September verbringen.<br>\nDie Szenografie, um die Farben des Feuerwerks zu bewundern, ist der Strandabschnitt vor dem Platz Zenith. Die Daten sind wie folgt:<\/p>\n\n\n\n<ul><li>Mai 22:30 Uhr &#8211; Beginn der Sommersaison;<\/li><li>Juni 10:30 Uhr;<\/li><li>Juli um 23.00 Uhr;<\/li><li>15 August um 23.00 Uhr &#8211; um den Ferragosto zu feiern;<\/li><li>12 September um 22.30 Uhr &#8211; musikalisches Feuerwerk anl\u00e4sslich des Septemberfestes. Bei schlechtem Wetter wird das Feuerwerk am n\u00e4chsten Tag wiederholt.<\/li><\/ul>\n","protected":false},"excerpt":{"rendered":"<p>Ein Muss f\u00fcr den Sommer 2019: das Feuerwerk am Strand in Bibione. Eine Show, die immer von allen G\u00e4sten erwartet wird, die ihren Urlaub in Bibione w\u00e4hrend der Sommersaison von Mai bis September verbringen. Die Szenografie, um die Farben des Feuerwerks zu bewundern, ist der Strandabschnitt vor dem Platz Zenith. Die Daten sind wie folgt: Mai 22:30 Uhr &#8211; Beginn der Sommersaison; Juni 10:30 Uhr; Juli um 23.00 Uhr; 15 August um 23.00 Uhr &#8211; um den Ferragosto zu feiern; 12 September um 22.30 Uhr &#8211; musikalisches Feuerwerk anl\u00e4sslich des Septemberfestes. Bei schlechtem Wetter wird das Feuerwerk am n\u00e4chsten Tag wiederholt.<\/p>\n","protected":false},"author":1,"featured_media":1396,"parent":600,"menu_order":0,"comment_status":"closed","ping_status":"closed","template":"page-ROOM_DETAIL.php","meta":[],"yoast_head":"<!-- This site is optimized with the Yoast SEO plugin v15.7 - https:\/\/yoast.com\/wordpress\/plugins\/seo\/ -->\n<title>Feuerwerk in Bibione - Hotel Gimm<\/title>\n<meta name=\"robots\" content=\"index, follow, max-snippet:-1, max-image-preview:large, max-video-preview:-1\" \/>\n<link rel=\"canonical\" href=\"https:\/\/www.hotelgimm.it\/de\/news-events\/pyrotechnical-shows\/\" \/>\n<meta property=\"og:locale\" content=\"de_DE\" \/>\n<meta property=\"og:type\" content=\"article\" \/>\n<meta property=\"og:title\" content=\"Feuerwerk in Bibione - Hotel Gimm\" \/>\n<meta property=\"og:description\" content=\"Ein Muss f\u00fcr den Sommer 2019: das Feuerwerk am Strand in Bibione. Eine Show, die immer von allen G\u00e4sten erwartet wird, die ihren Urlaub in Bibione w\u00e4hrend der Sommersaison von Mai bis September verbringen. Die Szenografie, um die Farben des Feuerwerks zu bewundern, ist der Strandabschnitt vor dem Platz Zenith. Die Daten sind wie folgt: Mai 22:30 Uhr &#8211; Beginn der Sommersaison; Juni 10:30 Uhr; Juli um 23.00 Uhr; 15 August um 23.00 Uhr &#8211; um den Ferragosto zu feiern; 12 September um 22.30 Uhr &#8211; musikalisches Feuerwerk anl\u00e4sslich des Septemberfestes. Bei schlechtem Wetter wird das Feuerwerk am n\u00e4chsten Tag wiederholt.\" \/>\n<meta property=\"og:url\" content=\"https:\/\/www.hotelgimm.it\/de\/news-events\/pyrotechnical-shows\/\" \/>\n<meta property=\"og:site_name\" content=\"Hotel Gimm\" \/>\n<meta property=\"article:modified_time\" content=\"2019-02-11T15:38:46+00:00\" \/>\n<meta property=\"og:image\" content=\"https:\/\/www.hotelgimm.it\/wp-content\/uploads\/2019\/05\/ferragosto_bibione.jpg\" \/>\n\t<meta property=\"og:image:width\" content=\"600\" \/>\n\t<meta property=\"og:image:height\" content=\"420\" \/>\n<meta name=\"twitter:card\" content=\"summary_large_image\" \/>\n<script type=\"application\/ld+json\" class=\"yoast-schema-graph\">{\"@context\":\"https:\/\/schema.org\",\"@graph\":[{\"@type\":\"WebSite\",\"@id\":\"https:\/\/www.hotelgimm.it\/#website\",\"url\":\"https:\/\/www.hotelgimm.it\/\",\"name\":\"Hotel Gimm\",\"description\":\"\",\"potentialAction\":[{\"@type\":\"SearchAction\",\"target\":\"https:\/\/www.hotelgimm.it\/?s={search_term_string}\",\"query-input\":\"required name=search_term_string\"}],\"inLanguage\":\"de-DE\"},{\"@type\":\"ImageObject\",\"@id\":\"https:\/\/www.hotelgimm.it\/de\/news-events\/pyrotechnical-shows\/#primaryimage\",\"inLanguage\":\"de-DE\",\"url\":\"https:\/\/www.hotelgimm.it\/wp-content\/uploads\/2019\/05\/ferragosto_bibione.jpg\",\"width\":600,\"height\":420},{\"@type\":\"WebPage\",\"@id\":\"https:\/\/www.hotelgimm.it\/de\/news-events\/pyrotechnical-shows\/#webpage\",\"url\":\"https:\/\/www.hotelgimm.it\/de\/news-events\/pyrotechnical-shows\/\",\"name\":\"Feuerwerk in Bibione - Hotel Gimm\",\"isPartOf\":{\"@id\":\"https:\/\/www.hotelgimm.it\/#website\"},\"primaryImageOfPage\":{\"@id\":\"https:\/\/www.hotelgimm.it\/de\/news-events\/pyrotechnical-shows\/#primaryimage\"},\"datePublished\":\"2019-02-11T15:38:28+00:00\",\"dateModified\":\"2019-02-11T15:38:46+00:00\",\"breadcrumb\":{\"@id\":\"https:\/\/www.hotelgimm.it\/de\/news-events\/pyrotechnical-shows\/#breadcrumb\"},\"inLanguage\":\"de-DE\",\"potentialAction\":[{\"@type\":\"ReadAction\",\"target\":[\"https:\/\/www.hotelgimm.it\/de\/news-events\/pyrotechnical-shows\/\"]}]},{\"@type\":\"BreadcrumbList\",\"@id\":\"https:\/\/www.hotelgimm.it\/de\/news-events\/pyrotechnical-shows\/#breadcrumb\",\"itemListElement\":[{\"@type\":\"ListItem\",\"position\":1,\"item\":{\"@type\":\"WebPage\",\"@id\":\"https:\/\/www.hotelgimm.it\/de\/\",\"url\":\"https:\/\/www.hotelgimm.it\/de\/\",\"name\":\"Home\"}},{\"@type\":\"ListItem\",\"position\":2,\"item\":{\"@type\":\"WebPage\",\"@id\":\"https:\/\/www.hotelgimm.it\/de\/news-events\/\",\"url\":\"https:\/\/www.hotelgimm.it\/de\/news-events\/\",\"name\":\"News &#038; Events\"}},{\"@type\":\"ListItem\",\"position\":3,\"item\":{\"@type\":\"WebPage\",\"@id\":\"https:\/\/www.hotelgimm.it\/de\/news-events\/pyrotechnical-shows\/\",\"url\":\"https:\/\/www.hotelgimm.it\/de\/news-events\/pyrotechnical-shows\/\",\"name\":\"Feuerwerk in Bibione\"}}]}]}<\/script>\n<!-- \/ Yoast SEO plugin. -->","_links":{"self":[{"href":"https:\/\/www.hotelgimm.it\/de\/wp-json\/wp\/v2\/pages\/602"}],"collection":[{"href":"https:\/\/www.hotelgimm.it\/de\/wp-json\/wp\/v2\/pages"}],"about":[{"href":"https:\/\/www.hotelgimm.it\/de\/wp-json\/wp\/v2\/types\/page"}],"author":[{"embeddable":true,"href":"https:\/\/www.hotelgimm.it\/de\/wp-json\/wp\/v2\/users\/1"}],"replies":[{"embeddable":true,"href":"https:\/\/www.hotelgimm.it\/de\/wp-json\/wp\/v2\/comments?post=602"}],"version-history":[{"count":2,"href":"https:\/\/www.hotelgimm.it\/de\/wp-json\/wp\/v2\/pages\/602\/revisions"}],"predecessor-version":[{"id":604,"href":"https:\/\/www.hotelgimm.it\/de\/wp-json\/wp\/v2\/pages\/602\/revisions\/604"}],"up":[{"embeddable":true,"href":"https:\/\/www.hotelgimm.it\/de\/wp-json\/wp\/v2\/pages\/600"}],"wp:featuredmedia":[{"embeddable":true,"href":"https:\/\/www.hotelgimm.it\/de\/wp-json\/wp\/v2\/media\/1396"}],"wp:attachment":[{"href":"https:\/\/www.hotelgimm.it\/de\/wp-json\/wp\/v2\/media?parent=602"}],"curies":[{"name":"wp","href":"https:\/\/api.w.org\/{rel}","templated":true}]}}