{"id":592,"date":"2019-02-11T16:34:03","date_gmt":"2019-02-11T15:34:03","guid":{"rendered":"https:\/\/www.hotelgimm.it\/?page_id=592"},"modified":"2019-05-12T14:16:30","modified_gmt":"2019-05-12T12:16:30","slug":"lagunenfahrt-auf-der-muschelinsel","status":"publish","type":"page","link":"https:\/\/www.hotelgimm.it\/de\/bibione-umgebung\/ausfluege-in-der-umgebung\/lagunenfahrt-auf-der-muschelinsel\/","title":{"rendered":"Lagunenfahrt auf der Muschelinsel"},"content":{"rendered":"\n<p><strong>Familienausflug mit dem Boot<\/strong>: Die etwa 7 Kilometer lange Insel Conchiglie markiert die Grenze zwischen der Adria und der Lagune von Marano und ist eine ausgezeichnete Gelegenheit, um mehr als eine Stunde in einer noch nat\u00fcrlichen Umgebung zu verbringen . <\/p>\n\n\n\n<p>Eine gro\u00dfartige Idee, um ein paar Stunden mit den Kindern zu verbringen. Das Motorboot f\u00e4hrt vom Hafen von Lignano ab. <\/p>\n\n\n\n<p><strong>F\u00fcr Informationen und Reservierungen wenden Sie sich bitte an die Rezeption.<\/strong><\/p>\n\n\n\n<ul class=\"wp-block-gallery columns-2 is-cropped\"><li class=\"blocks-gallery-item\"><figure><img loading=\"lazy\" width=\"960\" height=\"540\" src=\"https:\/\/www.hotelgimm.it\/wp-content\/uploads\/2019\/05\/isola_conchiglie_1-960x540-1.jpg\" alt=\"\" data-id=\"2263\" data-link=\"https:\/\/www.hotelgimm.it\/bibione-dintorni\/dintorni\/isola-delle-conchiglie\/attachment\/isola_conchiglie_1-960x540-1\/\" class=\"wp-image-2263\" srcset=\"https:\/\/www.hotelgimm.it\/wp-content\/uploads\/2019\/05\/isola_conchiglie_1-960x540-1.jpg 960w, https:\/\/www.hotelgimm.it\/wp-content\/uploads\/2019\/05\/isola_conchiglie_1-960x540-1-300x169.jpg 300w, https:\/\/www.hotelgimm.it\/wp-content\/uploads\/2019\/05\/isola_conchiglie_1-960x540-1-768x432.jpg 768w\" sizes=\"(max-width: 960px) 100vw, 960px\" \/><\/figure><\/li><li class=\"blocks-gallery-item\"><figure><img loading=\"lazy\" width=\"880\" height=\"478\" src=\"https:\/\/www.hotelgimm.it\/wp-content\/uploads\/2019\/05\/lignano-isola-delle-conchiglie.jpg\" alt=\"\" data-id=\"2266\" data-link=\"https:\/\/www.hotelgimm.it\/bibione-dintorni\/dintorni\/isola-delle-conchiglie\/attachment\/lignano-isola-delle-conchiglie\/\" class=\"wp-image-2266\" srcset=\"https:\/\/www.hotelgimm.it\/wp-content\/uploads\/2019\/05\/lignano-isola-delle-conchiglie.jpg 880w, https:\/\/www.hotelgimm.it\/wp-content\/uploads\/2019\/05\/lignano-isola-delle-conchiglie-300x163.jpg 300w, https:\/\/www.hotelgimm.it\/wp-content\/uploads\/2019\/05\/lignano-isola-delle-conchiglie-768x417.jpg 768w\" sizes=\"(max-width: 880px) 100vw, 880px\" \/><\/figure><\/li><li class=\"blocks-gallery-item\"><figure><img loading=\"lazy\" width=\"450\" height=\"250\" src=\"https:\/\/www.hotelgimm.it\/wp-content\/uploads\/2019\/05\/04_programma_estivo.jpg\" alt=\"\" data-id=\"2269\" data-link=\"https:\/\/www.hotelgimm.it\/bibione-dintorni\/dintorni\/isola-delle-conchiglie\/attachment\/04_programma_estivo\/\" class=\"wp-image-2269\" srcset=\"https:\/\/www.hotelgimm.it\/wp-content\/uploads\/2019\/05\/04_programma_estivo.jpg 450w, https:\/\/www.hotelgimm.it\/wp-content\/uploads\/2019\/05\/04_programma_estivo-300x167.jpg 300w\" sizes=\"(max-width: 450px) 100vw, 450px\" \/><\/figure><\/li><\/ul>\n","protected":false},"excerpt":{"rendered":"<p>Familienausflug mit dem Boot: Die etwa 7 Kilometer lange Insel Conchiglie markiert die Grenze zwischen der Adria und der Lagune von Marano und ist eine ausgezeichnete Gelegenheit, um mehr als eine Stunde in einer noch nat\u00fcrlichen Umgebung zu verbringen . Eine gro\u00dfartige Idee, um ein paar Stunden mit den Kindern zu verbringen. Das Motorboot f\u00e4hrt vom Hafen von Lignano ab. F\u00fcr Informationen und Reservierungen wenden Sie sich bitte an die Rezeption.<\/p>\n","protected":false},"author":1,"featured_media":1215,"parent":578,"menu_order":6,"comment_status":"closed","ping_status":"closed","template":"page-ROOM_DETAIL.php","meta":[],"yoast_head":"<!-- This site is optimized with the Yoast SEO plugin v15.7 - https:\/\/yoast.com\/wordpress\/plugins\/seo\/ -->\n<title>Lagunenfahrt auf der Muschelinsel - Hotel Gimm<\/title>\n<meta name=\"robots\" content=\"index, follow, max-snippet:-1, max-image-preview:large, max-video-preview:-1\" \/>\n<link rel=\"canonical\" href=\"https:\/\/www.hotelgimm.it\/de\/bibione-umgebung\/ausfluege-in-der-umgebung\/lagunenfahrt-auf-der-muschelinsel\/\" \/>\n<meta property=\"og:locale\" content=\"de_DE\" \/>\n<meta property=\"og:type\" content=\"article\" \/>\n<meta property=\"og:title\" content=\"Lagunenfahrt auf der Muschelinsel - Hotel Gimm\" \/>\n<meta property=\"og:description\" content=\"Familienausflug mit dem Boot: Die etwa 7 Kilometer lange Insel Conchiglie markiert die Grenze zwischen der Adria und der Lagune von Marano und ist eine ausgezeichnete Gelegenheit, um mehr als eine Stunde in einer noch nat\u00fcrlichen Umgebung zu verbringen . Eine gro\u00dfartige Idee, um ein paar Stunden mit den Kindern zu verbringen. Das Motorboot f\u00e4hrt vom Hafen von Lignano ab. F\u00fcr Informationen und Reservierungen wenden Sie sich bitte an die Rezeption.\" \/>\n<meta property=\"og:url\" content=\"https:\/\/www.hotelgimm.it\/de\/bibione-umgebung\/ausfluege-in-der-umgebung\/lagunenfahrt-auf-der-muschelinsel\/\" \/>\n<meta property=\"og:site_name\" content=\"Hotel Gimm\" \/>\n<meta property=\"article:modified_time\" content=\"2019-05-12T12:16:30+00:00\" \/>\n<meta property=\"og:image\" content=\"https:\/\/www.hotelgimm.it\/wp-content\/uploads\/2019\/05\/img-20170824-112306-largejpg.jpg\" \/>\n\t<meta property=\"og:image:width\" content=\"550\" \/>\n\t<meta property=\"og:image:height\" content=\"413\" \/>\n<meta name=\"twitter:card\" content=\"summary_large_image\" \/>\n<script type=\"application\/ld+json\" class=\"yoast-schema-graph\">{\"@context\":\"https:\/\/schema.org\",\"@graph\":[{\"@type\":\"WebSite\",\"@id\":\"https:\/\/www.hotelgimm.it\/#website\",\"url\":\"https:\/\/www.hotelgimm.it\/\",\"name\":\"Hotel Gimm\",\"description\":\"\",\"potentialAction\":[{\"@type\":\"SearchAction\",\"target\":\"https:\/\/www.hotelgimm.it\/?s={search_term_string}\",\"query-input\":\"required name=search_term_string\"}],\"inLanguage\":\"de-DE\"},{\"@type\":\"ImageObject\",\"@id\":\"https:\/\/www.hotelgimm.it\/de\/bibione-umgebung\/ausfluege-in-der-umgebung\/lagunenfahrt-auf-der-muschelinsel\/#primaryimage\",\"inLanguage\":\"de-DE\",\"url\":\"https:\/\/www.hotelgimm.it\/wp-content\/uploads\/2019\/05\/img-20170824-112306-largejpg.jpg\",\"width\":550,\"height\":413},{\"@type\":\"WebPage\",\"@id\":\"https:\/\/www.hotelgimm.it\/de\/bibione-umgebung\/ausfluege-in-der-umgebung\/lagunenfahrt-auf-der-muschelinsel\/#webpage\",\"url\":\"https:\/\/www.hotelgimm.it\/de\/bibione-umgebung\/ausfluege-in-der-umgebung\/lagunenfahrt-auf-der-muschelinsel\/\",\"name\":\"Lagunenfahrt auf der Muschelinsel - Hotel Gimm\",\"isPartOf\":{\"@id\":\"https:\/\/www.hotelgimm.it\/#website\"},\"primaryImageOfPage\":{\"@id\":\"https:\/\/www.hotelgimm.it\/de\/bibione-umgebung\/ausfluege-in-der-umgebung\/lagunenfahrt-auf-der-muschelinsel\/#primaryimage\"},\"datePublished\":\"2019-02-11T15:34:03+00:00\",\"dateModified\":\"2019-05-12T12:16:30+00:00\",\"breadcrumb\":{\"@id\":\"https:\/\/www.hotelgimm.it\/de\/bibione-umgebung\/ausfluege-in-der-umgebung\/lagunenfahrt-auf-der-muschelinsel\/#breadcrumb\"},\"inLanguage\":\"de-DE\",\"potentialAction\":[{\"@type\":\"ReadAction\",\"target\":[\"https:\/\/www.hotelgimm.it\/de\/bibione-umgebung\/ausfluege-in-der-umgebung\/lagunenfahrt-auf-der-muschelinsel\/\"]}]},{\"@type\":\"BreadcrumbList\",\"@id\":\"https:\/\/www.hotelgimm.it\/de\/bibione-umgebung\/ausfluege-in-der-umgebung\/lagunenfahrt-auf-der-muschelinsel\/#breadcrumb\",\"itemListElement\":[{\"@type\":\"ListItem\",\"position\":1,\"item\":{\"@type\":\"WebPage\",\"@id\":\"https:\/\/www.hotelgimm.it\/de\/\",\"url\":\"https:\/\/www.hotelgimm.it\/de\/\",\"name\":\"Home\"}},{\"@type\":\"ListItem\",\"position\":2,\"item\":{\"@type\":\"WebPage\",\"@id\":\"https:\/\/www.hotelgimm.it\/de\/bibione-umgebung\/\",\"url\":\"https:\/\/www.hotelgimm.it\/de\/bibione-umgebung\/\",\"name\":\"Bibione &#038; Umgebung\"}},{\"@type\":\"ListItem\",\"position\":3,\"item\":{\"@type\":\"WebPage\",\"@id\":\"https:\/\/www.hotelgimm.it\/de\/bibione-umgebung\/ausfluege-in-der-umgebung\/\",\"url\":\"https:\/\/www.hotelgimm.it\/de\/bibione-umgebung\/ausfluege-in-der-umgebung\/\",\"name\":\"Ausfl\\u00fcge in der Umgebung\"}},{\"@type\":\"ListItem\",\"position\":4,\"item\":{\"@type\":\"WebPage\",\"@id\":\"https:\/\/www.hotelgimm.it\/de\/bibione-umgebung\/ausfluege-in-der-umgebung\/lagunenfahrt-auf-der-muschelinsel\/\",\"url\":\"https:\/\/www.hotelgimm.it\/de\/bibione-umgebung\/ausfluege-in-der-umgebung\/lagunenfahrt-auf-der-muschelinsel\/\",\"name\":\"Lagunenfahrt auf der Muschelinsel\"}}]}]}<\/script>\n<!-- \/ Yoast SEO plugin. -->","_links":{"self":[{"href":"https:\/\/www.hotelgimm.it\/de\/wp-json\/wp\/v2\/pages\/592"}],"collection":[{"href":"https:\/\/www.hotelgimm.it\/de\/wp-json\/wp\/v2\/pages"}],"about":[{"href":"https:\/\/www.hotelgimm.it\/de\/wp-json\/wp\/v2\/types\/page"}],"author":[{"embeddable":true,"href":"https:\/\/www.hotelgimm.it\/de\/wp-json\/wp\/v2\/users\/1"}],"replies":[{"embeddable":true,"href":"https:\/\/www.hotelgimm.it\/de\/wp-json\/wp\/v2\/comments?post=592"}],"version-history":[{"count":4,"href":"https:\/\/www.hotelgimm.it\/de\/wp-json\/wp\/v2\/pages\/592\/revisions"}],"predecessor-version":[{"id":2278,"href":"https:\/\/www.hotelgimm.it\/de\/wp-json\/wp\/v2\/pages\/592\/revisions\/2278"}],"up":[{"embeddable":true,"href":"https:\/\/www.hotelgimm.it\/de\/wp-json\/wp\/v2\/pages\/578"}],"wp:featuredmedia":[{"embeddable":true,"href":"https:\/\/www.hotelgimm.it\/de\/wp-json\/wp\/v2\/media\/1215"}],"wp:attachment":[{"href":"https:\/\/www.hotelgimm.it\/de\/wp-json\/wp\/v2\/media?parent=592"}],"curies":[{"name":"wp","href":"https:\/\/api.w.org\/{rel}","templated":true}]}}