{"id":588,"date":"2019-02-11T16:31:38","date_gmt":"2019-02-11T15:31:38","guid":{"rendered":"https:\/\/www.hotelgimm.it\/?page_id=588"},"modified":"2019-05-12T13:55:16","modified_gmt":"2019-05-12T11:55:16","slug":"portogruaro","status":"publish","type":"page","link":"https:\/\/www.hotelgimm.it\/de\/bibione-umgebung\/ausfluege-in-der-umgebung\/portogruaro\/","title":{"rendered":"Portogruaro"},"content":{"rendered":"\n<p>&#8220;Nur das Wasser fehlte, um die \u00c4hnlichkeit mit Venedig zu vervollst\u00e4ndigen.&#8221; (Ippolito Nievo)<\/p>\n\n\n\n<p><br> Ein paar Kilometer von Bibione entfernt liegt Portogruaro, bekannt als &#8220;Stadt der Arkaden&#8221;. Geboren als Flusshafen im zw\u00f6lften Jahrhundert, wird es von Lemene Fluss \u00fcberquert, an dessen Ufer mit historischen Pal\u00e4sten in venezianischen gotischen Stil ges\u00e4umt. <\/p>\n\n\n\n<p><strong>Mit dem Auto in ca. 25 Minuten erreichbar, k\u00f6nnen Sie am Donnerstagmorgen den Wochenmarkt besuchen, einer der sch\u00f6nsten in der Umgebung.<\/strong><\/p>\n\n\n\n<ul class=\"wp-block-gallery columns-3 is-cropped\"><li class=\"blocks-gallery-item\"><figure><img loading=\"lazy\" width=\"400\" height=\"282\" src=\"https:\/\/www.hotelgimm.it\/wp-content\/uploads\/2019\/05\/Portogruaro-Venezia-Via-Martiri-Della-Liberta.jpg\" alt=\"\" data-id=\"2215\" data-link=\"https:\/\/www.hotelgimm.it\/bibione-dintorni\/dintorni\/portogruaro\/attachment\/portogruaro-venezia-via-martiri-della-liberta\/\" class=\"wp-image-2215\" srcset=\"https:\/\/www.hotelgimm.it\/wp-content\/uploads\/2019\/05\/Portogruaro-Venezia-Via-Martiri-Della-Liberta.jpg 400w, https:\/\/www.hotelgimm.it\/wp-content\/uploads\/2019\/05\/Portogruaro-Venezia-Via-Martiri-Della-Liberta-300x212.jpg 300w\" sizes=\"(max-width: 400px) 100vw, 400px\" \/><\/figure><\/li><li class=\"blocks-gallery-item\"><figure><img loading=\"lazy\" width=\"630\" height=\"430\" src=\"https:\/\/www.hotelgimm.it\/wp-content\/uploads\/2019\/05\/143.png\" alt=\"\" data-id=\"2221\" data-link=\"https:\/\/www.hotelgimm.it\/bibione-dintorni\/dintorni\/portogruaro\/attachment\/143\/\" class=\"wp-image-2221\" srcset=\"https:\/\/www.hotelgimm.it\/wp-content\/uploads\/2019\/05\/143.png 630w, https:\/\/www.hotelgimm.it\/wp-content\/uploads\/2019\/05\/143-300x205.png 300w\" sizes=\"(max-width: 630px) 100vw, 630px\" \/><\/figure><\/li><li class=\"blocks-gallery-item\"><figure><img loading=\"lazy\" width=\"710\" height=\"510\" src=\"https:\/\/www.hotelgimm.it\/wp-content\/uploads\/2019\/05\/424010707171256_Portogruaro_125211797.jpg\" alt=\"\" data-id=\"2224\" data-link=\"https:\/\/www.hotelgimm.it\/bibione-dintorni\/dintorni\/portogruaro\/attachment\/424010707171256_portogruaro_125211797\/\" class=\"wp-image-2224\" srcset=\"https:\/\/www.hotelgimm.it\/wp-content\/uploads\/2019\/05\/424010707171256_Portogruaro_125211797.jpg 710w, https:\/\/www.hotelgimm.it\/wp-content\/uploads\/2019\/05\/424010707171256_Portogruaro_125211797-300x215.jpg 300w\" sizes=\"(max-width: 710px) 100vw, 710px\" \/><\/figure><\/li><li class=\"blocks-gallery-item\"><figure><img loading=\"lazy\" width=\"550\" height=\"413\" src=\"https:\/\/www.hotelgimm.it\/wp-content\/uploads\/2019\/05\/caption.jpg\" alt=\"\" data-id=\"2227\" data-link=\"https:\/\/www.hotelgimm.it\/bibione-dintorni\/dintorni\/portogruaro\/attachment\/caption\/\" class=\"wp-image-2227\" srcset=\"https:\/\/www.hotelgimm.it\/wp-content\/uploads\/2019\/05\/caption.jpg 550w, https:\/\/www.hotelgimm.it\/wp-content\/uploads\/2019\/05\/caption-300x225.jpg 300w\" sizes=\"(max-width: 550px) 100vw, 550px\" \/><\/figure><\/li><\/ul>\n","protected":false},"excerpt":{"rendered":"<p>&#8220;Nur das Wasser fehlte, um die \u00c4hnlichkeit mit Venedig zu vervollst\u00e4ndigen.&#8221; (Ippolito Nievo) Ein paar Kilometer von Bibione entfernt liegt Portogruaro, bekannt als &#8220;Stadt der Arkaden&#8221;. Geboren als Flusshafen im zw\u00f6lften Jahrhundert, wird es von Lemene Fluss \u00fcberquert, an dessen Ufer mit historischen Pal\u00e4sten in venezianischen gotischen Stil ges\u00e4umt. Mit dem Auto in ca. 25 Minuten erreichbar, k\u00f6nnen Sie am Donnerstagmorgen den Wochenmarkt besuchen, einer der sch\u00f6nsten in der Umgebung.<\/p>\n","protected":false},"author":1,"featured_media":1222,"parent":578,"menu_order":4,"comment_status":"closed","ping_status":"closed","template":"page-ROOM_DETAIL.php","meta":[],"yoast_head":"<!-- This site is optimized with the Yoast SEO plugin v15.7 - https:\/\/yoast.com\/wordpress\/plugins\/seo\/ -->\n<title>Portogruaro - Hotel Gimm<\/title>\n<meta name=\"robots\" content=\"index, follow, max-snippet:-1, max-image-preview:large, max-video-preview:-1\" \/>\n<link rel=\"canonical\" href=\"https:\/\/www.hotelgimm.it\/de\/bibione-umgebung\/ausfluege-in-der-umgebung\/portogruaro\/\" \/>\n<meta property=\"og:locale\" content=\"de_DE\" \/>\n<meta property=\"og:type\" content=\"article\" \/>\n<meta property=\"og:title\" content=\"Portogruaro - Hotel Gimm\" \/>\n<meta property=\"og:description\" content=\"&#8220;Nur das Wasser fehlte, um die \u00c4hnlichkeit mit Venedig zu vervollst\u00e4ndigen.&#8221; (Ippolito Nievo) Ein paar Kilometer von Bibione entfernt liegt Portogruaro, bekannt als &#8220;Stadt der Arkaden&#8221;. Geboren als Flusshafen im zw\u00f6lften Jahrhundert, wird es von Lemene Fluss \u00fcberquert, an dessen Ufer mit historischen Pal\u00e4sten in venezianischen gotischen Stil ges\u00e4umt. Mit dem Auto in ca. 25 Minuten erreichbar, k\u00f6nnen Sie am Donnerstagmorgen den Wochenmarkt besuchen, einer der sch\u00f6nsten in der Umgebung.\" \/>\n<meta property=\"og:url\" content=\"https:\/\/www.hotelgimm.it\/de\/bibione-umgebung\/ausfluege-in-der-umgebung\/portogruaro\/\" \/>\n<meta property=\"og:site_name\" content=\"Hotel Gimm\" \/>\n<meta property=\"article:modified_time\" content=\"2019-05-12T11:55:16+00:00\" \/>\n<meta property=\"og:image\" content=\"https:\/\/www.hotelgimm.it\/wp-content\/uploads\/2019\/05\/Portogruaro.jpg\" \/>\n\t<meta property=\"og:image:width\" content=\"630\" \/>\n\t<meta property=\"og:image:height\" content=\"420\" \/>\n<meta name=\"twitter:card\" content=\"summary_large_image\" \/>\n<script type=\"application\/ld+json\" class=\"yoast-schema-graph\">{\"@context\":\"https:\/\/schema.org\",\"@graph\":[{\"@type\":\"WebSite\",\"@id\":\"https:\/\/www.hotelgimm.it\/#website\",\"url\":\"https:\/\/www.hotelgimm.it\/\",\"name\":\"Hotel Gimm\",\"description\":\"\",\"potentialAction\":[{\"@type\":\"SearchAction\",\"target\":\"https:\/\/www.hotelgimm.it\/?s={search_term_string}\",\"query-input\":\"required name=search_term_string\"}],\"inLanguage\":\"de-DE\"},{\"@type\":\"ImageObject\",\"@id\":\"https:\/\/www.hotelgimm.it\/de\/bibione-umgebung\/ausfluege-in-der-umgebung\/portogruaro\/#primaryimage\",\"inLanguage\":\"de-DE\",\"url\":\"https:\/\/www.hotelgimm.it\/wp-content\/uploads\/2019\/05\/Portogruaro.jpg\",\"width\":630,\"height\":420},{\"@type\":\"WebPage\",\"@id\":\"https:\/\/www.hotelgimm.it\/de\/bibione-umgebung\/ausfluege-in-der-umgebung\/portogruaro\/#webpage\",\"url\":\"https:\/\/www.hotelgimm.it\/de\/bibione-umgebung\/ausfluege-in-der-umgebung\/portogruaro\/\",\"name\":\"Portogruaro - Hotel Gimm\",\"isPartOf\":{\"@id\":\"https:\/\/www.hotelgimm.it\/#website\"},\"primaryImageOfPage\":{\"@id\":\"https:\/\/www.hotelgimm.it\/de\/bibione-umgebung\/ausfluege-in-der-umgebung\/portogruaro\/#primaryimage\"},\"datePublished\":\"2019-02-11T15:31:38+00:00\",\"dateModified\":\"2019-05-12T11:55:16+00:00\",\"breadcrumb\":{\"@id\":\"https:\/\/www.hotelgimm.it\/de\/bibione-umgebung\/ausfluege-in-der-umgebung\/portogruaro\/#breadcrumb\"},\"inLanguage\":\"de-DE\",\"potentialAction\":[{\"@type\":\"ReadAction\",\"target\":[\"https:\/\/www.hotelgimm.it\/de\/bibione-umgebung\/ausfluege-in-der-umgebung\/portogruaro\/\"]}]},{\"@type\":\"BreadcrumbList\",\"@id\":\"https:\/\/www.hotelgimm.it\/de\/bibione-umgebung\/ausfluege-in-der-umgebung\/portogruaro\/#breadcrumb\",\"itemListElement\":[{\"@type\":\"ListItem\",\"position\":1,\"item\":{\"@type\":\"WebPage\",\"@id\":\"https:\/\/www.hotelgimm.it\/de\/\",\"url\":\"https:\/\/www.hotelgimm.it\/de\/\",\"name\":\"Home\"}},{\"@type\":\"ListItem\",\"position\":2,\"item\":{\"@type\":\"WebPage\",\"@id\":\"https:\/\/www.hotelgimm.it\/de\/bibione-umgebung\/\",\"url\":\"https:\/\/www.hotelgimm.it\/de\/bibione-umgebung\/\",\"name\":\"Bibione &#038; Umgebung\"}},{\"@type\":\"ListItem\",\"position\":3,\"item\":{\"@type\":\"WebPage\",\"@id\":\"https:\/\/www.hotelgimm.it\/de\/bibione-umgebung\/ausfluege-in-der-umgebung\/\",\"url\":\"https:\/\/www.hotelgimm.it\/de\/bibione-umgebung\/ausfluege-in-der-umgebung\/\",\"name\":\"Ausfl\\u00fcge in der Umgebung\"}},{\"@type\":\"ListItem\",\"position\":4,\"item\":{\"@type\":\"WebPage\",\"@id\":\"https:\/\/www.hotelgimm.it\/de\/bibione-umgebung\/ausfluege-in-der-umgebung\/portogruaro\/\",\"url\":\"https:\/\/www.hotelgimm.it\/de\/bibione-umgebung\/ausfluege-in-der-umgebung\/portogruaro\/\",\"name\":\"Portogruaro\"}}]}]}<\/script>\n<!-- \/ Yoast SEO plugin. -->","_links":{"self":[{"href":"https:\/\/www.hotelgimm.it\/de\/wp-json\/wp\/v2\/pages\/588"}],"collection":[{"href":"https:\/\/www.hotelgimm.it\/de\/wp-json\/wp\/v2\/pages"}],"about":[{"href":"https:\/\/www.hotelgimm.it\/de\/wp-json\/wp\/v2\/types\/page"}],"author":[{"embeddable":true,"href":"https:\/\/www.hotelgimm.it\/de\/wp-json\/wp\/v2\/users\/1"}],"replies":[{"embeddable":true,"href":"https:\/\/www.hotelgimm.it\/de\/wp-json\/wp\/v2\/comments?post=588"}],"version-history":[{"count":4,"href":"https:\/\/www.hotelgimm.it\/de\/wp-json\/wp\/v2\/pages\/588\/revisions"}],"predecessor-version":[{"id":2236,"href":"https:\/\/www.hotelgimm.it\/de\/wp-json\/wp\/v2\/pages\/588\/revisions\/2236"}],"up":[{"embeddable":true,"href":"https:\/\/www.hotelgimm.it\/de\/wp-json\/wp\/v2\/pages\/578"}],"wp:featuredmedia":[{"embeddable":true,"href":"https:\/\/www.hotelgimm.it\/de\/wp-json\/wp\/v2\/media\/1222"}],"wp:attachment":[{"href":"https:\/\/www.hotelgimm.it\/de\/wp-json\/wp\/v2\/media?parent=588"}],"curies":[{"name":"wp","href":"https:\/\/api.w.org\/{rel}","templated":true}]}}