{"id":586,"date":"2019-02-11T16:30:05","date_gmt":"2019-02-11T15:30:05","guid":{"rendered":"https:\/\/www.hotelgimm.it\/?page_id=586"},"modified":"2019-05-12T13:46:15","modified_gmt":"2019-05-12T11:46:15","slug":"die-lagune-und-die-taeler-von-bibione","status":"publish","type":"page","link":"https:\/\/www.hotelgimm.it\/de\/bibione-umgebung\/ausfluege-in-der-umgebung\/die-lagune-und-die-taeler-von-bibione\/","title":{"rendered":"Die Lagune und die T\u00e4ler von Bibione"},"content":{"rendered":"\n<p><strong>T\u00e4glich starten vom Hafen von Bibione zahlreiche Ausfl\u00fcge, um das Meer, die Lagune und ihre historischen T\u00e4ler sowie die umliegenden Inseln zu besuchen. <\/strong><\/p>\n\n\n\n<p>Entdecken Sie Bibione durch sein Wasser ist eine einzigartige und faszinierende Erfahrung. Mit dem Boot k\u00f6nnen Sie abgelegene Orte besuchen, begleitet von Wind und Wellen, M\u00f6wen und der Natur. <\/p>\n\n\n\n<p><strong>F\u00fcr Informationen und Reservierungen wenden Sie sich bitte an die Rezeption.<\/strong><\/p>\n\n\n\n<ul class=\"wp-block-gallery columns-3 is-cropped\"><li class=\"blocks-gallery-item\"><figure><img loading=\"lazy\" width=\"660\" height=\"340\" src=\"https:\/\/www.hotelgimm.it\/wp-content\/uploads\/2019\/05\/Aironi_a_Bibione_medium.jpg\" alt=\"\" data-id=\"2190\" data-link=\"https:\/\/www.hotelgimm.it\/bibione-dintorni\/dintorni\/la-laguna-e-le-valli-di-bibione\/attachment\/aironi_a_bibione_medium\/\" class=\"wp-image-2190\" srcset=\"https:\/\/www.hotelgimm.it\/wp-content\/uploads\/2019\/05\/Aironi_a_Bibione_medium.jpg 660w, https:\/\/www.hotelgimm.it\/wp-content\/uploads\/2019\/05\/Aironi_a_Bibione_medium-300x155.jpg 300w\" sizes=\"(max-width: 660px) 100vw, 660px\" \/><\/figure><\/li><li class=\"blocks-gallery-item\"><figure><img loading=\"lazy\" width=\"531\" height=\"340\" src=\"https:\/\/www.hotelgimm.it\/wp-content\/uploads\/2019\/05\/captain-igloo-laguna-bibione-escursione-casoni-canali-1-1-531x340.jpg\" alt=\"\" data-id=\"2193\" data-link=\"https:\/\/www.hotelgimm.it\/bibione-dintorni\/dintorni\/la-laguna-e-le-valli-di-bibione\/attachment\/captain-igloo-laguna-bibione-escursione-casoni-canali-1-1-531x340\/\" class=\"wp-image-2193\" srcset=\"https:\/\/www.hotelgimm.it\/wp-content\/uploads\/2019\/05\/captain-igloo-laguna-bibione-escursione-casoni-canali-1-1-531x340.jpg 531w, https:\/\/www.hotelgimm.it\/wp-content\/uploads\/2019\/05\/captain-igloo-laguna-bibione-escursione-casoni-canali-1-1-531x340-300x192.jpg 300w\" sizes=\"(max-width: 531px) 100vw, 531px\" \/><\/figure><\/li><li class=\"blocks-gallery-item\"><figure><img loading=\"lazy\" width=\"1024\" height=\"519\" src=\"https:\/\/www.hotelgimm.it\/wp-content\/uploads\/2019\/05\/captain-igloo-escursione-grande-bibione-1-1-1024x519-1024x519.jpg\" alt=\"\" data-id=\"2196\" data-link=\"https:\/\/www.hotelgimm.it\/bibione-dintorni\/dintorni\/la-laguna-e-le-valli-di-bibione\/attachment\/captain-igloo-escursione-grande-bibione-1-1-1024x519\/\" class=\"wp-image-2196\" srcset=\"https:\/\/www.hotelgimm.it\/wp-content\/uploads\/2019\/05\/captain-igloo-escursione-grande-bibione-1-1-1024x519.jpg 1024w, https:\/\/www.hotelgimm.it\/wp-content\/uploads\/2019\/05\/captain-igloo-escursione-grande-bibione-1-1-1024x519-300x152.jpg 300w, https:\/\/www.hotelgimm.it\/wp-content\/uploads\/2019\/05\/captain-igloo-escursione-grande-bibione-1-1-1024x519-768x389.jpg 768w\" sizes=\"(max-width: 1024px) 100vw, 1024px\" \/><\/figure><\/li><li class=\"blocks-gallery-item\"><figure><img loading=\"lazy\" width=\"1024\" height=\"370\" src=\"https:\/\/www.hotelgimm.it\/wp-content\/uploads\/2019\/05\/escursioni_bici_Casoni_prati_nuovi-1-1-1024x370.jpg\" alt=\"\" data-id=\"2199\" data-link=\"https:\/\/www.hotelgimm.it\/bibione-dintorni\/dintorni\/la-laguna-e-le-valli-di-bibione\/attachment\/escursioni_bici_casoni_prati_nuovi-1-1\/\" class=\"wp-image-2199\" srcset=\"https:\/\/www.hotelgimm.it\/wp-content\/uploads\/2019\/05\/escursioni_bici_Casoni_prati_nuovi-1-1-1024x370.jpg 1024w, https:\/\/www.hotelgimm.it\/wp-content\/uploads\/2019\/05\/escursioni_bici_Casoni_prati_nuovi-1-1-300x108.jpg 300w, https:\/\/www.hotelgimm.it\/wp-content\/uploads\/2019\/05\/escursioni_bici_Casoni_prati_nuovi-1-1-768x277.jpg 768w, https:\/\/www.hotelgimm.it\/wp-content\/uploads\/2019\/05\/escursioni_bici_Casoni_prati_nuovi-1-1.jpg 1440w\" sizes=\"(max-width: 1024px) 100vw, 1024px\" \/><\/figure><\/li><\/ul>\n","protected":false},"excerpt":{"rendered":"<p>T\u00e4glich starten vom Hafen von Bibione zahlreiche Ausfl\u00fcge, um das Meer, die Lagune und ihre historischen T\u00e4ler sowie die umliegenden Inseln zu besuchen. Entdecken Sie Bibione durch sein Wasser ist eine einzigartige und faszinierende Erfahrung. Mit dem Boot k\u00f6nnen Sie abgelegene Orte besuchen, begleitet von Wind und Wellen, M\u00f6wen und der Natur. F\u00fcr Informationen und Reservierungen wenden Sie sich bitte an die Rezeption.<\/p>\n","protected":false},"author":1,"featured_media":1212,"parent":578,"menu_order":3,"comment_status":"closed","ping_status":"closed","template":"page-ROOM_DETAIL.php","meta":[],"yoast_head":"<!-- This site is optimized with the Yoast SEO plugin v15.7 - https:\/\/yoast.com\/wordpress\/plugins\/seo\/ -->\n<title>Die Lagune und die T\u00e4ler von Bibione - Hotel Gimm<\/title>\n<meta name=\"robots\" content=\"index, follow, max-snippet:-1, max-image-preview:large, max-video-preview:-1\" \/>\n<link rel=\"canonical\" href=\"https:\/\/www.hotelgimm.it\/de\/bibione-umgebung\/ausfluege-in-der-umgebung\/die-lagune-und-die-taeler-von-bibione\/\" \/>\n<meta property=\"og:locale\" content=\"de_DE\" \/>\n<meta property=\"og:type\" content=\"article\" \/>\n<meta property=\"og:title\" content=\"Die Lagune und die T\u00e4ler von Bibione - Hotel Gimm\" \/>\n<meta property=\"og:description\" content=\"T\u00e4glich starten vom Hafen von Bibione zahlreiche Ausfl\u00fcge, um das Meer, die Lagune und ihre historischen T\u00e4ler sowie die umliegenden Inseln zu besuchen. Entdecken Sie Bibione durch sein Wasser ist eine einzigartige und faszinierende Erfahrung. Mit dem Boot k\u00f6nnen Sie abgelegene Orte besuchen, begleitet von Wind und Wellen, M\u00f6wen und der Natur. F\u00fcr Informationen und Reservierungen wenden Sie sich bitte an die Rezeption.\" \/>\n<meta property=\"og:url\" content=\"https:\/\/www.hotelgimm.it\/de\/bibione-umgebung\/ausfluege-in-der-umgebung\/die-lagune-und-die-taeler-von-bibione\/\" \/>\n<meta property=\"og:site_name\" content=\"Hotel Gimm\" \/>\n<meta property=\"article:modified_time\" content=\"2019-05-12T11:46:15+00:00\" \/>\n<meta property=\"og:image\" content=\"https:\/\/www.hotelgimm.it\/wp-content\/uploads\/2019\/05\/blog-laguna-03.jpg\" \/>\n\t<meta property=\"og:image:width\" content=\"1200\" \/>\n\t<meta property=\"og:image:height\" content=\"500\" \/>\n<meta name=\"twitter:card\" content=\"summary_large_image\" \/>\n<script type=\"application\/ld+json\" class=\"yoast-schema-graph\">{\"@context\":\"https:\/\/schema.org\",\"@graph\":[{\"@type\":\"WebSite\",\"@id\":\"https:\/\/www.hotelgimm.it\/#website\",\"url\":\"https:\/\/www.hotelgimm.it\/\",\"name\":\"Hotel Gimm\",\"description\":\"\",\"potentialAction\":[{\"@type\":\"SearchAction\",\"target\":\"https:\/\/www.hotelgimm.it\/?s={search_term_string}\",\"query-input\":\"required name=search_term_string\"}],\"inLanguage\":\"de-DE\"},{\"@type\":\"ImageObject\",\"@id\":\"https:\/\/www.hotelgimm.it\/de\/bibione-umgebung\/ausfluege-in-der-umgebung\/die-lagune-und-die-taeler-von-bibione\/#primaryimage\",\"inLanguage\":\"de-DE\",\"url\":\"https:\/\/www.hotelgimm.it\/wp-content\/uploads\/2019\/05\/blog-laguna-03.jpg\",\"width\":1200,\"height\":500},{\"@type\":\"WebPage\",\"@id\":\"https:\/\/www.hotelgimm.it\/de\/bibione-umgebung\/ausfluege-in-der-umgebung\/die-lagune-und-die-taeler-von-bibione\/#webpage\",\"url\":\"https:\/\/www.hotelgimm.it\/de\/bibione-umgebung\/ausfluege-in-der-umgebung\/die-lagune-und-die-taeler-von-bibione\/\",\"name\":\"Die Lagune und die T\\u00e4ler von Bibione - Hotel Gimm\",\"isPartOf\":{\"@id\":\"https:\/\/www.hotelgimm.it\/#website\"},\"primaryImageOfPage\":{\"@id\":\"https:\/\/www.hotelgimm.it\/de\/bibione-umgebung\/ausfluege-in-der-umgebung\/die-lagune-und-die-taeler-von-bibione\/#primaryimage\"},\"datePublished\":\"2019-02-11T15:30:05+00:00\",\"dateModified\":\"2019-05-12T11:46:15+00:00\",\"breadcrumb\":{\"@id\":\"https:\/\/www.hotelgimm.it\/de\/bibione-umgebung\/ausfluege-in-der-umgebung\/die-lagune-und-die-taeler-von-bibione\/#breadcrumb\"},\"inLanguage\":\"de-DE\",\"potentialAction\":[{\"@type\":\"ReadAction\",\"target\":[\"https:\/\/www.hotelgimm.it\/de\/bibione-umgebung\/ausfluege-in-der-umgebung\/die-lagune-und-die-taeler-von-bibione\/\"]}]},{\"@type\":\"BreadcrumbList\",\"@id\":\"https:\/\/www.hotelgimm.it\/de\/bibione-umgebung\/ausfluege-in-der-umgebung\/die-lagune-und-die-taeler-von-bibione\/#breadcrumb\",\"itemListElement\":[{\"@type\":\"ListItem\",\"position\":1,\"item\":{\"@type\":\"WebPage\",\"@id\":\"https:\/\/www.hotelgimm.it\/de\/\",\"url\":\"https:\/\/www.hotelgimm.it\/de\/\",\"name\":\"Home\"}},{\"@type\":\"ListItem\",\"position\":2,\"item\":{\"@type\":\"WebPage\",\"@id\":\"https:\/\/www.hotelgimm.it\/de\/bibione-umgebung\/\",\"url\":\"https:\/\/www.hotelgimm.it\/de\/bibione-umgebung\/\",\"name\":\"Bibione &#038; Umgebung\"}},{\"@type\":\"ListItem\",\"position\":3,\"item\":{\"@type\":\"WebPage\",\"@id\":\"https:\/\/www.hotelgimm.it\/de\/bibione-umgebung\/ausfluege-in-der-umgebung\/\",\"url\":\"https:\/\/www.hotelgimm.it\/de\/bibione-umgebung\/ausfluege-in-der-umgebung\/\",\"name\":\"Ausfl\\u00fcge in der Umgebung\"}},{\"@type\":\"ListItem\",\"position\":4,\"item\":{\"@type\":\"WebPage\",\"@id\":\"https:\/\/www.hotelgimm.it\/de\/bibione-umgebung\/ausfluege-in-der-umgebung\/die-lagune-und-die-taeler-von-bibione\/\",\"url\":\"https:\/\/www.hotelgimm.it\/de\/bibione-umgebung\/ausfluege-in-der-umgebung\/die-lagune-und-die-taeler-von-bibione\/\",\"name\":\"Die Lagune und die T\\u00e4ler von Bibione\"}}]}]}<\/script>\n<!-- \/ Yoast SEO plugin. -->","_links":{"self":[{"href":"https:\/\/www.hotelgimm.it\/de\/wp-json\/wp\/v2\/pages\/586"}],"collection":[{"href":"https:\/\/www.hotelgimm.it\/de\/wp-json\/wp\/v2\/pages"}],"about":[{"href":"https:\/\/www.hotelgimm.it\/de\/wp-json\/wp\/v2\/types\/page"}],"author":[{"embeddable":true,"href":"https:\/\/www.hotelgimm.it\/de\/wp-json\/wp\/v2\/users\/1"}],"replies":[{"embeddable":true,"href":"https:\/\/www.hotelgimm.it\/de\/wp-json\/wp\/v2\/comments?post=586"}],"version-history":[{"count":4,"href":"https:\/\/www.hotelgimm.it\/de\/wp-json\/wp\/v2\/pages\/586\/revisions"}],"predecessor-version":[{"id":2211,"href":"https:\/\/www.hotelgimm.it\/de\/wp-json\/wp\/v2\/pages\/586\/revisions\/2211"}],"up":[{"embeddable":true,"href":"https:\/\/www.hotelgimm.it\/de\/wp-json\/wp\/v2\/pages\/578"}],"wp:featuredmedia":[{"embeddable":true,"href":"https:\/\/www.hotelgimm.it\/de\/wp-json\/wp\/v2\/media\/1212"}],"wp:attachment":[{"href":"https:\/\/www.hotelgimm.it\/de\/wp-json\/wp\/v2\/media?parent=586"}],"curies":[{"name":"wp","href":"https:\/\/api.w.org\/{rel}","templated":true}]}}