{"id":582,"date":"2019-02-11T16:28:07","date_gmt":"2019-02-11T15:28:07","guid":{"rendered":"https:\/\/www.hotelgimm.it\/?page_id=582"},"modified":"2019-05-12T12:52:39","modified_gmt":"2019-05-12T10:52:39","slug":"venedig","status":"publish","type":"page","link":"https:\/\/www.hotelgimm.it\/de\/bibione-umgebung\/ausfluege-in-der-umgebung\/venedig\/","title":{"rendered":"Venedig"},"content":{"rendered":"\n<p>In weniger als einer Stunde k\u00f6nnen Sie mit dem Auto oder dem Zug die Hauptstadt Venetiens erreichen und ihre Sch\u00f6nheit genie\u00dfen. <\/p>\n\n\n\n<p>Die Museen, die Pal\u00e4ste, die Stra\u00dfen, die Gesch\u00e4fte, die tausend Kan\u00e4le, die in der Lagune verloren gehen. Der Wert des Badeortes wird auch durch die N\u00e4he zu wundersch\u00f6nen Orten bestimmt.<br><\/p>\n\n\n\n<p>Das w\u00fcnschenswerteste Reiseziel f\u00fcr alle, die in Bibione Urlaub machen, ist <strong>Venedig<\/strong>. <\/p>\n\n\n\n<p><strong>Diese ist mit dem Zug erreichbar<\/strong>, nachdem Sie die Route Bibione-Latisana auch mit dem Bus <strong>oder direkt mit dem Auto<\/strong> zur\u00fcckgelegt haben. W\u00e4hrend der gesamten Reise sind es etwas mehr als 100 Kilometer. <\/p>\n\n\n\n<p>Eine ausgezeichnete <strong>Alternative ist die Kombination aus Bus + Schiff<\/strong>, die direkt zum Markusplatz f\u00fchrt. Ein komfortabler und eindrucksvoller Ausflug, mit dem Sie alle Gedanken \u00fcber das Fahren, den Verkehr und das Parken in Ihrem Auto vermeiden k\u00f6nnen. Bei dieser L\u00f6sung besteht die M\u00f6glichkeit, einen Fremdenf\u00fchrer zu haben. <\/p>\n\n\n\n<p><strong>F\u00fcr weitere Informationen und Reservierungen wenden Sie sich bitte an die Rezeption.<\/strong><\/p>\n\n\n\n<ul class=\"wp-block-gallery columns-3 is-cropped\"><li class=\"blocks-gallery-item\"><figure><img loading=\"lazy\" width=\"560\" height=\"315\" src=\"https:\/\/www.hotelgimm.it\/wp-content\/uploads\/2019\/05\/192250223-bef88d58-5f80-416a-81c0-9374fb7d4796.jpg\" alt=\"\" data-id=\"2140\" data-link=\"https:\/\/www.hotelgimm.it\/bibione-dintorni\/dintorni\/venezia\/attachment\/192250223-bef88d58-5f80-416a-81c0-9374fb7d4796\/\" class=\"wp-image-2140\" srcset=\"https:\/\/www.hotelgimm.it\/wp-content\/uploads\/2019\/05\/192250223-bef88d58-5f80-416a-81c0-9374fb7d4796.jpg 560w, https:\/\/www.hotelgimm.it\/wp-content\/uploads\/2019\/05\/192250223-bef88d58-5f80-416a-81c0-9374fb7d4796-300x169.jpg 300w\" sizes=\"(max-width: 560px) 100vw, 560px\" \/><\/figure><\/li><li class=\"blocks-gallery-item\"><figure><img loading=\"lazy\" width=\"660\" height=\"494\" src=\"https:\/\/www.hotelgimm.it\/wp-content\/uploads\/2019\/05\/lorenzo-quinn-support-venezia-installazione.jpg\" alt=\"\" data-id=\"2143\" data-link=\"https:\/\/www.hotelgimm.it\/bibione-dintorni\/dintorni\/venezia\/attachment\/lorenzo-quinn-support-venezia-installazione\/\" class=\"wp-image-2143\" srcset=\"https:\/\/www.hotelgimm.it\/wp-content\/uploads\/2019\/05\/lorenzo-quinn-support-venezia-installazione.jpg 660w, https:\/\/www.hotelgimm.it\/wp-content\/uploads\/2019\/05\/lorenzo-quinn-support-venezia-installazione-300x225.jpg 300w\" sizes=\"(max-width: 660px) 100vw, 660px\" \/><\/figure><\/li><li class=\"blocks-gallery-item\"><figure><img loading=\"lazy\" width=\"670\" height=\"400\" src=\"https:\/\/www.hotelgimm.it\/wp-content\/uploads\/2019\/05\/a533303f94.jpg\" alt=\"\" data-id=\"2146\" data-link=\"https:\/\/www.hotelgimm.it\/bibione-dintorni\/dintorni\/venezia\/attachment\/a533303f94\/\" class=\"wp-image-2146\" srcset=\"https:\/\/www.hotelgimm.it\/wp-content\/uploads\/2019\/05\/a533303f94.jpg 670w, https:\/\/www.hotelgimm.it\/wp-content\/uploads\/2019\/05\/a533303f94-300x179.jpg 300w\" sizes=\"(max-width: 670px) 100vw, 670px\" \/><\/figure><\/li><li class=\"blocks-gallery-item\"><figure><img loading=\"lazy\" width=\"654\" height=\"436\" src=\"https:\/\/www.hotelgimm.it\/wp-content\/uploads\/2019\/05\/venezia-3-maxw-654.jpg\" alt=\"\" data-id=\"2149\" data-link=\"https:\/\/www.hotelgimm.it\/bibione-dintorni\/dintorni\/venezia\/attachment\/venezia-3-maxw-654\/\" class=\"wp-image-2149\" srcset=\"https:\/\/www.hotelgimm.it\/wp-content\/uploads\/2019\/05\/venezia-3-maxw-654.jpg 654w, https:\/\/www.hotelgimm.it\/wp-content\/uploads\/2019\/05\/venezia-3-maxw-654-300x200.jpg 300w\" sizes=\"(max-width: 654px) 100vw, 654px\" \/><\/figure><\/li><li class=\"blocks-gallery-item\"><figure><img loading=\"lazy\" width=\"620\" height=\"413\" src=\"https:\/\/www.hotelgimm.it\/wp-content\/uploads\/2019\/05\/venezia-1.jpg\" alt=\"\" data-id=\"2152\" data-link=\"https:\/\/www.hotelgimm.it\/bibione-dintorni\/dintorni\/venezia\/attachment\/venezia-1\/\" class=\"wp-image-2152\" srcset=\"https:\/\/www.hotelgimm.it\/wp-content\/uploads\/2019\/05\/venezia-1.jpg 620w, https:\/\/www.hotelgimm.it\/wp-content\/uploads\/2019\/05\/venezia-1-300x200.jpg 300w\" sizes=\"(max-width: 620px) 100vw, 620px\" \/><\/figure><\/li><\/ul>\n","protected":false},"excerpt":{"rendered":"<p>In weniger als einer Stunde k\u00f6nnen Sie mit dem Auto oder dem Zug die Hauptstadt Venetiens erreichen und ihre Sch\u00f6nheit genie\u00dfen. Die Museen, die Pal\u00e4ste, die Stra\u00dfen, die Gesch\u00e4fte, die tausend Kan\u00e4le, die in der Lagune verloren gehen. Der Wert des Badeortes wird auch durch die N\u00e4he zu wundersch\u00f6nen Orten bestimmt. Das w\u00fcnschenswerteste Reiseziel f\u00fcr alle, die in Bibione Urlaub machen, ist Venedig. Diese ist mit dem Zug erreichbar, nachdem Sie die Route Bibione-Latisana auch mit dem Bus oder direkt mit dem Auto zur\u00fcckgelegt haben. W\u00e4hrend der gesamten Reise sind es etwas mehr als 100 Kilometer. Eine ausgezeichnete Alternative ist die Kombination aus Bus + Schiff, die direkt zum Markusplatz f\u00fchrt. Ein komfortabler und eindrucksvoller Ausflug, mit dem Sie alle Gedanken \u00fcber das Fahren, den Verkehr und das Parken in Ihrem Auto vermeiden k\u00f6nnen. Bei dieser L\u00f6sung besteht die M\u00f6glichkeit, einen Fremdenf\u00fchrer zu haben. F\u00fcr weitere Informationen und Reservierungen wenden Sie sich bitte an die Rezeption.<\/p>\n","protected":false},"author":1,"featured_media":1192,"parent":578,"menu_order":1,"comment_status":"closed","ping_status":"closed","template":"page-ROOM_DETAIL.php","meta":[],"yoast_head":"<!-- This site is optimized with the Yoast SEO plugin v15.7 - https:\/\/yoast.com\/wordpress\/plugins\/seo\/ -->\n<title>Venedig - Hotel Gimm<\/title>\n<meta name=\"robots\" content=\"index, follow, max-snippet:-1, max-image-preview:large, max-video-preview:-1\" \/>\n<link rel=\"canonical\" href=\"https:\/\/www.hotelgimm.it\/de\/bibione-umgebung\/ausfluege-in-der-umgebung\/venedig\/\" \/>\n<meta property=\"og:locale\" content=\"de_DE\" \/>\n<meta property=\"og:type\" content=\"article\" \/>\n<meta property=\"og:title\" content=\"Venedig - Hotel Gimm\" \/>\n<meta property=\"og:description\" content=\"In weniger als einer Stunde k\u00f6nnen Sie mit dem Auto oder dem Zug die Hauptstadt Venetiens erreichen und ihre Sch\u00f6nheit genie\u00dfen. Die Museen, die Pal\u00e4ste, die Stra\u00dfen, die Gesch\u00e4fte, die tausend Kan\u00e4le, die in der Lagune verloren gehen. Der Wert des Badeortes wird auch durch die N\u00e4he zu wundersch\u00f6nen Orten bestimmt. Das w\u00fcnschenswerteste Reiseziel f\u00fcr alle, die in Bibione Urlaub machen, ist Venedig. Diese ist mit dem Zug erreichbar, nachdem Sie die Route Bibione-Latisana auch mit dem Bus oder direkt mit dem Auto zur\u00fcckgelegt haben. W\u00e4hrend der gesamten Reise sind es etwas mehr als 100 Kilometer. Eine ausgezeichnete Alternative ist die Kombination aus Bus + Schiff, die direkt zum Markusplatz f\u00fchrt. Ein komfortabler und eindrucksvoller Ausflug, mit dem Sie alle Gedanken \u00fcber das Fahren, den Verkehr und das Parken in Ihrem Auto vermeiden k\u00f6nnen. Bei dieser L\u00f6sung besteht die M\u00f6glichkeit, einen Fremdenf\u00fchrer zu haben. F\u00fcr weitere Informationen und Reservierungen wenden Sie sich bitte an die Rezeption.\" \/>\n<meta property=\"og:url\" content=\"https:\/\/www.hotelgimm.it\/de\/bibione-umgebung\/ausfluege-in-der-umgebung\/venedig\/\" \/>\n<meta property=\"og:site_name\" content=\"Hotel Gimm\" \/>\n<meta property=\"article:modified_time\" content=\"2019-05-12T10:52:39+00:00\" \/>\n<meta property=\"og:image\" content=\"https:\/\/www.hotelgimm.it\/wp-content\/uploads\/2019\/05\/Venezia.jpg\" \/>\n\t<meta property=\"og:image:width\" content=\"610\" \/>\n\t<meta property=\"og:image:height\" content=\"321\" \/>\n<meta name=\"twitter:card\" content=\"summary_large_image\" \/>\n<meta name=\"twitter:label1\" content=\"Gesch\u00e4tzte Lesezeit\">\n\t<meta name=\"twitter:data1\" content=\"1 Minute\">\n<script type=\"application\/ld+json\" class=\"yoast-schema-graph\">{\"@context\":\"https:\/\/schema.org\",\"@graph\":[{\"@type\":\"WebSite\",\"@id\":\"https:\/\/www.hotelgimm.it\/#website\",\"url\":\"https:\/\/www.hotelgimm.it\/\",\"name\":\"Hotel Gimm\",\"description\":\"\",\"potentialAction\":[{\"@type\":\"SearchAction\",\"target\":\"https:\/\/www.hotelgimm.it\/?s={search_term_string}\",\"query-input\":\"required name=search_term_string\"}],\"inLanguage\":\"de-DE\"},{\"@type\":\"ImageObject\",\"@id\":\"https:\/\/www.hotelgimm.it\/de\/bibione-umgebung\/ausfluege-in-der-umgebung\/venedig\/#primaryimage\",\"inLanguage\":\"de-DE\",\"url\":\"https:\/\/www.hotelgimm.it\/wp-content\/uploads\/2019\/05\/Venezia.jpg\",\"width\":610,\"height\":321},{\"@type\":\"WebPage\",\"@id\":\"https:\/\/www.hotelgimm.it\/de\/bibione-umgebung\/ausfluege-in-der-umgebung\/venedig\/#webpage\",\"url\":\"https:\/\/www.hotelgimm.it\/de\/bibione-umgebung\/ausfluege-in-der-umgebung\/venedig\/\",\"name\":\"Venedig - Hotel Gimm\",\"isPartOf\":{\"@id\":\"https:\/\/www.hotelgimm.it\/#website\"},\"primaryImageOfPage\":{\"@id\":\"https:\/\/www.hotelgimm.it\/de\/bibione-umgebung\/ausfluege-in-der-umgebung\/venedig\/#primaryimage\"},\"datePublished\":\"2019-02-11T15:28:07+00:00\",\"dateModified\":\"2019-05-12T10:52:39+00:00\",\"breadcrumb\":{\"@id\":\"https:\/\/www.hotelgimm.it\/de\/bibione-umgebung\/ausfluege-in-der-umgebung\/venedig\/#breadcrumb\"},\"inLanguage\":\"de-DE\",\"potentialAction\":[{\"@type\":\"ReadAction\",\"target\":[\"https:\/\/www.hotelgimm.it\/de\/bibione-umgebung\/ausfluege-in-der-umgebung\/venedig\/\"]}]},{\"@type\":\"BreadcrumbList\",\"@id\":\"https:\/\/www.hotelgimm.it\/de\/bibione-umgebung\/ausfluege-in-der-umgebung\/venedig\/#breadcrumb\",\"itemListElement\":[{\"@type\":\"ListItem\",\"position\":1,\"item\":{\"@type\":\"WebPage\",\"@id\":\"https:\/\/www.hotelgimm.it\/de\/\",\"url\":\"https:\/\/www.hotelgimm.it\/de\/\",\"name\":\"Home\"}},{\"@type\":\"ListItem\",\"position\":2,\"item\":{\"@type\":\"WebPage\",\"@id\":\"https:\/\/www.hotelgimm.it\/de\/bibione-umgebung\/\",\"url\":\"https:\/\/www.hotelgimm.it\/de\/bibione-umgebung\/\",\"name\":\"Bibione &#038; Umgebung\"}},{\"@type\":\"ListItem\",\"position\":3,\"item\":{\"@type\":\"WebPage\",\"@id\":\"https:\/\/www.hotelgimm.it\/de\/bibione-umgebung\/ausfluege-in-der-umgebung\/\",\"url\":\"https:\/\/www.hotelgimm.it\/de\/bibione-umgebung\/ausfluege-in-der-umgebung\/\",\"name\":\"Ausfl\\u00fcge in der Umgebung\"}},{\"@type\":\"ListItem\",\"position\":4,\"item\":{\"@type\":\"WebPage\",\"@id\":\"https:\/\/www.hotelgimm.it\/de\/bibione-umgebung\/ausfluege-in-der-umgebung\/venedig\/\",\"url\":\"https:\/\/www.hotelgimm.it\/de\/bibione-umgebung\/ausfluege-in-der-umgebung\/venedig\/\",\"name\":\"Venedig\"}}]}]}<\/script>\n<!-- \/ Yoast SEO plugin. -->","_links":{"self":[{"href":"https:\/\/www.hotelgimm.it\/de\/wp-json\/wp\/v2\/pages\/582"}],"collection":[{"href":"https:\/\/www.hotelgimm.it\/de\/wp-json\/wp\/v2\/pages"}],"about":[{"href":"https:\/\/www.hotelgimm.it\/de\/wp-json\/wp\/v2\/types\/page"}],"author":[{"embeddable":true,"href":"https:\/\/www.hotelgimm.it\/de\/wp-json\/wp\/v2\/users\/1"}],"replies":[{"embeddable":true,"href":"https:\/\/www.hotelgimm.it\/de\/wp-json\/wp\/v2\/comments?post=582"}],"version-history":[{"count":4,"href":"https:\/\/www.hotelgimm.it\/de\/wp-json\/wp\/v2\/pages\/582\/revisions"}],"predecessor-version":[{"id":2164,"href":"https:\/\/www.hotelgimm.it\/de\/wp-json\/wp\/v2\/pages\/582\/revisions\/2164"}],"up":[{"embeddable":true,"href":"https:\/\/www.hotelgimm.it\/de\/wp-json\/wp\/v2\/pages\/578"}],"wp:featuredmedia":[{"embeddable":true,"href":"https:\/\/www.hotelgimm.it\/de\/wp-json\/wp\/v2\/media\/1192"}],"wp:attachment":[{"href":"https:\/\/www.hotelgimm.it\/de\/wp-json\/wp\/v2\/media?parent=582"}],"curies":[{"name":"wp","href":"https:\/\/api.w.org\/{rel}","templated":true}]}}