{"id":574,"date":"2019-02-11T16:24:57","date_gmt":"2019-02-11T15:24:57","guid":{"rendered":"https:\/\/www.hotelgimm.it\/?page_id=574"},"modified":"2019-05-12T11:40:17","modified_gmt":"2019-05-12T09:40:17","slug":"sport","status":"publish","type":"page","link":"https:\/\/www.hotelgimm.it\/de\/bibione-umgebung\/bibione\/sport\/","title":{"rendered":"Sport"},"content":{"rendered":"\n<p>Wer sich von Mitte Juni bis Mitte September fit halten m\u00f6chte und Outdoor-Sportarten sucht, wird sich in Bibione verlieben. <\/p>\n\n\n\n<p>Es gibt Sand, weich und golden, um am Strand Sport zu treiben oder sich mit kostenlosen Fitnesskursen, Tanz, Pilates und vielem mehr direkt am Strand fit zu halten. <\/p>\n\n\n\n<p>Es gibt eine \u00fcppige Natur, die sich f\u00fcr diejenigen \u00f6ffnet, die gerne wandern, radfahren oder reiten.<br><\/p>\n\n\n\n<p>F\u00fcr Wasserliebhaber hat Bibione ein sauberes Meer, in dem Sie die perfekte Form mit Aktivit\u00e4ten zum \u00dcben \u00fcber und unter dem Meer finden k\u00f6nnen: Windsurfen, Schwimmen, Tauchen.<br><\/p>\n\n\n\n<p>W\u00e4hrend des ganzen Jahres wird die Promenade bei Sonnenuntergang zum Paradies f\u00fcr Jogger. <\/p>\n\n\n\n<p>In Bibione finden auch zahlreiche wichtige Sportveranstaltungen wie Beachvolleyball, Beachtennis, Parkvolley, Street Basketball und Fu\u00dfball statt.<\/p>\n\n\n\n<ul class=\"wp-block-gallery columns-3 is-cropped\"><li class=\"blocks-gallery-item\"><figure><img loading=\"lazy\" width=\"1024\" height=\"513\" src=\"https:\/\/www.hotelgimm.it\/wp-content\/uploads\/2019\/05\/bibione-sport-beach-volley-1-1024x513.jpg\" alt=\"\" data-id=\"2069\" data-link=\"https:\/\/www.hotelgimm.it\/bibione-dintorni\/localita\/sport\/attachment\/bibione-sport-beach-volley-2\/\" class=\"wp-image-2069\" srcset=\"https:\/\/www.hotelgimm.it\/wp-content\/uploads\/2019\/05\/bibione-sport-beach-volley-1-1024x513.jpg 1024w, https:\/\/www.hotelgimm.it\/wp-content\/uploads\/2019\/05\/bibione-sport-beach-volley-1-300x150.jpg 300w, https:\/\/www.hotelgimm.it\/wp-content\/uploads\/2019\/05\/bibione-sport-beach-volley-1-768x384.jpg 768w, https:\/\/www.hotelgimm.it\/wp-content\/uploads\/2019\/05\/bibione-sport-beach-volley-1.jpg 1998w\" sizes=\"(max-width: 1024px) 100vw, 1024px\" \/><\/figure><\/li><li class=\"blocks-gallery-item\"><figure><img loading=\"lazy\" width=\"660\" height=\"340\" src=\"https:\/\/www.hotelgimm.it\/wp-content\/uploads\/2019\/05\/tennis-club-1.jpg\" alt=\"\" data-id=\"2072\" data-link=\"https:\/\/www.hotelgimm.it\/bibione-dintorni\/localita\/sport\/attachment\/tennis-club-2\/\" class=\"wp-image-2072\" srcset=\"https:\/\/www.hotelgimm.it\/wp-content\/uploads\/2019\/05\/tennis-club-1.jpg 660w, https:\/\/www.hotelgimm.it\/wp-content\/uploads\/2019\/05\/tennis-club-1-300x155.jpg 300w\" sizes=\"(max-width: 660px) 100vw, 660px\" \/><\/figure><\/li><li class=\"blocks-gallery-item\"><figure><img loading=\"lazy\" width=\"660\" height=\"340\" src=\"https:\/\/www.hotelgimm.it\/wp-content\/uploads\/2019\/05\/nordic-w-1.jpg\" alt=\"\" data-id=\"2075\" data-link=\"https:\/\/www.hotelgimm.it\/bibione-dintorni\/localita\/sport\/attachment\/nordic-w-2\/\" class=\"wp-image-2075\" srcset=\"https:\/\/www.hotelgimm.it\/wp-content\/uploads\/2019\/05\/nordic-w-1.jpg 660w, https:\/\/www.hotelgimm.it\/wp-content\/uploads\/2019\/05\/nordic-w-1-300x155.jpg 300w\" sizes=\"(max-width: 660px) 100vw, 660px\" \/><\/figure><\/li><li class=\"blocks-gallery-item\"><figure><img loading=\"lazy\" width=\"1024\" height=\"536\" src=\"https:\/\/www.hotelgimm.it\/wp-content\/uploads\/2019\/05\/vacanze-attive-mare-2-1024x536.jpg\" alt=\"\" data-id=\"2078\" data-link=\"https:\/\/www.hotelgimm.it\/bibione-dintorni\/localita\/sport\/attachment\/vacanze-attive-mare-3\/\" class=\"wp-image-2078\" srcset=\"https:\/\/www.hotelgimm.it\/wp-content\/uploads\/2019\/05\/vacanze-attive-mare-2-1024x536.jpg 1024w, https:\/\/www.hotelgimm.it\/wp-content\/uploads\/2019\/05\/vacanze-attive-mare-2-300x157.jpg 300w, https:\/\/www.hotelgimm.it\/wp-content\/uploads\/2019\/05\/vacanze-attive-mare-2-768x402.jpg 768w, https:\/\/www.hotelgimm.it\/wp-content\/uploads\/2019\/05\/vacanze-attive-mare-2.jpg 1170w\" sizes=\"(max-width: 1024px) 100vw, 1024px\" \/><\/figure><\/li><li class=\"blocks-gallery-item\"><figure><img loading=\"lazy\" width=\"1000\" height=\"500\" src=\"https:\/\/www.hotelgimm.it\/wp-content\/uploads\/2019\/05\/Windsurf-scuola1000x500jpg.jpg\" alt=\"\" data-id=\"2081\" data-link=\"https:\/\/www.hotelgimm.it\/bibione-dintorni\/localita\/sport\/attachment\/windsurf-scuola1000x500jpg\/\" class=\"wp-image-2081\" srcset=\"https:\/\/www.hotelgimm.it\/wp-content\/uploads\/2019\/05\/Windsurf-scuola1000x500jpg.jpg 1000w, https:\/\/www.hotelgimm.it\/wp-content\/uploads\/2019\/05\/Windsurf-scuola1000x500jpg-300x150.jpg 300w, https:\/\/www.hotelgimm.it\/wp-content\/uploads\/2019\/05\/Windsurf-scuola1000x500jpg-768x384.jpg 768w\" sizes=\"(max-width: 1000px) 100vw, 1000px\" \/><\/figure><\/li><\/ul>\n","protected":false},"excerpt":{"rendered":"<p>Wer sich von Mitte Juni bis Mitte September fit halten m\u00f6chte und Outdoor-Sportarten sucht, wird sich in Bibione verlieben. Es gibt Sand, weich und golden, um am Strand Sport zu treiben oder sich mit kostenlosen Fitnesskursen, Tanz, Pilates und vielem mehr direkt am Strand fit zu halten. Es gibt eine \u00fcppige Natur, die sich f\u00fcr diejenigen \u00f6ffnet, die gerne wandern, radfahren oder reiten. F\u00fcr Wasserliebhaber hat Bibione ein sauberes Meer, in dem Sie die perfekte Form mit Aktivit\u00e4ten zum \u00dcben \u00fcber und unter dem Meer finden k\u00f6nnen: Windsurfen, Schwimmen, Tauchen. W\u00e4hrend des ganzen Jahres wird die Promenade bei Sonnenuntergang zum Paradies f\u00fcr Jogger. In Bibione finden auch zahlreiche wichtige Sportveranstaltungen wie Beachvolleyball, Beachtennis, Parkvolley, Street Basketball und Fu\u00dfball statt.<\/p>\n","protected":false},"author":1,"featured_media":1299,"parent":561,"menu_order":6,"comment_status":"closed","ping_status":"closed","template":"page-ROOM_DETAIL.php","meta":[],"yoast_head":"<!-- This site is optimized with the Yoast SEO plugin v15.7 - https:\/\/yoast.com\/wordpress\/plugins\/seo\/ -->\n<title>Sport - Hotel Gimm<\/title>\n<meta name=\"robots\" content=\"index, follow, max-snippet:-1, max-image-preview:large, max-video-preview:-1\" \/>\n<link rel=\"canonical\" href=\"https:\/\/www.hotelgimm.it\/de\/bibione-umgebung\/bibione\/sport\/\" \/>\n<meta property=\"og:locale\" content=\"de_DE\" \/>\n<meta property=\"og:type\" content=\"article\" \/>\n<meta property=\"og:title\" content=\"Sport - Hotel Gimm\" \/>\n<meta property=\"og:description\" content=\"Wer sich von Mitte Juni bis Mitte September fit halten m\u00f6chte und Outdoor-Sportarten sucht, wird sich in Bibione verlieben. Es gibt Sand, weich und golden, um am Strand Sport zu treiben oder sich mit kostenlosen Fitnesskursen, Tanz, Pilates und vielem mehr direkt am Strand fit zu halten. Es gibt eine \u00fcppige Natur, die sich f\u00fcr diejenigen \u00f6ffnet, die gerne wandern, radfahren oder reiten. F\u00fcr Wasserliebhaber hat Bibione ein sauberes Meer, in dem Sie die perfekte Form mit Aktivit\u00e4ten zum \u00dcben \u00fcber und unter dem Meer finden k\u00f6nnen: Windsurfen, Schwimmen, Tauchen. W\u00e4hrend des ganzen Jahres wird die Promenade bei Sonnenuntergang zum Paradies f\u00fcr Jogger. In Bibione finden auch zahlreiche wichtige Sportveranstaltungen wie Beachvolleyball, Beachtennis, Parkvolley, Street Basketball und Fu\u00dfball statt.\" \/>\n<meta property=\"og:url\" content=\"https:\/\/www.hotelgimm.it\/de\/bibione-umgebung\/bibione\/sport\/\" \/>\n<meta property=\"og:site_name\" content=\"Hotel Gimm\" \/>\n<meta property=\"article:modified_time\" content=\"2019-05-12T09:40:17+00:00\" \/>\n<meta property=\"og:image\" content=\"https:\/\/www.hotelgimm.it\/wp-content\/uploads\/2019\/05\/sport-spiaggia-mare.jpg\" \/>\n\t<meta property=\"og:image:width\" content=\"1170\" \/>\n\t<meta property=\"og:image:height\" content=\"612\" \/>\n<meta name=\"twitter:card\" content=\"summary_large_image\" \/>\n<meta name=\"twitter:label1\" content=\"Gesch\u00e4tzte Lesezeit\">\n\t<meta name=\"twitter:data1\" content=\"1 Minute\">\n<script type=\"application\/ld+json\" class=\"yoast-schema-graph\">{\"@context\":\"https:\/\/schema.org\",\"@graph\":[{\"@type\":\"WebSite\",\"@id\":\"https:\/\/www.hotelgimm.it\/#website\",\"url\":\"https:\/\/www.hotelgimm.it\/\",\"name\":\"Hotel Gimm\",\"description\":\"\",\"potentialAction\":[{\"@type\":\"SearchAction\",\"target\":\"https:\/\/www.hotelgimm.it\/?s={search_term_string}\",\"query-input\":\"required name=search_term_string\"}],\"inLanguage\":\"de-DE\"},{\"@type\":\"ImageObject\",\"@id\":\"https:\/\/www.hotelgimm.it\/de\/bibione-umgebung\/bibione\/sport\/#primaryimage\",\"inLanguage\":\"de-DE\",\"url\":\"https:\/\/www.hotelgimm.it\/wp-content\/uploads\/2019\/05\/sport-spiaggia-mare.jpg\",\"width\":1170,\"height\":612},{\"@type\":\"WebPage\",\"@id\":\"https:\/\/www.hotelgimm.it\/de\/bibione-umgebung\/bibione\/sport\/#webpage\",\"url\":\"https:\/\/www.hotelgimm.it\/de\/bibione-umgebung\/bibione\/sport\/\",\"name\":\"Sport - Hotel Gimm\",\"isPartOf\":{\"@id\":\"https:\/\/www.hotelgimm.it\/#website\"},\"primaryImageOfPage\":{\"@id\":\"https:\/\/www.hotelgimm.it\/de\/bibione-umgebung\/bibione\/sport\/#primaryimage\"},\"datePublished\":\"2019-02-11T15:24:57+00:00\",\"dateModified\":\"2019-05-12T09:40:17+00:00\",\"breadcrumb\":{\"@id\":\"https:\/\/www.hotelgimm.it\/de\/bibione-umgebung\/bibione\/sport\/#breadcrumb\"},\"inLanguage\":\"de-DE\",\"potentialAction\":[{\"@type\":\"ReadAction\",\"target\":[\"https:\/\/www.hotelgimm.it\/de\/bibione-umgebung\/bibione\/sport\/\"]}]},{\"@type\":\"BreadcrumbList\",\"@id\":\"https:\/\/www.hotelgimm.it\/de\/bibione-umgebung\/bibione\/sport\/#breadcrumb\",\"itemListElement\":[{\"@type\":\"ListItem\",\"position\":1,\"item\":{\"@type\":\"WebPage\",\"@id\":\"https:\/\/www.hotelgimm.it\/de\/\",\"url\":\"https:\/\/www.hotelgimm.it\/de\/\",\"name\":\"Home\"}},{\"@type\":\"ListItem\",\"position\":2,\"item\":{\"@type\":\"WebPage\",\"@id\":\"https:\/\/www.hotelgimm.it\/de\/bibione-umgebung\/\",\"url\":\"https:\/\/www.hotelgimm.it\/de\/bibione-umgebung\/\",\"name\":\"Bibione &#038; Umgebung\"}},{\"@type\":\"ListItem\",\"position\":3,\"item\":{\"@type\":\"WebPage\",\"@id\":\"https:\/\/www.hotelgimm.it\/de\/bibione-umgebung\/bibione\/\",\"url\":\"https:\/\/www.hotelgimm.it\/de\/bibione-umgebung\/bibione\/\",\"name\":\"Bibione\"}},{\"@type\":\"ListItem\",\"position\":4,\"item\":{\"@type\":\"WebPage\",\"@id\":\"https:\/\/www.hotelgimm.it\/de\/bibione-umgebung\/bibione\/sport\/\",\"url\":\"https:\/\/www.hotelgimm.it\/de\/bibione-umgebung\/bibione\/sport\/\",\"name\":\"Sport\"}}]}]}<\/script>\n<!-- \/ Yoast SEO plugin. -->","_links":{"self":[{"href":"https:\/\/www.hotelgimm.it\/de\/wp-json\/wp\/v2\/pages\/574"}],"collection":[{"href":"https:\/\/www.hotelgimm.it\/de\/wp-json\/wp\/v2\/pages"}],"about":[{"href":"https:\/\/www.hotelgimm.it\/de\/wp-json\/wp\/v2\/types\/page"}],"author":[{"embeddable":true,"href":"https:\/\/www.hotelgimm.it\/de\/wp-json\/wp\/v2\/users\/1"}],"replies":[{"embeddable":true,"href":"https:\/\/www.hotelgimm.it\/de\/wp-json\/wp\/v2\/comments?post=574"}],"version-history":[{"count":4,"href":"https:\/\/www.hotelgimm.it\/de\/wp-json\/wp\/v2\/pages\/574\/revisions"}],"predecessor-version":[{"id":2090,"href":"https:\/\/www.hotelgimm.it\/de\/wp-json\/wp\/v2\/pages\/574\/revisions\/2090"}],"up":[{"embeddable":true,"href":"https:\/\/www.hotelgimm.it\/de\/wp-json\/wp\/v2\/pages\/561"}],"wp:featuredmedia":[{"embeddable":true,"href":"https:\/\/www.hotelgimm.it\/de\/wp-json\/wp\/v2\/media\/1299"}],"wp:attachment":[{"href":"https:\/\/www.hotelgimm.it\/de\/wp-json\/wp\/v2\/media?parent=574"}],"curies":[{"name":"wp","href":"https:\/\/api.w.org\/{rel}","templated":true}]}}