{"id":567,"date":"2019-02-11T16:21:20","date_gmt":"2019-02-11T15:21:20","guid":{"rendered":"https:\/\/www.hotelgimm.it\/?page_id=567"},"modified":"2019-05-18T12:56:30","modified_gmt":"2019-05-18T10:56:30","slug":"strandpromenade","status":"publish","type":"page","link":"https:\/\/www.hotelgimm.it\/de\/bibione-umgebung\/bibione\/strandpromenade\/","title":{"rendered":"Strandpromenade"},"content":{"rendered":"\n<p>Ein Spaziergang zu Fu\u00df oder mit dem Fahrrad. <\/p>\n\n\n\n<p>Ein Weg, der entlang der K\u00fcste vom Fluss bis zur Lagune verl\u00e4uft und sich harmonisch in jede Landschaft einf\u00fcgt. Ein Weg, der alle Sinne erweckt und der sich bei Sonnenuntergang noch mehr verringert. <strong>Neun Kilometer \u00fcber die gesamte K\u00fcste von Bibione<\/strong>.<br><\/p>\n\n\n\n<p><strong>Ein herrlicher Weg, der aus zwei getrennten Wegen besteht &#8211; f\u00fcr Fahrr\u00e4der und Fu\u00dfg\u00e4nger <\/strong>-, die nur f\u00fcr kurze Strecken zusammenkommen. Die Spur wird je nach Umgebung breiter und enger. <\/p>\n\n\n\n<p>Entlang der Wanderung gibt es auch leichte Anstiege, kurze Abfahrten und Kurven, die es Ihnen erm\u00f6glichen, vollkommen in die Natur einzutauchen, perfekt erhalten.<\/p>\n","protected":false},"excerpt":{"rendered":"<p>Ein Spaziergang zu Fu\u00df oder mit dem Fahrrad. Ein Weg, der entlang der K\u00fcste vom Fluss bis zur Lagune verl\u00e4uft und sich harmonisch in jede Landschaft einf\u00fcgt. Ein Weg, der alle Sinne erweckt und der sich bei Sonnenuntergang noch mehr verringert. Neun Kilometer \u00fcber die gesamte K\u00fcste von Bibione. Ein herrlicher Weg, der aus zwei getrennten Wegen besteht &#8211; f\u00fcr Fahrr\u00e4der und Fu\u00dfg\u00e4nger -, die nur f\u00fcr kurze Strecken zusammenkommen. Die Spur wird je nach Umgebung breiter und enger. Entlang der Wanderung gibt es auch leichte Anstiege, kurze Abfahrten und Kurven, die es Ihnen erm\u00f6glichen, vollkommen in die Natur einzutauchen, perfekt erhalten.<\/p>\n","protected":false},"author":1,"featured_media":1289,"parent":561,"menu_order":2,"comment_status":"closed","ping_status":"closed","template":"page-ROOM_DETAIL.php","meta":[],"yoast_head":"<!-- This site is optimized with the Yoast SEO plugin v15.7 - https:\/\/yoast.com\/wordpress\/plugins\/seo\/ -->\n<title>Strandpromenade - Hotel Gimm<\/title>\n<meta name=\"robots\" content=\"index, follow, max-snippet:-1, max-image-preview:large, max-video-preview:-1\" \/>\n<link rel=\"canonical\" href=\"https:\/\/www.hotelgimm.it\/de\/bibione-umgebung\/bibione\/strandpromenade\/\" \/>\n<meta property=\"og:locale\" content=\"de_DE\" \/>\n<meta property=\"og:type\" content=\"article\" \/>\n<meta property=\"og:title\" content=\"Strandpromenade - Hotel Gimm\" \/>\n<meta property=\"og:description\" content=\"Ein Spaziergang zu Fu\u00df oder mit dem Fahrrad. Ein Weg, der entlang der K\u00fcste vom Fluss bis zur Lagune verl\u00e4uft und sich harmonisch in jede Landschaft einf\u00fcgt. Ein Weg, der alle Sinne erweckt und der sich bei Sonnenuntergang noch mehr verringert. Neun Kilometer \u00fcber die gesamte K\u00fcste von Bibione. Ein herrlicher Weg, der aus zwei getrennten Wegen besteht &#8211; f\u00fcr Fahrr\u00e4der und Fu\u00dfg\u00e4nger -, die nur f\u00fcr kurze Strecken zusammenkommen. Die Spur wird je nach Umgebung breiter und enger. Entlang der Wanderung gibt es auch leichte Anstiege, kurze Abfahrten und Kurven, die es Ihnen erm\u00f6glichen, vollkommen in die Natur einzutauchen, perfekt erhalten.\" \/>\n<meta property=\"og:url\" content=\"https:\/\/www.hotelgimm.it\/de\/bibione-umgebung\/bibione\/strandpromenade\/\" \/>\n<meta property=\"og:site_name\" content=\"Hotel Gimm\" \/>\n<meta property=\"article:modified_time\" content=\"2019-05-18T10:56:30+00:00\" \/>\n<meta property=\"og:image\" content=\"https:\/\/www.hotelgimm.it\/wp-content\/uploads\/2019\/05\/PistaCiclabile.jpeg-1.jpg\" \/>\n\t<meta property=\"og:image:width\" content=\"500\" \/>\n\t<meta property=\"og:image:height\" content=\"328\" \/>\n<meta name=\"twitter:card\" content=\"summary_large_image\" \/>\n<meta name=\"twitter:label1\" content=\"Gesch\u00e4tzte Lesezeit\">\n\t<meta name=\"twitter:data1\" content=\"1 Minute\">\n<script type=\"application\/ld+json\" class=\"yoast-schema-graph\">{\"@context\":\"https:\/\/schema.org\",\"@graph\":[{\"@type\":\"WebSite\",\"@id\":\"https:\/\/www.hotelgimm.it\/#website\",\"url\":\"https:\/\/www.hotelgimm.it\/\",\"name\":\"Hotel Gimm\",\"description\":\"\",\"potentialAction\":[{\"@type\":\"SearchAction\",\"target\":\"https:\/\/www.hotelgimm.it\/?s={search_term_string}\",\"query-input\":\"required name=search_term_string\"}],\"inLanguage\":\"de-DE\"},{\"@type\":\"ImageObject\",\"@id\":\"https:\/\/www.hotelgimm.it\/de\/bibione-umgebung\/bibione\/strandpromenade\/#primaryimage\",\"inLanguage\":\"de-DE\",\"url\":\"https:\/\/www.hotelgimm.it\/wp-content\/uploads\/2019\/05\/PistaCiclabile.jpeg-1.jpg\",\"width\":500,\"height\":328},{\"@type\":\"WebPage\",\"@id\":\"https:\/\/www.hotelgimm.it\/de\/bibione-umgebung\/bibione\/strandpromenade\/#webpage\",\"url\":\"https:\/\/www.hotelgimm.it\/de\/bibione-umgebung\/bibione\/strandpromenade\/\",\"name\":\"Strandpromenade - Hotel Gimm\",\"isPartOf\":{\"@id\":\"https:\/\/www.hotelgimm.it\/#website\"},\"primaryImageOfPage\":{\"@id\":\"https:\/\/www.hotelgimm.it\/de\/bibione-umgebung\/bibione\/strandpromenade\/#primaryimage\"},\"datePublished\":\"2019-02-11T15:21:20+00:00\",\"dateModified\":\"2019-05-18T10:56:30+00:00\",\"breadcrumb\":{\"@id\":\"https:\/\/www.hotelgimm.it\/de\/bibione-umgebung\/bibione\/strandpromenade\/#breadcrumb\"},\"inLanguage\":\"de-DE\",\"potentialAction\":[{\"@type\":\"ReadAction\",\"target\":[\"https:\/\/www.hotelgimm.it\/de\/bibione-umgebung\/bibione\/strandpromenade\/\"]}]},{\"@type\":\"BreadcrumbList\",\"@id\":\"https:\/\/www.hotelgimm.it\/de\/bibione-umgebung\/bibione\/strandpromenade\/#breadcrumb\",\"itemListElement\":[{\"@type\":\"ListItem\",\"position\":1,\"item\":{\"@type\":\"WebPage\",\"@id\":\"https:\/\/www.hotelgimm.it\/de\/\",\"url\":\"https:\/\/www.hotelgimm.it\/de\/\",\"name\":\"Home\"}},{\"@type\":\"ListItem\",\"position\":2,\"item\":{\"@type\":\"WebPage\",\"@id\":\"https:\/\/www.hotelgimm.it\/de\/bibione-umgebung\/\",\"url\":\"https:\/\/www.hotelgimm.it\/de\/bibione-umgebung\/\",\"name\":\"Bibione &#038; Umgebung\"}},{\"@type\":\"ListItem\",\"position\":3,\"item\":{\"@type\":\"WebPage\",\"@id\":\"https:\/\/www.hotelgimm.it\/de\/bibione-umgebung\/bibione\/\",\"url\":\"https:\/\/www.hotelgimm.it\/de\/bibione-umgebung\/bibione\/\",\"name\":\"Bibione\"}},{\"@type\":\"ListItem\",\"position\":4,\"item\":{\"@type\":\"WebPage\",\"@id\":\"https:\/\/www.hotelgimm.it\/de\/bibione-umgebung\/bibione\/strandpromenade\/\",\"url\":\"https:\/\/www.hotelgimm.it\/de\/bibione-umgebung\/bibione\/strandpromenade\/\",\"name\":\"Strandpromenade\"}}]}]}<\/script>\n<!-- \/ Yoast SEO plugin. -->","_links":{"self":[{"href":"https:\/\/www.hotelgimm.it\/de\/wp-json\/wp\/v2\/pages\/567"}],"collection":[{"href":"https:\/\/www.hotelgimm.it\/de\/wp-json\/wp\/v2\/pages"}],"about":[{"href":"https:\/\/www.hotelgimm.it\/de\/wp-json\/wp\/v2\/types\/page"}],"author":[{"embeddable":true,"href":"https:\/\/www.hotelgimm.it\/de\/wp-json\/wp\/v2\/users\/1"}],"replies":[{"embeddable":true,"href":"https:\/\/www.hotelgimm.it\/de\/wp-json\/wp\/v2\/comments?post=567"}],"version-history":[{"count":5,"href":"https:\/\/www.hotelgimm.it\/de\/wp-json\/wp\/v2\/pages\/567\/revisions"}],"predecessor-version":[{"id":2775,"href":"https:\/\/www.hotelgimm.it\/de\/wp-json\/wp\/v2\/pages\/567\/revisions\/2775"}],"up":[{"embeddable":true,"href":"https:\/\/www.hotelgimm.it\/de\/wp-json\/wp\/v2\/pages\/561"}],"wp:featuredmedia":[{"embeddable":true,"href":"https:\/\/www.hotelgimm.it\/de\/wp-json\/wp\/v2\/media\/1289"}],"wp:attachment":[{"href":"https:\/\/www.hotelgimm.it\/de\/wp-json\/wp\/v2\/media?parent=567"}],"curies":[{"name":"wp","href":"https:\/\/api.w.org\/{rel}","templated":true}]}}