{"id":563,"date":"2019-02-11T16:19:46","date_gmt":"2019-02-11T15:19:46","guid":{"rendered":"https:\/\/www.hotelgimm.it\/?page_id=563"},"modified":"2019-05-11T15:13:33","modified_gmt":"2019-05-11T13:13:33","slug":"strand","status":"publish","type":"page","link":"https:\/\/www.hotelgimm.it\/de\/bibione-umgebung\/bibione\/strand\/","title":{"rendered":"Strand"},"content":{"rendered":"\n<p>Ein Meer aus feinem, goldenem Sand, etwa 400 Meter breit, der sich \u00fcber eine L\u00e4nge von 11 km erstreckt und nach S\u00fcden ausgerichtet ist, so dass er den ganzen Tag \u00fcber der Sonne ausgesetzt ist. <\/p>\n\n\n\n<p>Serviceleistungen, die alle Bed\u00fcrfnisse der Touristen erf\u00fcllen, klares Meerwasser f\u00fcr Jahre, das die Blaue Flagge verdient hat \u2026 deshalb w\u00e4hlen Sie Bibione!<\/p>\n\n\n\n<p>Spazieren Sie am sehr langen Strand, lesen Sie ein sch\u00f6nes Buch unter dem Sonnenschirm oder lassen Sie sich von den warmen Sonnenstrahlen verw\u00f6hnen, w\u00e4hrend sich die Kinder mit den Animateuren vergn\u00fcgen.<\/p>\n\n\n\n<ul class=\"wp-block-gallery columns-2 is-cropped\"><li class=\"blocks-gallery-item\"><figure><img loading=\"lazy\" width=\"1024\" height=\"498\" src=\"https:\/\/www.hotelgimm.it\/wp-content\/uploads\/2019\/05\/bibione_spiaggia_hero_V02-1-1024x498.jpg\" alt=\"\" data-id=\"1954\" data-link=\"https:\/\/www.hotelgimm.it\/bibione-dintorni\/localita\/spiaggia\/attachment\/bibione_spiaggia_hero_v02-1\/\" class=\"wp-image-1954\" srcset=\"https:\/\/www.hotelgimm.it\/wp-content\/uploads\/2019\/05\/bibione_spiaggia_hero_V02-1-1024x498.jpg 1024w, https:\/\/www.hotelgimm.it\/wp-content\/uploads\/2019\/05\/bibione_spiaggia_hero_V02-1-300x146.jpg 300w, https:\/\/www.hotelgimm.it\/wp-content\/uploads\/2019\/05\/bibione_spiaggia_hero_V02-1-768x373.jpg 768w, https:\/\/www.hotelgimm.it\/wp-content\/uploads\/2019\/05\/bibione_spiaggia_hero_V02-1.jpg 1440w\" sizes=\"(max-width: 1024px) 100vw, 1024px\" \/><\/figure><\/li><li class=\"blocks-gallery-item\"><figure><img loading=\"lazy\" width=\"1024\" height=\"576\" src=\"https:\/\/www.hotelgimm.it\/wp-content\/uploads\/2019\/05\/09-bibione_11621-1024x576.jpg\" alt=\"\" data-id=\"1958\" data-link=\"https:\/\/www.hotelgimm.it\/bibione-dintorni\/localita\/spiaggia\/attachment\/09-bibione_11621\/\" class=\"wp-image-1958\" srcset=\"https:\/\/www.hotelgimm.it\/wp-content\/uploads\/2019\/05\/09-bibione_11621-1024x576.jpg 1024w, https:\/\/www.hotelgimm.it\/wp-content\/uploads\/2019\/05\/09-bibione_11621-300x169.jpg 300w, https:\/\/www.hotelgimm.it\/wp-content\/uploads\/2019\/05\/09-bibione_11621-768x432.jpg 768w, https:\/\/www.hotelgimm.it\/wp-content\/uploads\/2019\/05\/09-bibione_11621.jpg 1919w\" sizes=\"(max-width: 1024px) 100vw, 1024px\" \/><\/figure><\/li><\/ul>\n","protected":false},"excerpt":{"rendered":"<p>Ein Meer aus feinem, goldenem Sand, etwa 400 Meter breit, der sich \u00fcber eine L\u00e4nge von 11 km erstreckt und nach S\u00fcden ausgerichtet ist, so dass er den ganzen Tag \u00fcber der Sonne ausgesetzt ist. Serviceleistungen, die alle Bed\u00fcrfnisse der Touristen erf\u00fcllen, klares Meerwasser f\u00fcr Jahre, das die Blaue Flagge verdient hat \u2026 deshalb w\u00e4hlen Sie Bibione! Spazieren Sie am sehr langen Strand, lesen Sie ein sch\u00f6nes Buch unter dem Sonnenschirm oder lassen Sie sich von den warmen Sonnenstrahlen verw\u00f6hnen, w\u00e4hrend sich die Kinder mit den Animateuren vergn\u00fcgen.<\/p>\n","protected":false},"author":1,"featured_media":1248,"parent":561,"menu_order":0,"comment_status":"closed","ping_status":"closed","template":"page-ROOM_DETAIL.php","meta":[],"yoast_head":"<!-- This site is optimized with the Yoast SEO plugin v15.7 - https:\/\/yoast.com\/wordpress\/plugins\/seo\/ -->\n<title>Strand - Hotel Gimm<\/title>\n<meta name=\"robots\" content=\"index, follow, max-snippet:-1, max-image-preview:large, max-video-preview:-1\" \/>\n<link rel=\"canonical\" href=\"https:\/\/www.hotelgimm.it\/de\/bibione-umgebung\/bibione\/strand\/\" \/>\n<meta property=\"og:locale\" content=\"de_DE\" \/>\n<meta property=\"og:type\" content=\"article\" \/>\n<meta property=\"og:title\" content=\"Strand - Hotel Gimm\" \/>\n<meta property=\"og:description\" content=\"Ein Meer aus feinem, goldenem Sand, etwa 400 Meter breit, der sich \u00fcber eine L\u00e4nge von 11 km erstreckt und nach S\u00fcden ausgerichtet ist, so dass er den ganzen Tag \u00fcber der Sonne ausgesetzt ist. Serviceleistungen, die alle Bed\u00fcrfnisse der Touristen erf\u00fcllen, klares Meerwasser f\u00fcr Jahre, das die Blaue Flagge verdient hat \u2026 deshalb w\u00e4hlen Sie Bibione! Spazieren Sie am sehr langen Strand, lesen Sie ein sch\u00f6nes Buch unter dem Sonnenschirm oder lassen Sie sich von den warmen Sonnenstrahlen verw\u00f6hnen, w\u00e4hrend sich die Kinder mit den Animateuren vergn\u00fcgen.\" \/>\n<meta property=\"og:url\" content=\"https:\/\/www.hotelgimm.it\/de\/bibione-umgebung\/bibione\/strand\/\" \/>\n<meta property=\"og:site_name\" content=\"Hotel Gimm\" \/>\n<meta property=\"article:modified_time\" content=\"2019-05-11T13:13:33+00:00\" \/>\n<meta property=\"og:image\" content=\"https:\/\/www.hotelgimm.it\/wp-content\/uploads\/2019\/05\/bibione-1-1.jpg\" \/>\n\t<meta property=\"og:image:width\" content=\"1024\" \/>\n\t<meta property=\"og:image:height\" content=\"765\" \/>\n<meta name=\"twitter:card\" content=\"summary_large_image\" \/>\n<script type=\"application\/ld+json\" class=\"yoast-schema-graph\">{\"@context\":\"https:\/\/schema.org\",\"@graph\":[{\"@type\":\"WebSite\",\"@id\":\"https:\/\/www.hotelgimm.it\/#website\",\"url\":\"https:\/\/www.hotelgimm.it\/\",\"name\":\"Hotel Gimm\",\"description\":\"\",\"potentialAction\":[{\"@type\":\"SearchAction\",\"target\":\"https:\/\/www.hotelgimm.it\/?s={search_term_string}\",\"query-input\":\"required name=search_term_string\"}],\"inLanguage\":\"de-DE\"},{\"@type\":\"ImageObject\",\"@id\":\"https:\/\/www.hotelgimm.it\/de\/bibione-umgebung\/bibione\/strand\/#primaryimage\",\"inLanguage\":\"de-DE\",\"url\":\"https:\/\/www.hotelgimm.it\/wp-content\/uploads\/2019\/05\/bibione-1-1.jpg\",\"width\":1024,\"height\":765},{\"@type\":\"WebPage\",\"@id\":\"https:\/\/www.hotelgimm.it\/de\/bibione-umgebung\/bibione\/strand\/#webpage\",\"url\":\"https:\/\/www.hotelgimm.it\/de\/bibione-umgebung\/bibione\/strand\/\",\"name\":\"Strand - Hotel Gimm\",\"isPartOf\":{\"@id\":\"https:\/\/www.hotelgimm.it\/#website\"},\"primaryImageOfPage\":{\"@id\":\"https:\/\/www.hotelgimm.it\/de\/bibione-umgebung\/bibione\/strand\/#primaryimage\"},\"datePublished\":\"2019-02-11T15:19:46+00:00\",\"dateModified\":\"2019-05-11T13:13:33+00:00\",\"breadcrumb\":{\"@id\":\"https:\/\/www.hotelgimm.it\/de\/bibione-umgebung\/bibione\/strand\/#breadcrumb\"},\"inLanguage\":\"de-DE\",\"potentialAction\":[{\"@type\":\"ReadAction\",\"target\":[\"https:\/\/www.hotelgimm.it\/de\/bibione-umgebung\/bibione\/strand\/\"]}]},{\"@type\":\"BreadcrumbList\",\"@id\":\"https:\/\/www.hotelgimm.it\/de\/bibione-umgebung\/bibione\/strand\/#breadcrumb\",\"itemListElement\":[{\"@type\":\"ListItem\",\"position\":1,\"item\":{\"@type\":\"WebPage\",\"@id\":\"https:\/\/www.hotelgimm.it\/de\/\",\"url\":\"https:\/\/www.hotelgimm.it\/de\/\",\"name\":\"Home\"}},{\"@type\":\"ListItem\",\"position\":2,\"item\":{\"@type\":\"WebPage\",\"@id\":\"https:\/\/www.hotelgimm.it\/de\/bibione-umgebung\/\",\"url\":\"https:\/\/www.hotelgimm.it\/de\/bibione-umgebung\/\",\"name\":\"Bibione &#038; Umgebung\"}},{\"@type\":\"ListItem\",\"position\":3,\"item\":{\"@type\":\"WebPage\",\"@id\":\"https:\/\/www.hotelgimm.it\/de\/bibione-umgebung\/bibione\/\",\"url\":\"https:\/\/www.hotelgimm.it\/de\/bibione-umgebung\/bibione\/\",\"name\":\"Bibione\"}},{\"@type\":\"ListItem\",\"position\":4,\"item\":{\"@type\":\"WebPage\",\"@id\":\"https:\/\/www.hotelgimm.it\/de\/bibione-umgebung\/bibione\/strand\/\",\"url\":\"https:\/\/www.hotelgimm.it\/de\/bibione-umgebung\/bibione\/strand\/\",\"name\":\"Strand\"}}]}]}<\/script>\n<!-- \/ Yoast SEO plugin. -->","_links":{"self":[{"href":"https:\/\/www.hotelgimm.it\/de\/wp-json\/wp\/v2\/pages\/563"}],"collection":[{"href":"https:\/\/www.hotelgimm.it\/de\/wp-json\/wp\/v2\/pages"}],"about":[{"href":"https:\/\/www.hotelgimm.it\/de\/wp-json\/wp\/v2\/types\/page"}],"author":[{"embeddable":true,"href":"https:\/\/www.hotelgimm.it\/de\/wp-json\/wp\/v2\/users\/1"}],"replies":[{"embeddable":true,"href":"https:\/\/www.hotelgimm.it\/de\/wp-json\/wp\/v2\/comments?post=563"}],"version-history":[{"count":5,"href":"https:\/\/www.hotelgimm.it\/de\/wp-json\/wp\/v2\/pages\/563\/revisions"}],"predecessor-version":[{"id":1963,"href":"https:\/\/www.hotelgimm.it\/de\/wp-json\/wp\/v2\/pages\/563\/revisions\/1963"}],"up":[{"embeddable":true,"href":"https:\/\/www.hotelgimm.it\/de\/wp-json\/wp\/v2\/pages\/561"}],"wp:featuredmedia":[{"embeddable":true,"href":"https:\/\/www.hotelgimm.it\/de\/wp-json\/wp\/v2\/media\/1248"}],"wp:attachment":[{"href":"https:\/\/www.hotelgimm.it\/de\/wp-json\/wp\/v2\/media?parent=563"}],"curies":[{"name":"wp","href":"https:\/\/api.w.org\/{rel}","templated":true}]}}