{"id":561,"date":"2019-02-11T16:18:38","date_gmt":"2019-02-11T15:18:38","guid":{"rendered":"https:\/\/www.hotelgimm.it\/?page_id=561"},"modified":"2019-05-12T12:06:55","modified_gmt":"2019-05-12T10:06:55","slug":"bibione","status":"publish","type":"page","link":"https:\/\/www.hotelgimm.it\/de\/bibione-umgebung\/bibione\/","title":{"rendered":"Bibione"},"content":{"rendered":"\n<p>Bibione bietet die M\u00f6glichkeit, Wassersportarten wie Schwimmen, Surfen, Segeln und Paragliding zu praktizieren.<br><\/p>\n\n\n\n<p>Nat\u00fcrlich kann man Tennis, Fu\u00dfball, Beach Volley spielen, oder sich eines unsere Fahrr\u00e4der ausborgen und eine Tour in den 30 km langen Fahrradwegen machen.<br><\/p>\n\n\n\n<p>Weitere Attraktionen die Sie in Bibione finden k\u00f6nnen sind: die Einkaufsstra\u00dfe mit zahlreichen Gesch\u00e4ften, Musik-Bars, Spielhallen, Luna Park, Verleih von Fahrr\u00e4der und Motorr\u00e4der, und der unvermeidliche Termin mit dem <strong>Markt jeden Dienstag Morgen<\/strong>.<\/p>\n\n\n\n<figure class=\"wp-block-embed-youtube wp-block-embed is-type-video is-provider-youtube wp-embed-aspect-16-9 wp-has-aspect-ratio\"><div class=\"wp-block-embed__wrapper\">\n<iframe width=\"500\" height=\"281\" src=\"https:\/\/www.youtube.com\/embed\/er4rrxb4ZLI?feature=oembed\" frameborder=\"0\" allow=\"accelerometer; autoplay; encrypted-media; gyroscope; picture-in-picture\" allowfullscreen><\/iframe>\n<\/div><\/figure>\n","protected":false},"excerpt":{"rendered":"<p>Bibione bietet die M\u00f6glichkeit, Wassersportarten wie Schwimmen, Surfen, Segeln und Paragliding zu praktizieren. Nat\u00fcrlich kann man Tennis, Fu\u00dfball, Beach Volley spielen, oder sich eines unsere Fahrr\u00e4der ausborgen und eine Tour in den 30 km langen Fahrradwegen machen. Weitere Attraktionen die Sie in Bibione finden k\u00f6nnen sind: die Einkaufsstra\u00dfe mit zahlreichen Gesch\u00e4ften, Musik-Bars, Spielhallen, Luna Park, Verleih von Fahrr\u00e4der und Motorr\u00e4der, und der unvermeidliche Termin mit dem Markt jeden Dienstag Morgen.<\/p>\n","protected":false},"author":1,"featured_media":1183,"parent":559,"menu_order":0,"comment_status":"closed","ping_status":"closed","template":"page-ROOM_DETAIL.php","meta":[],"yoast_head":"<!-- This site is optimized with the Yoast SEO plugin v15.7 - https:\/\/yoast.com\/wordpress\/plugins\/seo\/ -->\n<title>Bibione - Hotel Gimm<\/title>\n<meta name=\"robots\" content=\"index, follow, max-snippet:-1, max-image-preview:large, max-video-preview:-1\" \/>\n<link rel=\"canonical\" href=\"https:\/\/www.hotelgimm.it\/de\/bibione-umgebung\/bibione\/\" \/>\n<meta property=\"og:locale\" content=\"de_DE\" \/>\n<meta property=\"og:type\" content=\"article\" \/>\n<meta property=\"og:title\" content=\"Bibione - Hotel Gimm\" \/>\n<meta property=\"og:description\" content=\"Bibione bietet die M\u00f6glichkeit, Wassersportarten wie Schwimmen, Surfen, Segeln und Paragliding zu praktizieren. Nat\u00fcrlich kann man Tennis, Fu\u00dfball, Beach Volley spielen, oder sich eines unsere Fahrr\u00e4der ausborgen und eine Tour in den 30 km langen Fahrradwegen machen. Weitere Attraktionen die Sie in Bibione finden k\u00f6nnen sind: die Einkaufsstra\u00dfe mit zahlreichen Gesch\u00e4ften, Musik-Bars, Spielhallen, Luna Park, Verleih von Fahrr\u00e4der und Motorr\u00e4der, und der unvermeidliche Termin mit dem Markt jeden Dienstag Morgen.\" \/>\n<meta property=\"og:url\" content=\"https:\/\/www.hotelgimm.it\/de\/bibione-umgebung\/bibione\/\" \/>\n<meta property=\"og:site_name\" content=\"Hotel Gimm\" \/>\n<meta property=\"article:modified_time\" content=\"2019-05-12T10:06:55+00:00\" \/>\n<meta property=\"og:image\" content=\"https:\/\/www.hotelgimm.it\/wp-content\/uploads\/2019\/05\/LidoFaro_01-642x368.jpg\" \/>\n\t<meta property=\"og:image:width\" content=\"642\" \/>\n\t<meta property=\"og:image:height\" content=\"368\" \/>\n<meta name=\"twitter:card\" content=\"summary_large_image\" \/>\n<script type=\"application\/ld+json\" class=\"yoast-schema-graph\">{\"@context\":\"https:\/\/schema.org\",\"@graph\":[{\"@type\":\"WebSite\",\"@id\":\"https:\/\/www.hotelgimm.it\/#website\",\"url\":\"https:\/\/www.hotelgimm.it\/\",\"name\":\"Hotel Gimm\",\"description\":\"\",\"potentialAction\":[{\"@type\":\"SearchAction\",\"target\":\"https:\/\/www.hotelgimm.it\/?s={search_term_string}\",\"query-input\":\"required name=search_term_string\"}],\"inLanguage\":\"de-DE\"},{\"@type\":\"ImageObject\",\"@id\":\"https:\/\/www.hotelgimm.it\/de\/bibione-umgebung\/bibione\/#primaryimage\",\"inLanguage\":\"de-DE\",\"url\":\"https:\/\/www.hotelgimm.it\/wp-content\/uploads\/2019\/05\/LidoFaro_01-642x368.jpg\",\"width\":642,\"height\":368},{\"@type\":\"WebPage\",\"@id\":\"https:\/\/www.hotelgimm.it\/de\/bibione-umgebung\/bibione\/#webpage\",\"url\":\"https:\/\/www.hotelgimm.it\/de\/bibione-umgebung\/bibione\/\",\"name\":\"Bibione - Hotel Gimm\",\"isPartOf\":{\"@id\":\"https:\/\/www.hotelgimm.it\/#website\"},\"primaryImageOfPage\":{\"@id\":\"https:\/\/www.hotelgimm.it\/de\/bibione-umgebung\/bibione\/#primaryimage\"},\"datePublished\":\"2019-02-11T15:18:38+00:00\",\"dateModified\":\"2019-05-12T10:06:55+00:00\",\"breadcrumb\":{\"@id\":\"https:\/\/www.hotelgimm.it\/de\/bibione-umgebung\/bibione\/#breadcrumb\"},\"inLanguage\":\"de-DE\",\"potentialAction\":[{\"@type\":\"ReadAction\",\"target\":[\"https:\/\/www.hotelgimm.it\/de\/bibione-umgebung\/bibione\/\"]}]},{\"@type\":\"BreadcrumbList\",\"@id\":\"https:\/\/www.hotelgimm.it\/de\/bibione-umgebung\/bibione\/#breadcrumb\",\"itemListElement\":[{\"@type\":\"ListItem\",\"position\":1,\"item\":{\"@type\":\"WebPage\",\"@id\":\"https:\/\/www.hotelgimm.it\/de\/\",\"url\":\"https:\/\/www.hotelgimm.it\/de\/\",\"name\":\"Home\"}},{\"@type\":\"ListItem\",\"position\":2,\"item\":{\"@type\":\"WebPage\",\"@id\":\"https:\/\/www.hotelgimm.it\/de\/bibione-umgebung\/\",\"url\":\"https:\/\/www.hotelgimm.it\/de\/bibione-umgebung\/\",\"name\":\"Bibione &#038; Umgebung\"}},{\"@type\":\"ListItem\",\"position\":3,\"item\":{\"@type\":\"WebPage\",\"@id\":\"https:\/\/www.hotelgimm.it\/de\/bibione-umgebung\/bibione\/\",\"url\":\"https:\/\/www.hotelgimm.it\/de\/bibione-umgebung\/bibione\/\",\"name\":\"Bibione\"}}]}]}<\/script>\n<!-- \/ Yoast SEO plugin. -->","_links":{"self":[{"href":"https:\/\/www.hotelgimm.it\/de\/wp-json\/wp\/v2\/pages\/561"}],"collection":[{"href":"https:\/\/www.hotelgimm.it\/de\/wp-json\/wp\/v2\/pages"}],"about":[{"href":"https:\/\/www.hotelgimm.it\/de\/wp-json\/wp\/v2\/types\/page"}],"author":[{"embeddable":true,"href":"https:\/\/www.hotelgimm.it\/de\/wp-json\/wp\/v2\/users\/1"}],"replies":[{"embeddable":true,"href":"https:\/\/www.hotelgimm.it\/de\/wp-json\/wp\/v2\/comments?post=561"}],"version-history":[{"count":5,"href":"https:\/\/www.hotelgimm.it\/de\/wp-json\/wp\/v2\/pages\/561\/revisions"}],"predecessor-version":[{"id":2123,"href":"https:\/\/www.hotelgimm.it\/de\/wp-json\/wp\/v2\/pages\/561\/revisions\/2123"}],"up":[{"embeddable":true,"href":"https:\/\/www.hotelgimm.it\/de\/wp-json\/wp\/v2\/pages\/559"}],"wp:featuredmedia":[{"embeddable":true,"href":"https:\/\/www.hotelgimm.it\/de\/wp-json\/wp\/v2\/media\/1183"}],"wp:attachment":[{"href":"https:\/\/www.hotelgimm.it\/de\/wp-json\/wp\/v2\/media?parent=561"}],"curies":[{"name":"wp","href":"https:\/\/api.w.org\/{rel}","templated":true}]}}