{"id":557,"date":"2019-02-11T16:16:32","date_gmt":"2019-02-11T15:16:32","guid":{"rendered":"https:\/\/www.hotelgimm.it\/?page_id=557"},"modified":"2019-05-11T15:28:52","modified_gmt":"2019-05-11T13:28:52","slug":"kinder","status":"publish","type":"page","link":"https:\/\/www.hotelgimm.it\/de\/service\/kinder\/","title":{"rendered":"Kinder"},"content":{"rendered":"\n<p>F\u00fcr unsere kleinen G\u00e4ste stehen <strong>Kinderbetten, Hochst\u00fchle und Kinderwagen<\/strong> zur Verf\u00fcgung. <\/p>\n\n\n\n<p>Ein <strong>Spielbereich im Hotel,<\/strong> um sie an weniger sonnigen Tagen zu unterhalten, und Fahrr\u00e4der mit Kindersitzen, um Bibione entdecken zu lassen. <\/p>\n\n\n\n<p><strong>Am Strand finden Sie viele <a href=\"http:\/\/www.bibionespiaggia.com\/de\/unterhaltung\/\" target=\"_blank\" rel=\"noreferrer noopener\" aria-label=\"Animations- und Unterhaltungsaktivit\u00e4ten (si apre in una nuova scheda)\">Animations- und Unterhaltungsaktivit\u00e4ten<\/a>.<\/strong> Sie k\u00f6nnen Kinder jeden Alters an vielen Initiativen teilnehmen lassen, vom Sport \u00fcber Brettspiele bis zu thematischen Workshops.<\/p>\n","protected":false},"excerpt":{"rendered":"<p>F\u00fcr unsere kleinen G\u00e4ste stehen Kinderbetten, Hochst\u00fchle und Kinderwagen zur Verf\u00fcgung. Ein Spielbereich im Hotel, um sie an weniger sonnigen Tagen zu unterhalten, und Fahrr\u00e4der mit Kindersitzen, um Bibione entdecken zu lassen. Am Strand finden Sie viele Animations- und Unterhaltungsaktivit\u00e4ten. Sie k\u00f6nnen Kinder jeden Alters an vielen Initiativen teilnehmen lassen, vom Sport \u00fcber Brettspiele bis zu thematischen Workshops.<\/p>\n","protected":false},"author":1,"featured_media":1156,"parent":545,"menu_order":0,"comment_status":"closed","ping_status":"closed","template":"","meta":[],"yoast_head":"<!-- This site is optimized with the Yoast SEO plugin v15.7 - https:\/\/yoast.com\/wordpress\/plugins\/seo\/ -->\n<title>Kinder - Hotel Gimm<\/title>\n<meta name=\"robots\" content=\"index, follow, max-snippet:-1, max-image-preview:large, max-video-preview:-1\" \/>\n<link rel=\"canonical\" href=\"https:\/\/www.hotelgimm.it\/de\/service\/kinder\/\" \/>\n<meta property=\"og:locale\" content=\"de_DE\" \/>\n<meta property=\"og:type\" content=\"article\" \/>\n<meta property=\"og:title\" content=\"Kinder - Hotel Gimm\" \/>\n<meta property=\"og:description\" content=\"F\u00fcr unsere kleinen G\u00e4ste stehen Kinderbetten, Hochst\u00fchle und Kinderwagen zur Verf\u00fcgung. Ein Spielbereich im Hotel, um sie an weniger sonnigen Tagen zu unterhalten, und Fahrr\u00e4der mit Kindersitzen, um Bibione entdecken zu lassen. Am Strand finden Sie viele Animations- und Unterhaltungsaktivit\u00e4ten. Sie k\u00f6nnen Kinder jeden Alters an vielen Initiativen teilnehmen lassen, vom Sport \u00fcber Brettspiele bis zu thematischen Workshops.\" \/>\n<meta property=\"og:url\" content=\"https:\/\/www.hotelgimm.it\/de\/service\/kinder\/\" \/>\n<meta property=\"og:site_name\" content=\"Hotel Gimm\" \/>\n<meta property=\"article:modified_time\" content=\"2019-05-11T13:28:52+00:00\" \/>\n<meta property=\"og:image\" content=\"https:\/\/www.hotelgimm.it\/wp-content\/uploads\/2019\/05\/SRVBambini1.jpg\" \/>\n\t<meta property=\"og:image:width\" content=\"2362\" \/>\n\t<meta property=\"og:image:height\" content=\"1181\" \/>\n<meta name=\"twitter:card\" content=\"summary_large_image\" \/>\n<script type=\"application\/ld+json\" class=\"yoast-schema-graph\">{\"@context\":\"https:\/\/schema.org\",\"@graph\":[{\"@type\":\"WebSite\",\"@id\":\"https:\/\/www.hotelgimm.it\/#website\",\"url\":\"https:\/\/www.hotelgimm.it\/\",\"name\":\"Hotel Gimm\",\"description\":\"\",\"potentialAction\":[{\"@type\":\"SearchAction\",\"target\":\"https:\/\/www.hotelgimm.it\/?s={search_term_string}\",\"query-input\":\"required name=search_term_string\"}],\"inLanguage\":\"de-DE\"},{\"@type\":\"ImageObject\",\"@id\":\"https:\/\/www.hotelgimm.it\/de\/service\/kinder\/#primaryimage\",\"inLanguage\":\"de-DE\",\"url\":\"https:\/\/www.hotelgimm.it\/wp-content\/uploads\/2019\/05\/SRVBambini1.jpg\",\"width\":2362,\"height\":1181},{\"@type\":\"WebPage\",\"@id\":\"https:\/\/www.hotelgimm.it\/de\/service\/kinder\/#webpage\",\"url\":\"https:\/\/www.hotelgimm.it\/de\/service\/kinder\/\",\"name\":\"Kinder - Hotel Gimm\",\"isPartOf\":{\"@id\":\"https:\/\/www.hotelgimm.it\/#website\"},\"primaryImageOfPage\":{\"@id\":\"https:\/\/www.hotelgimm.it\/de\/service\/kinder\/#primaryimage\"},\"datePublished\":\"2019-02-11T15:16:32+00:00\",\"dateModified\":\"2019-05-11T13:28:52+00:00\",\"breadcrumb\":{\"@id\":\"https:\/\/www.hotelgimm.it\/de\/service\/kinder\/#breadcrumb\"},\"inLanguage\":\"de-DE\",\"potentialAction\":[{\"@type\":\"ReadAction\",\"target\":[\"https:\/\/www.hotelgimm.it\/de\/service\/kinder\/\"]}]},{\"@type\":\"BreadcrumbList\",\"@id\":\"https:\/\/www.hotelgimm.it\/de\/service\/kinder\/#breadcrumb\",\"itemListElement\":[{\"@type\":\"ListItem\",\"position\":1,\"item\":{\"@type\":\"WebPage\",\"@id\":\"https:\/\/www.hotelgimm.it\/de\/\",\"url\":\"https:\/\/www.hotelgimm.it\/de\/\",\"name\":\"Home\"}},{\"@type\":\"ListItem\",\"position\":2,\"item\":{\"@type\":\"WebPage\",\"@id\":\"https:\/\/www.hotelgimm.it\/de\/service\/\",\"url\":\"https:\/\/www.hotelgimm.it\/de\/service\/\",\"name\":\"Service\"}},{\"@type\":\"ListItem\",\"position\":3,\"item\":{\"@type\":\"WebPage\",\"@id\":\"https:\/\/www.hotelgimm.it\/de\/service\/kinder\/\",\"url\":\"https:\/\/www.hotelgimm.it\/de\/service\/kinder\/\",\"name\":\"Kinder\"}}]}]}<\/script>\n<!-- \/ Yoast SEO plugin. -->","_links":{"self":[{"href":"https:\/\/www.hotelgimm.it\/de\/wp-json\/wp\/v2\/pages\/557"}],"collection":[{"href":"https:\/\/www.hotelgimm.it\/de\/wp-json\/wp\/v2\/pages"}],"about":[{"href":"https:\/\/www.hotelgimm.it\/de\/wp-json\/wp\/v2\/types\/page"}],"author":[{"embeddable":true,"href":"https:\/\/www.hotelgimm.it\/de\/wp-json\/wp\/v2\/users\/1"}],"replies":[{"embeddable":true,"href":"https:\/\/www.hotelgimm.it\/de\/wp-json\/wp\/v2\/comments?post=557"}],"version-history":[{"count":7,"href":"https:\/\/www.hotelgimm.it\/de\/wp-json\/wp\/v2\/pages\/557\/revisions"}],"predecessor-version":[{"id":1988,"href":"https:\/\/www.hotelgimm.it\/de\/wp-json\/wp\/v2\/pages\/557\/revisions\/1988"}],"up":[{"embeddable":true,"href":"https:\/\/www.hotelgimm.it\/de\/wp-json\/wp\/v2\/pages\/545"}],"wp:featuredmedia":[{"embeddable":true,"href":"https:\/\/www.hotelgimm.it\/de\/wp-json\/wp\/v2\/media\/1156"}],"wp:attachment":[{"href":"https:\/\/www.hotelgimm.it\/de\/wp-json\/wp\/v2\/media?parent=557"}],"curies":[{"name":"wp","href":"https:\/\/api.w.org\/{rel}","templated":true}]}}