{"id":555,"date":"2019-02-11T16:15:45","date_gmt":"2019-02-11T15:15:45","guid":{"rendered":"https:\/\/www.hotelgimm.it\/?page_id=555"},"modified":"2021-10-04T10:16:44","modified_gmt":"2021-10-04T08:16:44","slug":"fahrradverleih","status":"publish","type":"page","link":"https:\/\/www.hotelgimm.it\/de\/service\/fahrradverleih\/","title":{"rendered":"Fahrradverleih"},"content":{"rendered":"\n<p><strong>Wir bieten unseren G\u00e4sten die kostenlose Nutzung der hoteleigenen Fahrr\u00e4der<\/strong>, um Bibione an Bord der zwei R\u00e4der zu entdecken. Nutzen Sie die zahlreichen Fahrradrouten der Stadt und des Hinterlands.<br><\/p>\n\n\n\n<div class=\"wp-block-file\"><a href=\"https:\/\/www.hotelgimm.it\/wp-content\/uploads\/2021\/10\/guida-cicloturismo5-1.pdf\">Cycling Route Guide<\/a><a href=\"https:\/\/www.hotelgimm.it\/wp-content\/uploads\/2021\/10\/guida-cicloturismo5-1.pdf\" class=\"wp-block-file__button\" download>Download<\/a><\/div>\n\n\n\n<div class=\"wp-block-file\"><a href=\"https:\/\/www.hotelgimm.it\/wp-content\/uploads\/2021\/10\/mappa-ciclabili-bibione-1.pdf\">Radwegekarte<\/a><a href=\"https:\/\/www.hotelgimm.it\/wp-content\/uploads\/2021\/10\/mappa-ciclabili-bibione-1.pdf\" class=\"wp-block-file__button\" download>Download<\/a><\/div>\n","protected":false},"excerpt":{"rendered":"<p>Wir bieten unseren G\u00e4sten die kostenlose Nutzung der hoteleigenen Fahrr\u00e4der, um Bibione an Bord der zwei R\u00e4der zu entdecken. Nutzen Sie die zahlreichen Fahrradrouten der Stadt und des Hinterlands.<\/p>\n","protected":false},"author":1,"featured_media":1173,"parent":545,"menu_order":5,"comment_status":"closed","ping_status":"closed","template":"","meta":[],"yoast_head":"<!-- This site is optimized with the Yoast SEO plugin v15.7 - https:\/\/yoast.com\/wordpress\/plugins\/seo\/ -->\n<title>Fahrradverleih - Hotel Gimm<\/title>\n<meta name=\"robots\" content=\"index, follow, max-snippet:-1, max-image-preview:large, max-video-preview:-1\" \/>\n<link rel=\"canonical\" href=\"https:\/\/www.hotelgimm.it\/de\/service\/fahrradverleih\/\" \/>\n<meta property=\"og:locale\" content=\"de_DE\" \/>\n<meta property=\"og:type\" content=\"article\" \/>\n<meta property=\"og:title\" content=\"Fahrradverleih - Hotel Gimm\" \/>\n<meta property=\"og:description\" content=\"Wir bieten unseren G\u00e4sten die kostenlose Nutzung der hoteleigenen Fahrr\u00e4der, um Bibione an Bord der zwei R\u00e4der zu entdecken. Nutzen Sie die zahlreichen Fahrradrouten der Stadt und des Hinterlands.\" \/>\n<meta property=\"og:url\" content=\"https:\/\/www.hotelgimm.it\/de\/service\/fahrradverleih\/\" \/>\n<meta property=\"og:site_name\" content=\"Hotel Gimm\" \/>\n<meta property=\"article:modified_time\" content=\"2021-10-04T08:16:44+00:00\" \/>\n<meta property=\"og:image\" content=\"https:\/\/www.hotelgimm.it\/wp-content\/uploads\/2019\/05\/Rental-Bikes-30a_Fall-at-the-Beach.jpg\" \/>\n\t<meta property=\"og:image:width\" content=\"1000\" \/>\n\t<meta property=\"og:image:height\" content=\"665\" \/>\n<meta name=\"twitter:card\" content=\"summary_large_image\" \/>\n<meta name=\"twitter:label1\" content=\"Gesch\u00e4tzte Lesezeit\">\n\t<meta name=\"twitter:data1\" content=\"1 Minute\">\n<script type=\"application\/ld+json\" class=\"yoast-schema-graph\">{\"@context\":\"https:\/\/schema.org\",\"@graph\":[{\"@type\":\"WebSite\",\"@id\":\"https:\/\/www.hotelgimm.it\/#website\",\"url\":\"https:\/\/www.hotelgimm.it\/\",\"name\":\"Hotel Gimm\",\"description\":\"\",\"potentialAction\":[{\"@type\":\"SearchAction\",\"target\":\"https:\/\/www.hotelgimm.it\/?s={search_term_string}\",\"query-input\":\"required name=search_term_string\"}],\"inLanguage\":\"de-DE\"},{\"@type\":\"ImageObject\",\"@id\":\"https:\/\/www.hotelgimm.it\/de\/service\/fahrradverleih\/#primaryimage\",\"inLanguage\":\"de-DE\",\"url\":\"https:\/\/www.hotelgimm.it\/wp-content\/uploads\/2019\/05\/Rental-Bikes-30a_Fall-at-the-Beach.jpg\",\"width\":1000,\"height\":665},{\"@type\":\"WebPage\",\"@id\":\"https:\/\/www.hotelgimm.it\/de\/service\/fahrradverleih\/#webpage\",\"url\":\"https:\/\/www.hotelgimm.it\/de\/service\/fahrradverleih\/\",\"name\":\"Fahrradverleih - Hotel Gimm\",\"isPartOf\":{\"@id\":\"https:\/\/www.hotelgimm.it\/#website\"},\"primaryImageOfPage\":{\"@id\":\"https:\/\/www.hotelgimm.it\/de\/service\/fahrradverleih\/#primaryimage\"},\"datePublished\":\"2019-02-11T15:15:45+00:00\",\"dateModified\":\"2021-10-04T08:16:44+00:00\",\"breadcrumb\":{\"@id\":\"https:\/\/www.hotelgimm.it\/de\/service\/fahrradverleih\/#breadcrumb\"},\"inLanguage\":\"de-DE\",\"potentialAction\":[{\"@type\":\"ReadAction\",\"target\":[\"https:\/\/www.hotelgimm.it\/de\/service\/fahrradverleih\/\"]}]},{\"@type\":\"BreadcrumbList\",\"@id\":\"https:\/\/www.hotelgimm.it\/de\/service\/fahrradverleih\/#breadcrumb\",\"itemListElement\":[{\"@type\":\"ListItem\",\"position\":1,\"item\":{\"@type\":\"WebPage\",\"@id\":\"https:\/\/www.hotelgimm.it\/de\/\",\"url\":\"https:\/\/www.hotelgimm.it\/de\/\",\"name\":\"Home\"}},{\"@type\":\"ListItem\",\"position\":2,\"item\":{\"@type\":\"WebPage\",\"@id\":\"https:\/\/www.hotelgimm.it\/de\/service\/\",\"url\":\"https:\/\/www.hotelgimm.it\/de\/service\/\",\"name\":\"Service\"}},{\"@type\":\"ListItem\",\"position\":3,\"item\":{\"@type\":\"WebPage\",\"@id\":\"https:\/\/www.hotelgimm.it\/de\/service\/fahrradverleih\/\",\"url\":\"https:\/\/www.hotelgimm.it\/de\/service\/fahrradverleih\/\",\"name\":\"Fahrradverleih\"}}]}]}<\/script>\n<!-- \/ Yoast SEO plugin. -->","_links":{"self":[{"href":"https:\/\/www.hotelgimm.it\/de\/wp-json\/wp\/v2\/pages\/555"}],"collection":[{"href":"https:\/\/www.hotelgimm.it\/de\/wp-json\/wp\/v2\/pages"}],"about":[{"href":"https:\/\/www.hotelgimm.it\/de\/wp-json\/wp\/v2\/types\/page"}],"author":[{"embeddable":true,"href":"https:\/\/www.hotelgimm.it\/de\/wp-json\/wp\/v2\/users\/1"}],"replies":[{"embeddable":true,"href":"https:\/\/www.hotelgimm.it\/de\/wp-json\/wp\/v2\/comments?post=555"}],"version-history":[{"count":6,"href":"https:\/\/www.hotelgimm.it\/de\/wp-json\/wp\/v2\/pages\/555\/revisions"}],"predecessor-version":[{"id":3328,"href":"https:\/\/www.hotelgimm.it\/de\/wp-json\/wp\/v2\/pages\/555\/revisions\/3328"}],"up":[{"embeddable":true,"href":"https:\/\/www.hotelgimm.it\/de\/wp-json\/wp\/v2\/pages\/545"}],"wp:featuredmedia":[{"embeddable":true,"href":"https:\/\/www.hotelgimm.it\/de\/wp-json\/wp\/v2\/media\/1173"}],"wp:attachment":[{"href":"https:\/\/www.hotelgimm.it\/de\/wp-json\/wp\/v2\/media?parent=555"}],"curies":[{"name":"wp","href":"https:\/\/api.w.org\/{rel}","templated":true}]}}