{"id":549,"date":"2019-02-11T16:12:29","date_gmt":"2019-02-11T15:12:29","guid":{"rendered":"https:\/\/www.hotelgimm.it\/?page_id=549"},"modified":"2019-05-18T12:04:39","modified_gmt":"2019-05-18T10:04:39","slug":"strand","status":"publish","type":"page","link":"https:\/\/www.hotelgimm.it\/de\/service\/strand\/","title":{"rendered":"Strand"},"content":{"rendered":"\n<p><strong>Der Strandservice ist immer im Preis inbegriffen.<\/strong><\/p>\n\n\n\n<p>Unseren G\u00e4sten stehen ein Sonnenschirm und zwei Liegebetten pro Zimmer und die Nutzung der privaten Strandkabine zur Verf\u00fcgung. <\/p>\n\n\n\n<p>Um frei schwimmen und laufen zu k\u00f6nnen, bieten wir unseren G\u00e4sten auch einen <strong>Safe auf dem Sonnenschirm<\/strong> an, ohne zus\u00e4tzliche Kosten.    <\/p>\n\n\n\n<ul class=\"wp-block-gallery columns-2 is-cropped\"><li class=\"blocks-gallery-item\"><figure><img loading=\"lazy\" width=\"768\" height=\"1024\" src=\"https:\/\/www.hotelgimm.it\/wp-content\/uploads\/2019\/05\/IMG_8383-768x1024.jpg\" alt=\"\" data-id=\"1968\" data-link=\"https:\/\/www.hotelgimm.it\/service\/strand\/attachment\/img_8383\/\" class=\"wp-image-1968\" srcset=\"https:\/\/www.hotelgimm.it\/wp-content\/uploads\/2019\/05\/IMG_8383-768x1024.jpg 768w, https:\/\/www.hotelgimm.it\/wp-content\/uploads\/2019\/05\/IMG_8383-225x300.jpg 225w, https:\/\/www.hotelgimm.it\/wp-content\/uploads\/2019\/05\/IMG_8383.jpg 1200w\" sizes=\"(max-width: 768px) 100vw, 768px\" \/><\/figure><\/li><li class=\"blocks-gallery-item\"><figure><img loading=\"lazy\" width=\"1024\" height=\"768\" src=\"https:\/\/www.hotelgimm.it\/wp-content\/uploads\/2019\/05\/IMG_8380-1024x768.jpg\" alt=\"\" data-id=\"1971\" data-link=\"https:\/\/www.hotelgimm.it\/service\/strand\/attachment\/img_8380\/\" class=\"wp-image-1971\" srcset=\"https:\/\/www.hotelgimm.it\/wp-content\/uploads\/2019\/05\/IMG_8380-1024x768.jpg 1024w, https:\/\/www.hotelgimm.it\/wp-content\/uploads\/2019\/05\/IMG_8380-300x225.jpg 300w, https:\/\/www.hotelgimm.it\/wp-content\/uploads\/2019\/05\/IMG_8380-768x576.jpg 768w, https:\/\/www.hotelgimm.it\/wp-content\/uploads\/2019\/05\/IMG_8380.jpg 1600w\" sizes=\"(max-width: 1024px) 100vw, 1024px\" \/><\/figure><\/li><\/ul>\n\n\n\n<p><strong>Wi-Fi am Strand &#8211; BIBIONE SPIAGGIA FREE EASY: <\/strong>kostenloses W-LAN, loggen Sie sich ins Netz \u201cBIBIONE SPIAGGIA FREE EASY\u201d ein. <\/p>\n\n\n\n<p>Zwei verschiedenene Zutrittarten: direkt ueber die Socials (z. B. Facebook oder Twitter) oder unter \u201eRegistrati\u201c, Beim 2. Modus tragen Sie Ihre E-Mail Adresse und Ihre Nationalitaet ein. <br>BIBIONE SPIAGGIA PREMIUM: schnelleren Anschluss, in diesem Fall ist die INTERNET Connection Card direkt an den Strandkassen erh\u00e4ltlich. <\/p>\n\n\n\n<div class=\"wp-block-image\"><figure class=\"aligncenter\"><img loading=\"lazy\" width=\"724\" height=\"1024\" src=\"https:\/\/www.hotelgimm.it\/wp-content\/uploads\/2019\/05\/wi-fi-724x1024-724x1024.jpg\" alt=\"\" class=\"wp-image-1964\" srcset=\"https:\/\/www.hotelgimm.it\/wp-content\/uploads\/2019\/05\/wi-fi-724x1024.jpg 724w, https:\/\/www.hotelgimm.it\/wp-content\/uploads\/2019\/05\/wi-fi-724x1024-212x300.jpg 212w\" sizes=\"(max-width: 724px) 100vw, 724px\" \/><\/figure><\/div>\n","protected":false},"excerpt":{"rendered":"<p>Der Strandservice ist immer im Preis inbegriffen. Unseren G\u00e4sten stehen ein Sonnenschirm und zwei Liegebetten pro Zimmer und die Nutzung der privaten Strandkabine zur Verf\u00fcgung. Um frei schwimmen und laufen zu k\u00f6nnen, bieten wir unseren G\u00e4sten auch einen Safe auf dem Sonnenschirm an, ohne zus\u00e4tzliche Kosten. Wi-Fi am Strand &#8211; BIBIONE SPIAGGIA FREE EASY: kostenloses W-LAN, loggen Sie sich ins Netz \u201cBIBIONE SPIAGGIA FREE EASY\u201d ein. Zwei verschiedenene Zutrittarten: direkt ueber die Socials (z. B. Facebook oder Twitter) oder unter \u201eRegistrati\u201c, Beim 2. Modus tragen Sie Ihre E-Mail Adresse und Ihre Nationalitaet ein. BIBIONE SPIAGGIA PREMIUM: schnelleren Anschluss, in diesem Fall ist die INTERNET Connection Card direkt an den Strandkassen erh\u00e4ltlich.<\/p>\n","protected":false},"author":1,"featured_media":1145,"parent":545,"menu_order":2,"comment_status":"closed","ping_status":"closed","template":"","meta":[],"yoast_head":"<!-- This site is optimized with the Yoast SEO plugin v15.7 - https:\/\/yoast.com\/wordpress\/plugins\/seo\/ -->\n<title>Strand - Hotel Gimm<\/title>\n<meta name=\"robots\" content=\"index, follow, max-snippet:-1, max-image-preview:large, max-video-preview:-1\" \/>\n<link rel=\"canonical\" href=\"https:\/\/www.hotelgimm.it\/de\/service\/strand\/\" \/>\n<meta property=\"og:locale\" content=\"de_DE\" \/>\n<meta property=\"og:type\" content=\"article\" \/>\n<meta property=\"og:title\" content=\"Strand - Hotel Gimm\" \/>\n<meta property=\"og:description\" content=\"Der Strandservice ist immer im Preis inbegriffen. Unseren G\u00e4sten stehen ein Sonnenschirm und zwei Liegebetten pro Zimmer und die Nutzung der privaten Strandkabine zur Verf\u00fcgung. Um frei schwimmen und laufen zu k\u00f6nnen, bieten wir unseren G\u00e4sten auch einen Safe auf dem Sonnenschirm an, ohne zus\u00e4tzliche Kosten. Wi-Fi am Strand &#8211; BIBIONE SPIAGGIA FREE EASY: kostenloses W-LAN, loggen Sie sich ins Netz \u201cBIBIONE SPIAGGIA FREE EASY\u201d ein. Zwei verschiedenene Zutrittarten: direkt ueber die Socials (z. B. Facebook oder Twitter) oder unter \u201eRegistrati\u201c, Beim 2. Modus tragen Sie Ihre E-Mail Adresse und Ihre Nationalitaet ein. BIBIONE SPIAGGIA PREMIUM: schnelleren Anschluss, in diesem Fall ist die INTERNET Connection Card direkt an den Strandkassen erh\u00e4ltlich.\" \/>\n<meta property=\"og:url\" content=\"https:\/\/www.hotelgimm.it\/de\/service\/strand\/\" \/>\n<meta property=\"og:site_name\" content=\"Hotel Gimm\" \/>\n<meta property=\"article:modified_time\" content=\"2019-05-18T10:04:39+00:00\" \/>\n<meta property=\"og:image\" content=\"https:\/\/www.hotelgimm.it\/wp-content\/uploads\/2019\/05\/DSCF0005.jpg\" \/>\n\t<meta property=\"og:image:width\" content=\"2024\" \/>\n\t<meta property=\"og:image:height\" content=\"3024\" \/>\n<meta name=\"twitter:card\" content=\"summary_large_image\" \/>\n<meta name=\"twitter:label1\" content=\"Gesch\u00e4tzte Lesezeit\">\n\t<meta name=\"twitter:data1\" content=\"1 Minute\">\n<script type=\"application\/ld+json\" class=\"yoast-schema-graph\">{\"@context\":\"https:\/\/schema.org\",\"@graph\":[{\"@type\":\"WebSite\",\"@id\":\"https:\/\/www.hotelgimm.it\/#website\",\"url\":\"https:\/\/www.hotelgimm.it\/\",\"name\":\"Hotel Gimm\",\"description\":\"\",\"potentialAction\":[{\"@type\":\"SearchAction\",\"target\":\"https:\/\/www.hotelgimm.it\/?s={search_term_string}\",\"query-input\":\"required name=search_term_string\"}],\"inLanguage\":\"de-DE\"},{\"@type\":\"ImageObject\",\"@id\":\"https:\/\/www.hotelgimm.it\/de\/service\/strand\/#primaryimage\",\"inLanguage\":\"de-DE\",\"url\":\"https:\/\/www.hotelgimm.it\/wp-content\/uploads\/2019\/05\/DSCF0005.jpg\",\"width\":2024,\"height\":3024},{\"@type\":\"WebPage\",\"@id\":\"https:\/\/www.hotelgimm.it\/de\/service\/strand\/#webpage\",\"url\":\"https:\/\/www.hotelgimm.it\/de\/service\/strand\/\",\"name\":\"Strand - Hotel Gimm\",\"isPartOf\":{\"@id\":\"https:\/\/www.hotelgimm.it\/#website\"},\"primaryImageOfPage\":{\"@id\":\"https:\/\/www.hotelgimm.it\/de\/service\/strand\/#primaryimage\"},\"datePublished\":\"2019-02-11T15:12:29+00:00\",\"dateModified\":\"2019-05-18T10:04:39+00:00\",\"breadcrumb\":{\"@id\":\"https:\/\/www.hotelgimm.it\/de\/service\/strand\/#breadcrumb\"},\"inLanguage\":\"de-DE\",\"potentialAction\":[{\"@type\":\"ReadAction\",\"target\":[\"https:\/\/www.hotelgimm.it\/de\/service\/strand\/\"]}]},{\"@type\":\"BreadcrumbList\",\"@id\":\"https:\/\/www.hotelgimm.it\/de\/service\/strand\/#breadcrumb\",\"itemListElement\":[{\"@type\":\"ListItem\",\"position\":1,\"item\":{\"@type\":\"WebPage\",\"@id\":\"https:\/\/www.hotelgimm.it\/de\/\",\"url\":\"https:\/\/www.hotelgimm.it\/de\/\",\"name\":\"Home\"}},{\"@type\":\"ListItem\",\"position\":2,\"item\":{\"@type\":\"WebPage\",\"@id\":\"https:\/\/www.hotelgimm.it\/de\/service\/\",\"url\":\"https:\/\/www.hotelgimm.it\/de\/service\/\",\"name\":\"Service\"}},{\"@type\":\"ListItem\",\"position\":3,\"item\":{\"@type\":\"WebPage\",\"@id\":\"https:\/\/www.hotelgimm.it\/de\/service\/strand\/\",\"url\":\"https:\/\/www.hotelgimm.it\/de\/service\/strand\/\",\"name\":\"Strand\"}}]}]}<\/script>\n<!-- \/ Yoast SEO plugin. -->","_links":{"self":[{"href":"https:\/\/www.hotelgimm.it\/de\/wp-json\/wp\/v2\/pages\/549"}],"collection":[{"href":"https:\/\/www.hotelgimm.it\/de\/wp-json\/wp\/v2\/pages"}],"about":[{"href":"https:\/\/www.hotelgimm.it\/de\/wp-json\/wp\/v2\/types\/page"}],"author":[{"embeddable":true,"href":"https:\/\/www.hotelgimm.it\/de\/wp-json\/wp\/v2\/users\/1"}],"replies":[{"embeddable":true,"href":"https:\/\/www.hotelgimm.it\/de\/wp-json\/wp\/v2\/comments?post=549"}],"version-history":[{"count":7,"href":"https:\/\/www.hotelgimm.it\/de\/wp-json\/wp\/v2\/pages\/549\/revisions"}],"predecessor-version":[{"id":2754,"href":"https:\/\/www.hotelgimm.it\/de\/wp-json\/wp\/v2\/pages\/549\/revisions\/2754"}],"up":[{"embeddable":true,"href":"https:\/\/www.hotelgimm.it\/de\/wp-json\/wp\/v2\/pages\/545"}],"wp:featuredmedia":[{"embeddable":true,"href":"https:\/\/www.hotelgimm.it\/de\/wp-json\/wp\/v2\/media\/1145"}],"wp:attachment":[{"href":"https:\/\/www.hotelgimm.it\/de\/wp-json\/wp\/v2\/media?parent=549"}],"curies":[{"name":"wp","href":"https:\/\/api.w.org\/{rel}","templated":true}]}}