{"id":547,"date":"2019-02-11T16:11:41","date_gmt":"2019-02-11T15:11:41","guid":{"rendered":"https:\/\/www.hotelgimm.it\/?page_id=547"},"modified":"2021-10-04T13:20:57","modified_gmt":"2021-10-04T11:20:57","slug":"schwimmbad","status":"publish","type":"page","link":"https:\/\/www.hotelgimm.it\/de\/service\/schwimmbad\/","title":{"rendered":"Schwimmbad"},"content":{"rendered":"\n<figure class=\"wp-block-pullquote\" style=\"border-color:#0693e3\"><blockquote class=\"has-text-color\" style=\"color:#397691\"><p>Beheiztes Schwimmbad<\/p><cite>Entspannen und genie\u00dfen!<\/cite><\/blockquote><\/figure>\n\n\n\n<p>Neben der Hotelbar gibt es einen ganzt\u00e4gig ge\u00f6ffneten Pool mit Ruhebereich, Whirlpool, Schwimmbad f\u00fcr Kinder und Sonnenterrasse.<\/p>\n\n\n\n<figure class=\"wp-block-gallery columns-2 is-cropped\"><ul class=\"blocks-gallery-grid\"><li class=\"blocks-gallery-item\"><figure><img loading=\"lazy\" width=\"1024\" height=\"681\" src=\"https:\/\/www.hotelgimm.it\/wp-content\/uploads\/2021\/10\/DSC9377-1024x681.jpg\" alt=\"\" data-id=\"3354\" data-full-url=\"https:\/\/www.hotelgimm.it\/wp-content\/uploads\/2021\/10\/DSC9377-scaled.jpg\" data-link=\"https:\/\/www.hotelgimm.it\/servizi\/piscina\/attachment\/dsc9377\/\" class=\"wp-image-3354\" srcset=\"https:\/\/www.hotelgimm.it\/wp-content\/uploads\/2021\/10\/DSC9377-1024x681.jpg 1024w, https:\/\/www.hotelgimm.it\/wp-content\/uploads\/2021\/10\/DSC9377-300x200.jpg 300w, https:\/\/www.hotelgimm.it\/wp-content\/uploads\/2021\/10\/DSC9377-768x511.jpg 768w, https:\/\/www.hotelgimm.it\/wp-content\/uploads\/2021\/10\/DSC9377-1536x1022.jpg 1536w, https:\/\/www.hotelgimm.it\/wp-content\/uploads\/2021\/10\/DSC9377-2048x1363.jpg 2048w\" sizes=\"(max-width: 1024px) 100vw, 1024px\" \/><\/figure><\/li><li class=\"blocks-gallery-item\"><figure><img loading=\"lazy\" width=\"1024\" height=\"713\" src=\"https:\/\/www.hotelgimm.it\/wp-content\/uploads\/2019\/05\/DSCF0034-copia-1-1024x713.jpg\" alt=\"\" data-id=\"1164\" data-full-url=\"https:\/\/www.hotelgimm.it\/wp-content\/uploads\/2019\/05\/DSCF0034-copia-1.jpg\" data-link=\"https:\/\/www.hotelgimm.it\/servizi\/piscina\/attachment\/dscf0034-copia-2\/\" class=\"wp-image-1164\" srcset=\"https:\/\/www.hotelgimm.it\/wp-content\/uploads\/2019\/05\/DSCF0034-copia-1-1024x713.jpg 1024w, https:\/\/www.hotelgimm.it\/wp-content\/uploads\/2019\/05\/DSCF0034-copia-1-300x209.jpg 300w, https:\/\/www.hotelgimm.it\/wp-content\/uploads\/2019\/05\/DSCF0034-copia-1-768x535.jpg 768w\" sizes=\"(max-width: 1024px) 100vw, 1024px\" \/><\/figure><\/li><\/ul><\/figure>\n","protected":false},"excerpt":{"rendered":"<p>Beheiztes Schwimmbad Entspannen und genie\u00dfen! Neben der Hotelbar gibt es einen ganzt\u00e4gig ge\u00f6ffneten Pool mit Ruhebereich, Whirlpool, Schwimmbad f\u00fcr Kinder und Sonnenterrasse.<\/p>\n","protected":false},"author":1,"featured_media":3342,"parent":545,"menu_order":1,"comment_status":"closed","ping_status":"closed","template":"","meta":[],"yoast_head":"<!-- This site is optimized with the Yoast SEO plugin v15.7 - https:\/\/yoast.com\/wordpress\/plugins\/seo\/ -->\n<title>Schwimmbad - Hotel Gimm<\/title>\n<meta name=\"robots\" content=\"index, follow, max-snippet:-1, max-image-preview:large, max-video-preview:-1\" \/>\n<link rel=\"canonical\" href=\"https:\/\/www.hotelgimm.it\/de\/service\/schwimmbad\/\" \/>\n<meta property=\"og:locale\" content=\"de_DE\" \/>\n<meta property=\"og:type\" content=\"article\" \/>\n<meta property=\"og:title\" content=\"Schwimmbad - Hotel Gimm\" \/>\n<meta property=\"og:description\" content=\"Beheiztes Schwimmbad Entspannen und genie\u00dfen! Neben der Hotelbar gibt es einen ganzt\u00e4gig ge\u00f6ffneten Pool mit Ruhebereich, Whirlpool, Schwimmbad f\u00fcr Kinder und Sonnenterrasse.\" \/>\n<meta property=\"og:url\" content=\"https:\/\/www.hotelgimm.it\/de\/service\/schwimmbad\/\" \/>\n<meta property=\"og:site_name\" content=\"Hotel Gimm\" \/>\n<meta property=\"article:modified_time\" content=\"2021-10-04T11:20:57+00:00\" \/>\n<meta property=\"og:image\" content=\"https:\/\/www.hotelgimm.it\/wp-content\/uploads\/2021\/10\/news.jpg\" \/>\n\t<meta property=\"og:image:width\" content=\"552\" \/>\n\t<meta property=\"og:image:height\" content=\"462\" \/>\n<meta name=\"twitter:card\" content=\"summary_large_image\" \/>\n<meta name=\"twitter:label1\" content=\"Gesch\u00e4tzte Lesezeit\">\n\t<meta name=\"twitter:data1\" content=\"1 Minute\">\n<script type=\"application\/ld+json\" class=\"yoast-schema-graph\">{\"@context\":\"https:\/\/schema.org\",\"@graph\":[{\"@type\":\"WebSite\",\"@id\":\"https:\/\/www.hotelgimm.it\/#website\",\"url\":\"https:\/\/www.hotelgimm.it\/\",\"name\":\"Hotel Gimm\",\"description\":\"\",\"potentialAction\":[{\"@type\":\"SearchAction\",\"target\":\"https:\/\/www.hotelgimm.it\/?s={search_term_string}\",\"query-input\":\"required name=search_term_string\"}],\"inLanguage\":\"de-DE\"},{\"@type\":\"ImageObject\",\"@id\":\"https:\/\/www.hotelgimm.it\/de\/service\/schwimmbad\/#primaryimage\",\"inLanguage\":\"de-DE\",\"url\":\"https:\/\/www.hotelgimm.it\/wp-content\/uploads\/2021\/10\/news.jpg\",\"width\":552,\"height\":462},{\"@type\":\"WebPage\",\"@id\":\"https:\/\/www.hotelgimm.it\/de\/service\/schwimmbad\/#webpage\",\"url\":\"https:\/\/www.hotelgimm.it\/de\/service\/schwimmbad\/\",\"name\":\"Schwimmbad - Hotel Gimm\",\"isPartOf\":{\"@id\":\"https:\/\/www.hotelgimm.it\/#website\"},\"primaryImageOfPage\":{\"@id\":\"https:\/\/www.hotelgimm.it\/de\/service\/schwimmbad\/#primaryimage\"},\"datePublished\":\"2019-02-11T15:11:41+00:00\",\"dateModified\":\"2021-10-04T11:20:57+00:00\",\"breadcrumb\":{\"@id\":\"https:\/\/www.hotelgimm.it\/de\/service\/schwimmbad\/#breadcrumb\"},\"inLanguage\":\"de-DE\",\"potentialAction\":[{\"@type\":\"ReadAction\",\"target\":[\"https:\/\/www.hotelgimm.it\/de\/service\/schwimmbad\/\"]}]},{\"@type\":\"BreadcrumbList\",\"@id\":\"https:\/\/www.hotelgimm.it\/de\/service\/schwimmbad\/#breadcrumb\",\"itemListElement\":[{\"@type\":\"ListItem\",\"position\":1,\"item\":{\"@type\":\"WebPage\",\"@id\":\"https:\/\/www.hotelgimm.it\/de\/\",\"url\":\"https:\/\/www.hotelgimm.it\/de\/\",\"name\":\"Home\"}},{\"@type\":\"ListItem\",\"position\":2,\"item\":{\"@type\":\"WebPage\",\"@id\":\"https:\/\/www.hotelgimm.it\/de\/service\/\",\"url\":\"https:\/\/www.hotelgimm.it\/de\/service\/\",\"name\":\"Service\"}},{\"@type\":\"ListItem\",\"position\":3,\"item\":{\"@type\":\"WebPage\",\"@id\":\"https:\/\/www.hotelgimm.it\/de\/service\/schwimmbad\/\",\"url\":\"https:\/\/www.hotelgimm.it\/de\/service\/schwimmbad\/\",\"name\":\"Schwimmbad\"}}]}]}<\/script>\n<!-- \/ Yoast SEO plugin. -->","_links":{"self":[{"href":"https:\/\/www.hotelgimm.it\/de\/wp-json\/wp\/v2\/pages\/547"}],"collection":[{"href":"https:\/\/www.hotelgimm.it\/de\/wp-json\/wp\/v2\/pages"}],"about":[{"href":"https:\/\/www.hotelgimm.it\/de\/wp-json\/wp\/v2\/types\/page"}],"author":[{"embeddable":true,"href":"https:\/\/www.hotelgimm.it\/de\/wp-json\/wp\/v2\/users\/1"}],"replies":[{"embeddable":true,"href":"https:\/\/www.hotelgimm.it\/de\/wp-json\/wp\/v2\/comments?post=547"}],"version-history":[{"count":5,"href":"https:\/\/www.hotelgimm.it\/de\/wp-json\/wp\/v2\/pages\/547\/revisions"}],"predecessor-version":[{"id":3363,"href":"https:\/\/www.hotelgimm.it\/de\/wp-json\/wp\/v2\/pages\/547\/revisions\/3363"}],"up":[{"embeddable":true,"href":"https:\/\/www.hotelgimm.it\/de\/wp-json\/wp\/v2\/pages\/545"}],"wp:featuredmedia":[{"embeddable":true,"href":"https:\/\/www.hotelgimm.it\/de\/wp-json\/wp\/v2\/media\/3342"}],"wp:attachment":[{"href":"https:\/\/www.hotelgimm.it\/de\/wp-json\/wp\/v2\/media?parent=547"}],"curies":[{"name":"wp","href":"https:\/\/api.w.org\/{rel}","templated":true}]}}