{"id":541,"date":"2019-02-11T16:09:32","date_gmt":"2019-02-11T15:09:32","guid":{"rendered":"https:\/\/www.hotelgimm.it\/?page_id=541"},"modified":"2019-05-11T12:42:42","modified_gmt":"2019-05-11T10:42:42","slug":"die-weine-des-territoriums","status":"publish","type":"page","link":"https:\/\/www.hotelgimm.it\/de\/restaurant\/die-weine-des-territoriums\/","title":{"rendered":"Die Weine des Territoriums"},"content":{"rendered":"\n<p>Um ein gutes Essen oder ein ausgekl\u00fcgeltes Aperitif zu begleiten, laden wir unsere G\u00e4ste unsere Weinkarte durchsuchen auf der italienischen Weintradition gesetzt, mit einer gro\u00dfen Auswahl an hochwertigen Etikett.<\/p>\n","protected":false},"excerpt":{"rendered":"<p>Um ein gutes Essen oder ein ausgekl\u00fcgeltes Aperitif zu begleiten, laden wir unsere G\u00e4ste unsere Weinkarte durchsuchen auf der italienischen Weintradition gesetzt, mit einer gro\u00dfen Auswahl an hochwertigen Etikett.<\/p>\n","protected":false},"author":1,"featured_media":1089,"parent":535,"menu_order":3,"comment_status":"closed","ping_status":"closed","template":"page-ROOM_DETAIL.php","meta":[],"yoast_head":"<!-- This site is optimized with the Yoast SEO plugin v15.7 - https:\/\/yoast.com\/wordpress\/plugins\/seo\/ -->\n<title>Die Weine des Territoriums - Hotel Gimm<\/title>\n<meta name=\"robots\" content=\"index, follow, max-snippet:-1, max-image-preview:large, max-video-preview:-1\" \/>\n<link rel=\"canonical\" href=\"https:\/\/www.hotelgimm.it\/de\/restaurant\/die-weine-des-territoriums\/\" \/>\n<meta property=\"og:locale\" content=\"de_DE\" \/>\n<meta property=\"og:type\" content=\"article\" \/>\n<meta property=\"og:title\" content=\"Die Weine des Territoriums - Hotel Gimm\" \/>\n<meta property=\"og:description\" content=\"Um ein gutes Essen oder ein ausgekl\u00fcgeltes Aperitif zu begleiten, laden wir unsere G\u00e4ste unsere Weinkarte durchsuchen auf der italienischen Weintradition gesetzt, mit einer gro\u00dfen Auswahl an hochwertigen Etikett.\" \/>\n<meta property=\"og:url\" content=\"https:\/\/www.hotelgimm.it\/de\/restaurant\/die-weine-des-territoriums\/\" \/>\n<meta property=\"og:site_name\" content=\"Hotel Gimm\" \/>\n<meta property=\"article:modified_time\" content=\"2019-05-11T10:42:42+00:00\" \/>\n<meta property=\"og:image\" content=\"https:\/\/www.hotelgimm.it\/wp-content\/uploads\/2019\/05\/two-types-of-wine-1761613_1920.jpg\" \/>\n\t<meta property=\"og:image:width\" content=\"1024\" \/>\n\t<meta property=\"og:image:height\" content=\"683\" \/>\n<meta name=\"twitter:card\" content=\"summary_large_image\" \/>\n<script type=\"application\/ld+json\" class=\"yoast-schema-graph\">{\"@context\":\"https:\/\/schema.org\",\"@graph\":[{\"@type\":\"WebSite\",\"@id\":\"https:\/\/www.hotelgimm.it\/#website\",\"url\":\"https:\/\/www.hotelgimm.it\/\",\"name\":\"Hotel Gimm\",\"description\":\"\",\"potentialAction\":[{\"@type\":\"SearchAction\",\"target\":\"https:\/\/www.hotelgimm.it\/?s={search_term_string}\",\"query-input\":\"required name=search_term_string\"}],\"inLanguage\":\"de-DE\"},{\"@type\":\"ImageObject\",\"@id\":\"https:\/\/www.hotelgimm.it\/de\/restaurant\/die-weine-des-territoriums\/#primaryimage\",\"inLanguage\":\"de-DE\",\"url\":\"https:\/\/www.hotelgimm.it\/wp-content\/uploads\/2019\/05\/two-types-of-wine-1761613_1920.jpg\",\"width\":1024,\"height\":683},{\"@type\":\"WebPage\",\"@id\":\"https:\/\/www.hotelgimm.it\/de\/restaurant\/die-weine-des-territoriums\/#webpage\",\"url\":\"https:\/\/www.hotelgimm.it\/de\/restaurant\/die-weine-des-territoriums\/\",\"name\":\"Die Weine des Territoriums - Hotel Gimm\",\"isPartOf\":{\"@id\":\"https:\/\/www.hotelgimm.it\/#website\"},\"primaryImageOfPage\":{\"@id\":\"https:\/\/www.hotelgimm.it\/de\/restaurant\/die-weine-des-territoriums\/#primaryimage\"},\"datePublished\":\"2019-02-11T15:09:32+00:00\",\"dateModified\":\"2019-05-11T10:42:42+00:00\",\"breadcrumb\":{\"@id\":\"https:\/\/www.hotelgimm.it\/de\/restaurant\/die-weine-des-territoriums\/#breadcrumb\"},\"inLanguage\":\"de-DE\",\"potentialAction\":[{\"@type\":\"ReadAction\",\"target\":[\"https:\/\/www.hotelgimm.it\/de\/restaurant\/die-weine-des-territoriums\/\"]}]},{\"@type\":\"BreadcrumbList\",\"@id\":\"https:\/\/www.hotelgimm.it\/de\/restaurant\/die-weine-des-territoriums\/#breadcrumb\",\"itemListElement\":[{\"@type\":\"ListItem\",\"position\":1,\"item\":{\"@type\":\"WebPage\",\"@id\":\"https:\/\/www.hotelgimm.it\/de\/\",\"url\":\"https:\/\/www.hotelgimm.it\/de\/\",\"name\":\"Home\"}},{\"@type\":\"ListItem\",\"position\":2,\"item\":{\"@type\":\"WebPage\",\"@id\":\"https:\/\/www.hotelgimm.it\/de\/restaurant\/\",\"url\":\"https:\/\/www.hotelgimm.it\/de\/restaurant\/\",\"name\":\"Restaurant\"}},{\"@type\":\"ListItem\",\"position\":3,\"item\":{\"@type\":\"WebPage\",\"@id\":\"https:\/\/www.hotelgimm.it\/de\/restaurant\/die-weine-des-territoriums\/\",\"url\":\"https:\/\/www.hotelgimm.it\/de\/restaurant\/die-weine-des-territoriums\/\",\"name\":\"Die Weine des Territoriums\"}}]}]}<\/script>\n<!-- \/ Yoast SEO plugin. -->","_links":{"self":[{"href":"https:\/\/www.hotelgimm.it\/de\/wp-json\/wp\/v2\/pages\/541"}],"collection":[{"href":"https:\/\/www.hotelgimm.it\/de\/wp-json\/wp\/v2\/pages"}],"about":[{"href":"https:\/\/www.hotelgimm.it\/de\/wp-json\/wp\/v2\/types\/page"}],"author":[{"embeddable":true,"href":"https:\/\/www.hotelgimm.it\/de\/wp-json\/wp\/v2\/users\/1"}],"replies":[{"embeddable":true,"href":"https:\/\/www.hotelgimm.it\/de\/wp-json\/wp\/v2\/comments?post=541"}],"version-history":[{"count":3,"href":"https:\/\/www.hotelgimm.it\/de\/wp-json\/wp\/v2\/pages\/541\/revisions"}],"predecessor-version":[{"id":1847,"href":"https:\/\/www.hotelgimm.it\/de\/wp-json\/wp\/v2\/pages\/541\/revisions\/1847"}],"up":[{"embeddable":true,"href":"https:\/\/www.hotelgimm.it\/de\/wp-json\/wp\/v2\/pages\/535"}],"wp:featuredmedia":[{"embeddable":true,"href":"https:\/\/www.hotelgimm.it\/de\/wp-json\/wp\/v2\/media\/1089"}],"wp:attachment":[{"href":"https:\/\/www.hotelgimm.it\/de\/wp-json\/wp\/v2\/media?parent=541"}],"curies":[{"name":"wp","href":"https:\/\/api.w.org\/{rel}","templated":true}]}}