{"id":537,"date":"2019-02-11T16:07:49","date_gmt":"2019-02-11T15:07:49","guid":{"rendered":"https:\/\/www.hotelgimm.it\/?page_id=537"},"modified":"2019-05-11T12:34:01","modified_gmt":"2019-05-11T10:34:01","slug":"unsere-kueche","status":"publish","type":"page","link":"https:\/\/www.hotelgimm.it\/de\/restaurant\/unsere-kueche\/","title":{"rendered":"Unsere K\u00fcche"},"content":{"rendered":"\n<p class=\"has-drop-cap\">Unsere schmackhafte und exzellente K\u00fcche, die unser K\u00fcchenchef Salvatore mit Liebe zubereitet hat, bietet unseren G\u00e4sten jeden Tag verschiedene Gerichte, die mit K\u00f6nnen und Zutaten der ersten Wahl zubereitet werden.<br>Traditionelle italienische Gerichte und mehr, begleitet von einem reichhaltigen Buffet mit Vorspeisen, Gem\u00fcse und Salaten. Exquisite und raffinierte Desserts zum Abschluss.<\/p>\n\n\n\n<ul class=\"wp-block-gallery columns-3 is-cropped\"><li class=\"blocks-gallery-item\"><figure><img loading=\"lazy\" width=\"926\" height=\"1024\" src=\"https:\/\/www.hotelgimm.it\/wp-content\/uploads\/2019\/05\/DSC_0035-copia-2-926x1024.jpg\" alt=\"\" data-id=\"940\" data-link=\"https:\/\/www.hotelgimm.it\/ristorazione\/la-nostra-cucina\/attachment\/dsc_0035-copia-3\/\" class=\"wp-image-940\" srcset=\"https:\/\/www.hotelgimm.it\/wp-content\/uploads\/2019\/05\/DSC_0035-copia-2-926x1024.jpg 926w, https:\/\/www.hotelgimm.it\/wp-content\/uploads\/2019\/05\/DSC_0035-copia-2-271x300.jpg 271w, https:\/\/www.hotelgimm.it\/wp-content\/uploads\/2019\/05\/DSC_0035-copia-2-768x850.jpg 768w\" sizes=\"(max-width: 926px) 100vw, 926px\" \/><\/figure><\/li><li class=\"blocks-gallery-item\"><figure><img loading=\"lazy\" width=\"812\" height=\"1024\" src=\"https:\/\/www.hotelgimm.it\/wp-content\/uploads\/2019\/05\/IMG_9751-812x1024.jpg\" alt=\"\" data-id=\"1335\" data-link=\"https:\/\/www.hotelgimm.it\/ristorazione\/la-nostra-cucina\/attachment\/img_9751\/\" class=\"wp-image-1335\" srcset=\"https:\/\/www.hotelgimm.it\/wp-content\/uploads\/2019\/05\/IMG_9751-812x1024.jpg 812w, https:\/\/www.hotelgimm.it\/wp-content\/uploads\/2019\/05\/IMG_9751-238x300.jpg 238w, https:\/\/www.hotelgimm.it\/wp-content\/uploads\/2019\/05\/IMG_9751-768x968.jpg 768w, https:\/\/www.hotelgimm.it\/wp-content\/uploads\/2019\/05\/IMG_9751.jpg 825w\" sizes=\"(max-width: 812px) 100vw, 812px\" \/><\/figure><\/li><li class=\"blocks-gallery-item\"><figure><img loading=\"lazy\" width=\"1024\" height=\"457\" src=\"https:\/\/www.hotelgimm.it\/wp-content\/uploads\/2019\/05\/fff48910-ebad-4b27-87b6-44690639a6d7-1024x457.jpg\" alt=\"\" data-id=\"1344\" data-link=\"https:\/\/www.hotelgimm.it\/ristorazione\/la-nostra-cucina\/attachment\/fff48910-ebad-4b27-87b6-44690639a6d7\/\" class=\"wp-image-1344\" srcset=\"https:\/\/www.hotelgimm.it\/wp-content\/uploads\/2019\/05\/fff48910-ebad-4b27-87b6-44690639a6d7-1024x457.jpg 1024w, https:\/\/www.hotelgimm.it\/wp-content\/uploads\/2019\/05\/fff48910-ebad-4b27-87b6-44690639a6d7-300x134.jpg 300w, https:\/\/www.hotelgimm.it\/wp-content\/uploads\/2019\/05\/fff48910-ebad-4b27-87b6-44690639a6d7-768x343.jpg 768w, https:\/\/www.hotelgimm.it\/wp-content\/uploads\/2019\/05\/fff48910-ebad-4b27-87b6-44690639a6d7.jpg 1351w\" sizes=\"(max-width: 1024px) 100vw, 1024px\" \/><\/figure><\/li><li class=\"blocks-gallery-item\"><figure><img loading=\"lazy\" width=\"882\" height=\"898\" src=\"https:\/\/www.hotelgimm.it\/wp-content\/uploads\/2019\/05\/a3532723-236d-49f9-b57d-c85bdabbbdd2-3.jpg\" alt=\"\" data-id=\"1381\" data-link=\"https:\/\/www.hotelgimm.it\/ristorazione\/la-nostra-cucina\/attachment\/a3532723-236d-49f9-b57d-c85bdabbbdd2-4\/\" class=\"wp-image-1381\" srcset=\"https:\/\/www.hotelgimm.it\/wp-content\/uploads\/2019\/05\/a3532723-236d-49f9-b57d-c85bdabbbdd2-3.jpg 882w, https:\/\/www.hotelgimm.it\/wp-content\/uploads\/2019\/05\/a3532723-236d-49f9-b57d-c85bdabbbdd2-3-295x300.jpg 295w, https:\/\/www.hotelgimm.it\/wp-content\/uploads\/2019\/05\/a3532723-236d-49f9-b57d-c85bdabbbdd2-3-768x782.jpg 768w\" sizes=\"(max-width: 882px) 100vw, 882px\" \/><\/figure><\/li><li class=\"blocks-gallery-item\"><figure><img loading=\"lazy\" width=\"1024\" height=\"669\" src=\"https:\/\/www.hotelgimm.it\/wp-content\/uploads\/2019\/05\/920f81f8-8cd0-496b-b2ce-f18fb8c1f5e1-1024x669.jpg\" alt=\"\" data-id=\"1332\" data-link=\"https:\/\/www.hotelgimm.it\/ristorazione\/la-nostra-cucina\/attachment\/920f81f8-8cd0-496b-b2ce-f18fb8c1f5e1\/\" class=\"wp-image-1332\" srcset=\"https:\/\/www.hotelgimm.it\/wp-content\/uploads\/2019\/05\/920f81f8-8cd0-496b-b2ce-f18fb8c1f5e1-1024x669.jpg 1024w, https:\/\/www.hotelgimm.it\/wp-content\/uploads\/2019\/05\/920f81f8-8cd0-496b-b2ce-f18fb8c1f5e1-300x196.jpg 300w, https:\/\/www.hotelgimm.it\/wp-content\/uploads\/2019\/05\/920f81f8-8cd0-496b-b2ce-f18fb8c1f5e1-768x502.jpg 768w, https:\/\/www.hotelgimm.it\/wp-content\/uploads\/2019\/05\/920f81f8-8cd0-496b-b2ce-f18fb8c1f5e1.jpg 1274w\" sizes=\"(max-width: 1024px) 100vw, 1024px\" \/><\/figure><\/li><li class=\"blocks-gallery-item\"><figure><img loading=\"lazy\" width=\"753\" height=\"1024\" src=\"https:\/\/www.hotelgimm.it\/wp-content\/uploads\/2019\/05\/32be6889-3036-424c-80ff-019c6227bfd9-753x1024.jpg\" alt=\"\" data-id=\"1329\" data-link=\"https:\/\/www.hotelgimm.it\/ristorazione\/la-nostra-cucina\/attachment\/32be6889-3036-424c-80ff-019c6227bfd9\/\" class=\"wp-image-1329\" srcset=\"https:\/\/www.hotelgimm.it\/wp-content\/uploads\/2019\/05\/32be6889-3036-424c-80ff-019c6227bfd9-753x1024.jpg 753w, https:\/\/www.hotelgimm.it\/wp-content\/uploads\/2019\/05\/32be6889-3036-424c-80ff-019c6227bfd9-221x300.jpg 221w, https:\/\/www.hotelgimm.it\/wp-content\/uploads\/2019\/05\/32be6889-3036-424c-80ff-019c6227bfd9-768x1044.jpg 768w, https:\/\/www.hotelgimm.it\/wp-content\/uploads\/2019\/05\/32be6889-3036-424c-80ff-019c6227bfd9.jpg 869w\" sizes=\"(max-width: 753px) 100vw, 753px\" \/><\/figure><\/li><li class=\"blocks-gallery-item\"><figure><img loading=\"lazy\" width=\"755\" height=\"890\" src=\"https:\/\/www.hotelgimm.it\/wp-content\/uploads\/2019\/05\/6ba658a9-2397-47c1-a888-46439e92635c.jpg\" alt=\"\" data-id=\"1326\" data-link=\"https:\/\/www.hotelgimm.it\/ristorazione\/la-nostra-cucina\/attachment\/6ba658a9-2397-47c1-a888-46439e92635c\/\" class=\"wp-image-1326\" srcset=\"https:\/\/www.hotelgimm.it\/wp-content\/uploads\/2019\/05\/6ba658a9-2397-47c1-a888-46439e92635c.jpg 755w, https:\/\/www.hotelgimm.it\/wp-content\/uploads\/2019\/05\/6ba658a9-2397-47c1-a888-46439e92635c-254x300.jpg 254w\" sizes=\"(max-width: 755px) 100vw, 755px\" \/><\/figure><\/li><li class=\"blocks-gallery-item\"><figure><img loading=\"lazy\" width=\"1024\" height=\"1024\" src=\"https:\/\/www.hotelgimm.it\/wp-content\/uploads\/2019\/05\/20180901_132024-2-1024x1024.jpg\" alt=\"\" data-id=\"978\" data-link=\"https:\/\/www.hotelgimm.it\/ristorazione\/la-nostra-cucina\/attachment\/20180901_132024-3\/\" class=\"wp-image-978\" srcset=\"https:\/\/www.hotelgimm.it\/wp-content\/uploads\/2019\/05\/20180901_132024-2-1024x1024.jpg 1024w, https:\/\/www.hotelgimm.it\/wp-content\/uploads\/2019\/05\/20180901_132024-2-150x150.jpg 150w, https:\/\/www.hotelgimm.it\/wp-content\/uploads\/2019\/05\/20180901_132024-2-300x300.jpg 300w, https:\/\/www.hotelgimm.it\/wp-content\/uploads\/2019\/05\/20180901_132024-2-768x768.jpg 768w\" sizes=\"(max-width: 1024px) 100vw, 1024px\" \/><\/figure><\/li><li class=\"blocks-gallery-item\"><figure><img loading=\"lazy\" width=\"1024\" height=\"1024\" src=\"https:\/\/www.hotelgimm.it\/wp-content\/uploads\/2019\/05\/20180901_132002-2-1024x1024.jpg\" alt=\"\" data-id=\"981\" data-link=\"https:\/\/www.hotelgimm.it\/ristorazione\/la-nostra-cucina\/attachment\/20180901_132002-3\/\" class=\"wp-image-981\" srcset=\"https:\/\/www.hotelgimm.it\/wp-content\/uploads\/2019\/05\/20180901_132002-2-1024x1024.jpg 1024w, https:\/\/www.hotelgimm.it\/wp-content\/uploads\/2019\/05\/20180901_132002-2-150x150.jpg 150w, https:\/\/www.hotelgimm.it\/wp-content\/uploads\/2019\/05\/20180901_132002-2-300x300.jpg 300w, https:\/\/www.hotelgimm.it\/wp-content\/uploads\/2019\/05\/20180901_132002-2-768x768.jpg 768w\" sizes=\"(max-width: 1024px) 100vw, 1024px\" \/><\/figure><\/li><li class=\"blocks-gallery-item\"><figure><img loading=\"lazy\" width=\"1024\" height=\"768\" src=\"https:\/\/www.hotelgimm.it\/wp-content\/uploads\/2019\/05\/20180810_195757-2-1024x768.jpg\" alt=\"\" data-id=\"984\" data-link=\"https:\/\/www.hotelgimm.it\/ristorazione\/la-nostra-cucina\/attachment\/20180810_195757-3\/\" class=\"wp-image-984\" srcset=\"https:\/\/www.hotelgimm.it\/wp-content\/uploads\/2019\/05\/20180810_195757-2-1024x768.jpg 1024w, https:\/\/www.hotelgimm.it\/wp-content\/uploads\/2019\/05\/20180810_195757-2-300x225.jpg 300w, https:\/\/www.hotelgimm.it\/wp-content\/uploads\/2019\/05\/20180810_195757-2-768x576.jpg 768w\" sizes=\"(max-width: 1024px) 100vw, 1024px\" \/><\/figure><\/li><li class=\"blocks-gallery-item\"><figure><img loading=\"lazy\" width=\"1024\" height=\"958\" src=\"https:\/\/www.hotelgimm.it\/wp-content\/uploads\/2019\/05\/4e1c9b03-4286-482a-aa09-fa5a5616f93e-1024x958.jpg\" alt=\"\" data-id=\"1338\" data-link=\"https:\/\/www.hotelgimm.it\/ristorazione\/la-nostra-cucina\/attachment\/4e1c9b03-4286-482a-aa09-fa5a5616f93e\/\" class=\"wp-image-1338\" srcset=\"https:\/\/www.hotelgimm.it\/wp-content\/uploads\/2019\/05\/4e1c9b03-4286-482a-aa09-fa5a5616f93e-1024x958.jpg 1024w, https:\/\/www.hotelgimm.it\/wp-content\/uploads\/2019\/05\/4e1c9b03-4286-482a-aa09-fa5a5616f93e-300x281.jpg 300w, https:\/\/www.hotelgimm.it\/wp-content\/uploads\/2019\/05\/4e1c9b03-4286-482a-aa09-fa5a5616f93e-768x719.jpg 768w, https:\/\/www.hotelgimm.it\/wp-content\/uploads\/2019\/05\/4e1c9b03-4286-482a-aa09-fa5a5616f93e.jpg 1150w\" sizes=\"(max-width: 1024px) 100vw, 1024px\" \/><\/figure><\/li><li class=\"blocks-gallery-item\"><figure><img loading=\"lazy\" width=\"721\" height=\"1024\" src=\"https:\/\/www.hotelgimm.it\/wp-content\/uploads\/2019\/05\/DSC9298-721x1024.jpg\" alt=\"\" data-id=\"911\" data-link=\"https:\/\/www.hotelgimm.it\/ristorazione\/la-nostra-cucina\/attachment\/_dsc9298\/\" class=\"wp-image-911\" srcset=\"https:\/\/www.hotelgimm.it\/wp-content\/uploads\/2019\/05\/DSC9298-721x1024.jpg 721w, https:\/\/www.hotelgimm.it\/wp-content\/uploads\/2019\/05\/DSC9298-211x300.jpg 211w, https:\/\/www.hotelgimm.it\/wp-content\/uploads\/2019\/05\/DSC9298-768x1091.jpg 768w\" sizes=\"(max-width: 721px) 100vw, 721px\" \/><\/figure><\/li><li class=\"blocks-gallery-item\"><figure><img loading=\"lazy\" width=\"1024\" height=\"681\" src=\"https:\/\/www.hotelgimm.it\/wp-content\/uploads\/2019\/05\/DSC9302-1024x681.jpg\" alt=\"\" data-id=\"920\" data-link=\"https:\/\/www.hotelgimm.it\/ristorazione\/la-nostra-cucina\/attachment\/_dsc9302\/\" class=\"wp-image-920\" srcset=\"https:\/\/www.hotelgimm.it\/wp-content\/uploads\/2019\/05\/DSC9302-1024x681.jpg 1024w, https:\/\/www.hotelgimm.it\/wp-content\/uploads\/2019\/05\/DSC9302-300x200.jpg 300w, https:\/\/www.hotelgimm.it\/wp-content\/uploads\/2019\/05\/DSC9302-768x511.jpg 768w\" sizes=\"(max-width: 1024px) 100vw, 1024px\" \/><\/figure><\/li><li class=\"blocks-gallery-item\"><figure><img loading=\"lazy\" width=\"681\" height=\"1024\" src=\"https:\/\/www.hotelgimm.it\/wp-content\/uploads\/2019\/05\/DSC9309-681x1024.jpg\" alt=\"\" data-id=\"926\" data-link=\"https:\/\/www.hotelgimm.it\/ristorazione\/la-nostra-cucina\/attachment\/_dsc9309\/\" class=\"wp-image-926\" srcset=\"https:\/\/www.hotelgimm.it\/wp-content\/uploads\/2019\/05\/DSC9309-681x1024.jpg 681w, https:\/\/www.hotelgimm.it\/wp-content\/uploads\/2019\/05\/DSC9309-200x300.jpg 200w, https:\/\/www.hotelgimm.it\/wp-content\/uploads\/2019\/05\/DSC9309-768x1154.jpg 768w\" sizes=\"(max-width: 681px) 100vw, 681px\" \/><\/figure><\/li><li class=\"blocks-gallery-item\"><figure><img loading=\"lazy\" width=\"681\" height=\"1024\" src=\"https:\/\/www.hotelgimm.it\/wp-content\/uploads\/2019\/05\/DSC9312-681x1024.jpg\" alt=\"\" data-id=\"932\" data-link=\"https:\/\/www.hotelgimm.it\/ristorazione\/la-nostra-cucina\/attachment\/_dsc9312\/\" class=\"wp-image-932\" srcset=\"https:\/\/www.hotelgimm.it\/wp-content\/uploads\/2019\/05\/DSC9312-681x1024.jpg 681w, https:\/\/www.hotelgimm.it\/wp-content\/uploads\/2019\/05\/DSC9312-200x300.jpg 200w, https:\/\/www.hotelgimm.it\/wp-content\/uploads\/2019\/05\/DSC9312-768x1154.jpg 768w\" sizes=\"(max-width: 681px) 100vw, 681px\" \/><\/figure><\/li><li class=\"blocks-gallery-item\"><figure><img loading=\"lazy\" width=\"1024\" height=\"681\" src=\"https:\/\/www.hotelgimm.it\/wp-content\/uploads\/2019\/05\/DSC9295-1024x681.jpg\" alt=\"\" data-id=\"908\" data-link=\"https:\/\/www.hotelgimm.it\/ristorazione\/la-nostra-cucina\/attachment\/_dsc9295\/\" class=\"wp-image-908\" srcset=\"https:\/\/www.hotelgimm.it\/wp-content\/uploads\/2019\/05\/DSC9295-1024x681.jpg 1024w, https:\/\/www.hotelgimm.it\/wp-content\/uploads\/2019\/05\/DSC9295-300x200.jpg 300w, https:\/\/www.hotelgimm.it\/wp-content\/uploads\/2019\/05\/DSC9295-768x511.jpg 768w\" sizes=\"(max-width: 1024px) 100vw, 1024px\" \/><\/figure><\/li><\/ul>\n","protected":false},"excerpt":{"rendered":"<p>Unsere schmackhafte und exzellente K\u00fcche, die unser K\u00fcchenchef Salvatore mit Liebe zubereitet hat, bietet unseren G\u00e4sten jeden Tag verschiedene Gerichte, die mit K\u00f6nnen und Zutaten der ersten Wahl zubereitet werden.Traditionelle italienische Gerichte und mehr, begleitet von einem reichhaltigen Buffet mit Vorspeisen, Gem\u00fcse und Salaten. Exquisite und raffinierte Desserts zum Abschluss.<\/p>\n","protected":false},"author":1,"featured_media":942,"parent":535,"menu_order":0,"comment_status":"closed","ping_status":"closed","template":"","meta":[],"yoast_head":"<!-- This site is optimized with the Yoast SEO plugin v15.7 - https:\/\/yoast.com\/wordpress\/plugins\/seo\/ -->\n<title>Unsere K\u00fcche - Hotel Gimm<\/title>\n<meta name=\"robots\" content=\"index, follow, max-snippet:-1, max-image-preview:large, max-video-preview:-1\" \/>\n<link rel=\"canonical\" href=\"https:\/\/www.hotelgimm.it\/de\/restaurant\/unsere-kueche\/\" \/>\n<meta property=\"og:locale\" content=\"de_DE\" \/>\n<meta property=\"og:type\" content=\"article\" \/>\n<meta property=\"og:title\" content=\"Unsere K\u00fcche - Hotel Gimm\" \/>\n<meta property=\"og:description\" content=\"Unsere schmackhafte und exzellente K\u00fcche, die unser K\u00fcchenchef Salvatore mit Liebe zubereitet hat, bietet unseren G\u00e4sten jeden Tag verschiedene Gerichte, die mit K\u00f6nnen und Zutaten der ersten Wahl zubereitet werden.Traditionelle italienische Gerichte und mehr, begleitet von einem reichhaltigen Buffet mit Vorspeisen, Gem\u00fcse und Salaten. Exquisite und raffinierte Desserts zum Abschluss.\" \/>\n<meta property=\"og:url\" content=\"https:\/\/www.hotelgimm.it\/de\/restaurant\/unsere-kueche\/\" \/>\n<meta property=\"og:site_name\" content=\"Hotel Gimm\" \/>\n<meta property=\"article:modified_time\" content=\"2019-05-11T10:34:01+00:00\" \/>\n<meta property=\"og:image\" content=\"https:\/\/www.hotelgimm.it\/wp-content\/uploads\/2019\/05\/DSC_0035-copia-2.jpg\" \/>\n\t<meta property=\"og:image:width\" content=\"2077\" \/>\n\t<meta property=\"og:image:height\" content=\"2298\" \/>\n<meta name=\"twitter:card\" content=\"summary_large_image\" \/>\n<script type=\"application\/ld+json\" class=\"yoast-schema-graph\">{\"@context\":\"https:\/\/schema.org\",\"@graph\":[{\"@type\":\"WebSite\",\"@id\":\"https:\/\/www.hotelgimm.it\/#website\",\"url\":\"https:\/\/www.hotelgimm.it\/\",\"name\":\"Hotel Gimm\",\"description\":\"\",\"potentialAction\":[{\"@type\":\"SearchAction\",\"target\":\"https:\/\/www.hotelgimm.it\/?s={search_term_string}\",\"query-input\":\"required name=search_term_string\"}],\"inLanguage\":\"de-DE\"},{\"@type\":\"ImageObject\",\"@id\":\"https:\/\/www.hotelgimm.it\/de\/restaurant\/unsere-kueche\/#primaryimage\",\"inLanguage\":\"de-DE\",\"url\":\"https:\/\/www.hotelgimm.it\/wp-content\/uploads\/2019\/05\/DSC_0035-copia-2.jpg\",\"width\":2077,\"height\":2298},{\"@type\":\"WebPage\",\"@id\":\"https:\/\/www.hotelgimm.it\/de\/restaurant\/unsere-kueche\/#webpage\",\"url\":\"https:\/\/www.hotelgimm.it\/de\/restaurant\/unsere-kueche\/\",\"name\":\"Unsere K\\u00fcche - Hotel Gimm\",\"isPartOf\":{\"@id\":\"https:\/\/www.hotelgimm.it\/#website\"},\"primaryImageOfPage\":{\"@id\":\"https:\/\/www.hotelgimm.it\/de\/restaurant\/unsere-kueche\/#primaryimage\"},\"datePublished\":\"2019-02-11T15:07:49+00:00\",\"dateModified\":\"2019-05-11T10:34:01+00:00\",\"breadcrumb\":{\"@id\":\"https:\/\/www.hotelgimm.it\/de\/restaurant\/unsere-kueche\/#breadcrumb\"},\"inLanguage\":\"de-DE\",\"potentialAction\":[{\"@type\":\"ReadAction\",\"target\":[\"https:\/\/www.hotelgimm.it\/de\/restaurant\/unsere-kueche\/\"]}]},{\"@type\":\"BreadcrumbList\",\"@id\":\"https:\/\/www.hotelgimm.it\/de\/restaurant\/unsere-kueche\/#breadcrumb\",\"itemListElement\":[{\"@type\":\"ListItem\",\"position\":1,\"item\":{\"@type\":\"WebPage\",\"@id\":\"https:\/\/www.hotelgimm.it\/de\/\",\"url\":\"https:\/\/www.hotelgimm.it\/de\/\",\"name\":\"Home\"}},{\"@type\":\"ListItem\",\"position\":2,\"item\":{\"@type\":\"WebPage\",\"@id\":\"https:\/\/www.hotelgimm.it\/de\/restaurant\/\",\"url\":\"https:\/\/www.hotelgimm.it\/de\/restaurant\/\",\"name\":\"Restaurant\"}},{\"@type\":\"ListItem\",\"position\":3,\"item\":{\"@type\":\"WebPage\",\"@id\":\"https:\/\/www.hotelgimm.it\/de\/restaurant\/unsere-kueche\/\",\"url\":\"https:\/\/www.hotelgimm.it\/de\/restaurant\/unsere-kueche\/\",\"name\":\"Unsere K\\u00fcche\"}}]}]}<\/script>\n<!-- \/ Yoast SEO plugin. -->","_links":{"self":[{"href":"https:\/\/www.hotelgimm.it\/de\/wp-json\/wp\/v2\/pages\/537"}],"collection":[{"href":"https:\/\/www.hotelgimm.it\/de\/wp-json\/wp\/v2\/pages"}],"about":[{"href":"https:\/\/www.hotelgimm.it\/de\/wp-json\/wp\/v2\/types\/page"}],"author":[{"embeddable":true,"href":"https:\/\/www.hotelgimm.it\/de\/wp-json\/wp\/v2\/users\/1"}],"replies":[{"embeddable":true,"href":"https:\/\/www.hotelgimm.it\/de\/wp-json\/wp\/v2\/comments?post=537"}],"version-history":[{"count":4,"href":"https:\/\/www.hotelgimm.it\/de\/wp-json\/wp\/v2\/pages\/537\/revisions"}],"predecessor-version":[{"id":1837,"href":"https:\/\/www.hotelgimm.it\/de\/wp-json\/wp\/v2\/pages\/537\/revisions\/1837"}],"up":[{"embeddable":true,"href":"https:\/\/www.hotelgimm.it\/de\/wp-json\/wp\/v2\/pages\/535"}],"wp:featuredmedia":[{"embeddable":true,"href":"https:\/\/www.hotelgimm.it\/de\/wp-json\/wp\/v2\/media\/942"}],"wp:attachment":[{"href":"https:\/\/www.hotelgimm.it\/de\/wp-json\/wp\/v2\/media?parent=537"}],"curies":[{"name":"wp","href":"https:\/\/api.w.org\/{rel}","templated":true}]}}