{"id":535,"date":"2019-02-11T16:06:59","date_gmt":"2019-02-11T15:06:59","guid":{"rendered":"https:\/\/www.hotelgimm.it\/?page_id=535"},"modified":"2019-02-11T16:07:02","modified_gmt":"2019-02-11T15:07:02","slug":"restaurant","status":"publish","type":"page","link":"https:\/\/www.hotelgimm.it\/de\/restaurant\/","title":{"rendered":"Restaurant"},"content":{"rendered":"\n<p>In unserem ger\u00e4umigen und eleganten Speisesaal mit Blick auf den Pool werden ein reichhaltiges Fr\u00fchst\u00fccksbuffet, Mittag- und Abendessen detailliert behandelt.<\/p>\n","protected":false},"excerpt":{"rendered":"<p>In unserem ger\u00e4umigen und eleganten Speisesaal mit Blick auf den Pool werden ein reichhaltiges Fr\u00fchst\u00fccksbuffet, Mittag- und Abendessen detailliert behandelt.<\/p>\n","protected":false},"author":1,"featured_media":946,"parent":0,"menu_order":7,"comment_status":"closed","ping_status":"closed","template":"","meta":[],"yoast_head":"<!-- This site is optimized with the Yoast SEO plugin v15.7 - https:\/\/yoast.com\/wordpress\/plugins\/seo\/ -->\n<title>Restaurant - Hotel Gimm<\/title>\n<meta name=\"robots\" content=\"index, follow, max-snippet:-1, max-image-preview:large, max-video-preview:-1\" \/>\n<link rel=\"canonical\" href=\"https:\/\/www.hotelgimm.it\/de\/restaurant\/\" \/>\n<meta property=\"og:locale\" content=\"de_DE\" \/>\n<meta property=\"og:type\" content=\"article\" \/>\n<meta property=\"og:title\" content=\"Restaurant - Hotel Gimm\" \/>\n<meta property=\"og:description\" content=\"In unserem ger\u00e4umigen und eleganten Speisesaal mit Blick auf den Pool werden ein reichhaltiges Fr\u00fchst\u00fccksbuffet, Mittag- und Abendessen detailliert behandelt.\" \/>\n<meta property=\"og:url\" content=\"https:\/\/www.hotelgimm.it\/de\/restaurant\/\" \/>\n<meta property=\"og:site_name\" content=\"Hotel Gimm\" \/>\n<meta property=\"article:modified_time\" content=\"2019-02-11T15:07:02+00:00\" \/>\n<meta property=\"og:image\" content=\"https:\/\/www.hotelgimm.it\/wp-content\/uploads\/2019\/05\/DSCF0010-copia-1.jpg\" \/>\n\t<meta property=\"og:image:width\" content=\"2916\" \/>\n\t<meta property=\"og:image:height\" content=\"2024\" \/>\n<meta name=\"twitter:card\" content=\"summary_large_image\" \/>\n<script type=\"application\/ld+json\" class=\"yoast-schema-graph\">{\"@context\":\"https:\/\/schema.org\",\"@graph\":[{\"@type\":\"WebSite\",\"@id\":\"https:\/\/www.hotelgimm.it\/#website\",\"url\":\"https:\/\/www.hotelgimm.it\/\",\"name\":\"Hotel Gimm\",\"description\":\"\",\"potentialAction\":[{\"@type\":\"SearchAction\",\"target\":\"https:\/\/www.hotelgimm.it\/?s={search_term_string}\",\"query-input\":\"required name=search_term_string\"}],\"inLanguage\":\"de-DE\"},{\"@type\":\"ImageObject\",\"@id\":\"https:\/\/www.hotelgimm.it\/de\/restaurant\/#primaryimage\",\"inLanguage\":\"de-DE\",\"url\":\"https:\/\/www.hotelgimm.it\/wp-content\/uploads\/2019\/05\/DSCF0010-copia-1.jpg\",\"width\":2916,\"height\":2024},{\"@type\":\"WebPage\",\"@id\":\"https:\/\/www.hotelgimm.it\/de\/restaurant\/#webpage\",\"url\":\"https:\/\/www.hotelgimm.it\/de\/restaurant\/\",\"name\":\"Restaurant - Hotel Gimm\",\"isPartOf\":{\"@id\":\"https:\/\/www.hotelgimm.it\/#website\"},\"primaryImageOfPage\":{\"@id\":\"https:\/\/www.hotelgimm.it\/de\/restaurant\/#primaryimage\"},\"datePublished\":\"2019-02-11T15:06:59+00:00\",\"dateModified\":\"2019-02-11T15:07:02+00:00\",\"breadcrumb\":{\"@id\":\"https:\/\/www.hotelgimm.it\/de\/restaurant\/#breadcrumb\"},\"inLanguage\":\"de-DE\",\"potentialAction\":[{\"@type\":\"ReadAction\",\"target\":[\"https:\/\/www.hotelgimm.it\/de\/restaurant\/\"]}]},{\"@type\":\"BreadcrumbList\",\"@id\":\"https:\/\/www.hotelgimm.it\/de\/restaurant\/#breadcrumb\",\"itemListElement\":[{\"@type\":\"ListItem\",\"position\":1,\"item\":{\"@type\":\"WebPage\",\"@id\":\"https:\/\/www.hotelgimm.it\/de\/\",\"url\":\"https:\/\/www.hotelgimm.it\/de\/\",\"name\":\"Home\"}},{\"@type\":\"ListItem\",\"position\":2,\"item\":{\"@type\":\"WebPage\",\"@id\":\"https:\/\/www.hotelgimm.it\/de\/restaurant\/\",\"url\":\"https:\/\/www.hotelgimm.it\/de\/restaurant\/\",\"name\":\"Restaurant\"}}]}]}<\/script>\n<!-- \/ Yoast SEO plugin. -->","_links":{"self":[{"href":"https:\/\/www.hotelgimm.it\/de\/wp-json\/wp\/v2\/pages\/535"}],"collection":[{"href":"https:\/\/www.hotelgimm.it\/de\/wp-json\/wp\/v2\/pages"}],"about":[{"href":"https:\/\/www.hotelgimm.it\/de\/wp-json\/wp\/v2\/types\/page"}],"author":[{"embeddable":true,"href":"https:\/\/www.hotelgimm.it\/de\/wp-json\/wp\/v2\/users\/1"}],"replies":[{"embeddable":true,"href":"https:\/\/www.hotelgimm.it\/de\/wp-json\/wp\/v2\/comments?post=535"}],"version-history":[{"count":1,"href":"https:\/\/www.hotelgimm.it\/de\/wp-json\/wp\/v2\/pages\/535\/revisions"}],"predecessor-version":[{"id":536,"href":"https:\/\/www.hotelgimm.it\/de\/wp-json\/wp\/v2\/pages\/535\/revisions\/536"}],"wp:featuredmedia":[{"embeddable":true,"href":"https:\/\/www.hotelgimm.it\/de\/wp-json\/wp\/v2\/media\/946"}],"wp:attachment":[{"href":"https:\/\/www.hotelgimm.it\/de\/wp-json\/wp\/v2\/media?parent=535"}],"curies":[{"name":"wp","href":"https:\/\/api.w.org\/{rel}","templated":true}]}}