{"id":521,"date":"2019-02-11T15:47:03","date_gmt":"2019-02-11T14:47:03","guid":{"rendered":"https:\/\/www.hotelgimm.it\/?page_id=521"},"modified":"2019-05-18T11:19:15","modified_gmt":"2019-05-18T09:19:15","slug":"classic-zimmer","status":"publish","type":"page","link":"https:\/\/www.hotelgimm.it\/de\/zimmer\/classic-zimmer\/","title":{"rendered":"Classic Zimmer"},"content":{"rendered":"\n<p>Komfortable <strong>Doppelzimmer<\/strong>, mit gro\u00dfem Balkon mit S\u00fcd-S\u00fcdwest-Ansicht, Sat-TV, Radio, Telefon, K\u00fchlschrank, Safe, Klimaanlage, WLAN-Internetzugang, Badezimmer mit Dusche, Bidet und Haartrockner.<\/p>\n\n\n\n<p>Auf Anfrage kann ein Kinderbett hinzugef\u00fcgt werden.<\/p>\n","protected":false},"excerpt":{"rendered":"<p>Komfortable Doppelzimmer, mit gro\u00dfem Balkon mit S\u00fcd-S\u00fcdwest-Ansicht, Sat-TV, Radio, Telefon, K\u00fchlschrank, Safe, Klimaanlage, WLAN-Internetzugang, Badezimmer mit Dusche, Bidet und Haartrockner. Auf Anfrage kann ein Kinderbett hinzugef\u00fcgt werden.<\/p>\n","protected":false},"author":1,"featured_media":765,"parent":517,"menu_order":1,"comment_status":"closed","ping_status":"closed","template":"page-ROOM_DETAIL.php","meta":[],"yoast_head":"<!-- This site is optimized with the Yoast SEO plugin v15.7 - https:\/\/yoast.com\/wordpress\/plugins\/seo\/ -->\n<title>Classic Zimmer - Hotel Gimm<\/title>\n<meta name=\"robots\" content=\"index, follow, max-snippet:-1, max-image-preview:large, max-video-preview:-1\" \/>\n<link rel=\"canonical\" href=\"https:\/\/www.hotelgimm.it\/de\/zimmer\/classic-zimmer\/\" \/>\n<meta property=\"og:locale\" content=\"de_DE\" \/>\n<meta property=\"og:type\" content=\"article\" \/>\n<meta property=\"og:title\" content=\"Classic Zimmer - Hotel Gimm\" \/>\n<meta property=\"og:description\" content=\"Komfortable Doppelzimmer, mit gro\u00dfem Balkon mit S\u00fcd-S\u00fcdwest-Ansicht, Sat-TV, Radio, Telefon, K\u00fchlschrank, Safe, Klimaanlage, WLAN-Internetzugang, Badezimmer mit Dusche, Bidet und Haartrockner. Auf Anfrage kann ein Kinderbett hinzugef\u00fcgt werden.\" \/>\n<meta property=\"og:url\" content=\"https:\/\/www.hotelgimm.it\/de\/zimmer\/classic-zimmer\/\" \/>\n<meta property=\"og:site_name\" content=\"Hotel Gimm\" \/>\n<meta property=\"article:modified_time\" content=\"2019-05-18T09:19:15+00:00\" \/>\n<meta property=\"og:image\" content=\"https:\/\/www.hotelgimm.it\/wp-content\/uploads\/2019\/05\/classic-1024x685.gif\" \/>\n\t<meta property=\"og:image:width\" content=\"1024\" \/>\n\t<meta property=\"og:image:height\" content=\"685\" \/>\n<meta name=\"twitter:card\" content=\"summary_large_image\" \/>\n<script type=\"application\/ld+json\" class=\"yoast-schema-graph\">{\"@context\":\"https:\/\/schema.org\",\"@graph\":[{\"@type\":\"WebSite\",\"@id\":\"https:\/\/www.hotelgimm.it\/#website\",\"url\":\"https:\/\/www.hotelgimm.it\/\",\"name\":\"Hotel Gimm\",\"description\":\"\",\"potentialAction\":[{\"@type\":\"SearchAction\",\"target\":\"https:\/\/www.hotelgimm.it\/?s={search_term_string}\",\"query-input\":\"required name=search_term_string\"}],\"inLanguage\":\"de-DE\"},{\"@type\":\"ImageObject\",\"@id\":\"https:\/\/www.hotelgimm.it\/de\/zimmer\/classic-zimmer\/#primaryimage\",\"inLanguage\":\"de-DE\",\"url\":\"https:\/\/www.hotelgimm.it\/wp-content\/uploads\/2019\/05\/classic.gif\",\"width\":3872,\"height\":2592},{\"@type\":\"WebPage\",\"@id\":\"https:\/\/www.hotelgimm.it\/de\/zimmer\/classic-zimmer\/#webpage\",\"url\":\"https:\/\/www.hotelgimm.it\/de\/zimmer\/classic-zimmer\/\",\"name\":\"Classic Zimmer - Hotel Gimm\",\"isPartOf\":{\"@id\":\"https:\/\/www.hotelgimm.it\/#website\"},\"primaryImageOfPage\":{\"@id\":\"https:\/\/www.hotelgimm.it\/de\/zimmer\/classic-zimmer\/#primaryimage\"},\"datePublished\":\"2019-02-11T14:47:03+00:00\",\"dateModified\":\"2019-05-18T09:19:15+00:00\",\"breadcrumb\":{\"@id\":\"https:\/\/www.hotelgimm.it\/de\/zimmer\/classic-zimmer\/#breadcrumb\"},\"inLanguage\":\"de-DE\",\"potentialAction\":[{\"@type\":\"ReadAction\",\"target\":[\"https:\/\/www.hotelgimm.it\/de\/zimmer\/classic-zimmer\/\"]}]},{\"@type\":\"BreadcrumbList\",\"@id\":\"https:\/\/www.hotelgimm.it\/de\/zimmer\/classic-zimmer\/#breadcrumb\",\"itemListElement\":[{\"@type\":\"ListItem\",\"position\":1,\"item\":{\"@type\":\"WebPage\",\"@id\":\"https:\/\/www.hotelgimm.it\/de\/\",\"url\":\"https:\/\/www.hotelgimm.it\/de\/\",\"name\":\"Home\"}},{\"@type\":\"ListItem\",\"position\":2,\"item\":{\"@type\":\"WebPage\",\"@id\":\"https:\/\/www.hotelgimm.it\/de\/zimmer\/\",\"url\":\"https:\/\/www.hotelgimm.it\/de\/zimmer\/\",\"name\":\"Zimmer\"}},{\"@type\":\"ListItem\",\"position\":3,\"item\":{\"@type\":\"WebPage\",\"@id\":\"https:\/\/www.hotelgimm.it\/de\/zimmer\/classic-zimmer\/\",\"url\":\"https:\/\/www.hotelgimm.it\/de\/zimmer\/classic-zimmer\/\",\"name\":\"Classic Zimmer\"}}]}]}<\/script>\n<!-- \/ Yoast SEO plugin. -->","_links":{"self":[{"href":"https:\/\/www.hotelgimm.it\/de\/wp-json\/wp\/v2\/pages\/521"}],"collection":[{"href":"https:\/\/www.hotelgimm.it\/de\/wp-json\/wp\/v2\/pages"}],"about":[{"href":"https:\/\/www.hotelgimm.it\/de\/wp-json\/wp\/v2\/types\/page"}],"author":[{"embeddable":true,"href":"https:\/\/www.hotelgimm.it\/de\/wp-json\/wp\/v2\/users\/1"}],"replies":[{"embeddable":true,"href":"https:\/\/www.hotelgimm.it\/de\/wp-json\/wp\/v2\/comments?post=521"}],"version-history":[{"count":5,"href":"https:\/\/www.hotelgimm.it\/de\/wp-json\/wp\/v2\/pages\/521\/revisions"}],"predecessor-version":[{"id":2701,"href":"https:\/\/www.hotelgimm.it\/de\/wp-json\/wp\/v2\/pages\/521\/revisions\/2701"}],"up":[{"embeddable":true,"href":"https:\/\/www.hotelgimm.it\/de\/wp-json\/wp\/v2\/pages\/517"}],"wp:featuredmedia":[{"embeddable":true,"href":"https:\/\/www.hotelgimm.it\/de\/wp-json\/wp\/v2\/media\/765"}],"wp:attachment":[{"href":"https:\/\/www.hotelgimm.it\/de\/wp-json\/wp\/v2\/media?parent=521"}],"curies":[{"name":"wp","href":"https:\/\/api.w.org\/{rel}","templated":true}]}}