{"id":507,"date":"2019-02-11T15:40:44","date_gmt":"2019-02-11T14:40:44","guid":{"rendered":"https:\/\/www.hotelgimm.it\/?page_id=507"},"modified":"2019-02-15T14:57:08","modified_gmt":"2019-02-15T13:57:08","slug":"hotel","status":"publish","type":"page","link":"https:\/\/www.hotelgimm.it\/de\/hotel\/","title":{"rendered":"Hotel"},"content":{"rendered":"\n<p>Willkommen im Hotel Gimm! Das Hotel ist ein Familienbetrieb und ist ideal f\u00fcr einen angenehmen und erholsamen Urlaub in Bibione. Das Hotel liegt in ruhiger und zentraler Lage, nur wenige Meter vom Strand und dem Stadtzentrum und nur 300 Meter von der Terme di Bibione. Das Hotel verf\u00fcgt \u00fcber einen gro\u00dfen Privatstrand mit Sonnenschirmen und Sonnenliegen.Die Zimmer sind alle mit Balkon, Dusche, WC, Haartrockner, Telefon, Minibar, Safe, Sat-TV und WLAN ausgestattet. Die Wi-Fi-Verbindung ist im gesamten Hotel zur Verf\u00fcgung.<\/p>\n\n\n\n<p>Unser Restaurant bietet nationale und internationale K\u00fcche, Men\u00fcwahl, Salat- und Vorspeisenbuffet, reichhaltigen Fr\u00fchst\u00fccksbuffet und Gala-Abenden.<\/p>\n\n\n\n<p>Unsere G\u00e4ste k\u00f6nnen auf unserer gro\u00dfen Terrasse sitzen und ein erfrischendes Getr\u00e4nk an unserer Bar genie\u00dfen.<br>\nDer Pool, die Fahrr\u00e4der und der Spielbereich runden das Angebot ab.<br>\nVerf\u00fcgbarkeit von Parkplatz und Garage.<\/p>\n","protected":false},"excerpt":{"rendered":"<p>Willkommen im Hotel Gimm! Das Hotel ist ein Familienbetrieb und ist ideal f\u00fcr einen angenehmen und erholsamen Urlaub in Bibione. Das Hotel liegt in ruhiger und zentraler Lage, nur wenige Meter vom Strand und dem Stadtzentrum und nur 300 Meter von der Terme di Bibione. Das Hotel verf\u00fcgt \u00fcber einen gro\u00dfen Privatstrand mit Sonnenschirmen und Sonnenliegen.Die Zimmer sind alle mit Balkon, Dusche, WC, Haartrockner, Telefon, Minibar, Safe, Sat-TV und WLAN ausgestattet. Die Wi-Fi-Verbindung ist im gesamten Hotel zur Verf\u00fcgung. Unser Restaurant bietet nationale und internationale K\u00fcche, Men\u00fcwahl, Salat- und Vorspeisenbuffet, reichhaltigen Fr\u00fchst\u00fccksbuffet und Gala-Abenden. Unsere G\u00e4ste k\u00f6nnen auf unserer gro\u00dfen Terrasse sitzen und ein erfrischendes Getr\u00e4nk an unserer Bar genie\u00dfen. Der Pool, die Fahrr\u00e4der und der Spielbereich runden das Angebot ab. Verf\u00fcgbarkeit von Parkplatz und Garage.<\/p>\n","protected":false},"author":1,"featured_media":71,"parent":0,"menu_order":5,"comment_status":"closed","ping_status":"closed","template":"","meta":[],"yoast_head":"<!-- This site is optimized with the Yoast SEO plugin v15.7 - https:\/\/yoast.com\/wordpress\/plugins\/seo\/ -->\n<title>Hotel - Hotel Gimm<\/title>\n<meta name=\"robots\" content=\"index, follow, max-snippet:-1, max-image-preview:large, max-video-preview:-1\" \/>\n<link rel=\"canonical\" href=\"https:\/\/www.hotelgimm.it\/de\/hotel\/\" \/>\n<meta property=\"og:locale\" content=\"de_DE\" \/>\n<meta property=\"og:type\" content=\"article\" \/>\n<meta property=\"og:title\" content=\"Hotel - Hotel Gimm\" \/>\n<meta property=\"og:description\" content=\"Willkommen im Hotel Gimm! Das Hotel ist ein Familienbetrieb und ist ideal f\u00fcr einen angenehmen und erholsamen Urlaub in Bibione. Das Hotel liegt in ruhiger und zentraler Lage, nur wenige Meter vom Strand und dem Stadtzentrum und nur 300 Meter von der Terme di Bibione. Das Hotel verf\u00fcgt \u00fcber einen gro\u00dfen Privatstrand mit Sonnenschirmen und Sonnenliegen.Die Zimmer sind alle mit Balkon, Dusche, WC, Haartrockner, Telefon, Minibar, Safe, Sat-TV und WLAN ausgestattet. Die Wi-Fi-Verbindung ist im gesamten Hotel zur Verf\u00fcgung. Unser Restaurant bietet nationale und internationale K\u00fcche, Men\u00fcwahl, Salat- und Vorspeisenbuffet, reichhaltigen Fr\u00fchst\u00fccksbuffet und Gala-Abenden. Unsere G\u00e4ste k\u00f6nnen auf unserer gro\u00dfen Terrasse sitzen und ein erfrischendes Getr\u00e4nk an unserer Bar genie\u00dfen. Der Pool, die Fahrr\u00e4der und der Spielbereich runden das Angebot ab. Verf\u00fcgbarkeit von Parkplatz und Garage.\" \/>\n<meta property=\"og:url\" content=\"https:\/\/www.hotelgimm.it\/de\/hotel\/\" \/>\n<meta property=\"og:site_name\" content=\"Hotel Gimm\" \/>\n<meta property=\"article:modified_time\" content=\"2019-02-15T13:57:08+00:00\" \/>\n<meta property=\"og:image\" content=\"https:\/\/www.hotelgimm.it\/wp-content\/uploads\/2018\/10\/DSC9271.jpg\" \/>\n\t<meta property=\"og:image:width\" content=\"1000\" \/>\n\t<meta property=\"og:image:height\" content=\"667\" \/>\n<meta name=\"twitter:card\" content=\"summary_large_image\" \/>\n<meta name=\"twitter:label1\" content=\"Gesch\u00e4tzte Lesezeit\">\n\t<meta name=\"twitter:data1\" content=\"1 Minute\">\n<script type=\"application\/ld+json\" class=\"yoast-schema-graph\">{\"@context\":\"https:\/\/schema.org\",\"@graph\":[{\"@type\":\"WebSite\",\"@id\":\"https:\/\/www.hotelgimm.it\/#website\",\"url\":\"https:\/\/www.hotelgimm.it\/\",\"name\":\"Hotel Gimm\",\"description\":\"\",\"potentialAction\":[{\"@type\":\"SearchAction\",\"target\":\"https:\/\/www.hotelgimm.it\/?s={search_term_string}\",\"query-input\":\"required name=search_term_string\"}],\"inLanguage\":\"de-DE\"},{\"@type\":\"ImageObject\",\"@id\":\"https:\/\/www.hotelgimm.it\/de\/hotel\/#primaryimage\",\"inLanguage\":\"de-DE\",\"url\":\"https:\/\/www.hotelgimm.it\/wp-content\/uploads\/2018\/10\/DSC9271.jpg\",\"width\":1000,\"height\":667},{\"@type\":\"WebPage\",\"@id\":\"https:\/\/www.hotelgimm.it\/de\/hotel\/#webpage\",\"url\":\"https:\/\/www.hotelgimm.it\/de\/hotel\/\",\"name\":\"Hotel - Hotel Gimm\",\"isPartOf\":{\"@id\":\"https:\/\/www.hotelgimm.it\/#website\"},\"primaryImageOfPage\":{\"@id\":\"https:\/\/www.hotelgimm.it\/de\/hotel\/#primaryimage\"},\"datePublished\":\"2019-02-11T14:40:44+00:00\",\"dateModified\":\"2019-02-15T13:57:08+00:00\",\"breadcrumb\":{\"@id\":\"https:\/\/www.hotelgimm.it\/de\/hotel\/#breadcrumb\"},\"inLanguage\":\"de-DE\",\"potentialAction\":[{\"@type\":\"ReadAction\",\"target\":[\"https:\/\/www.hotelgimm.it\/de\/hotel\/\"]}]},{\"@type\":\"BreadcrumbList\",\"@id\":\"https:\/\/www.hotelgimm.it\/de\/hotel\/#breadcrumb\",\"itemListElement\":[{\"@type\":\"ListItem\",\"position\":1,\"item\":{\"@type\":\"WebPage\",\"@id\":\"https:\/\/www.hotelgimm.it\/de\/\",\"url\":\"https:\/\/www.hotelgimm.it\/de\/\",\"name\":\"Home\"}},{\"@type\":\"ListItem\",\"position\":2,\"item\":{\"@type\":\"WebPage\",\"@id\":\"https:\/\/www.hotelgimm.it\/de\/hotel\/\",\"url\":\"https:\/\/www.hotelgimm.it\/de\/hotel\/\",\"name\":\"Hotel\"}}]}]}<\/script>\n<!-- \/ Yoast SEO plugin. -->","_links":{"self":[{"href":"https:\/\/www.hotelgimm.it\/de\/wp-json\/wp\/v2\/pages\/507"}],"collection":[{"href":"https:\/\/www.hotelgimm.it\/de\/wp-json\/wp\/v2\/pages"}],"about":[{"href":"https:\/\/www.hotelgimm.it\/de\/wp-json\/wp\/v2\/types\/page"}],"author":[{"embeddable":true,"href":"https:\/\/www.hotelgimm.it\/de\/wp-json\/wp\/v2\/users\/1"}],"replies":[{"embeddable":true,"href":"https:\/\/www.hotelgimm.it\/de\/wp-json\/wp\/v2\/comments?post=507"}],"version-history":[{"count":5,"href":"https:\/\/www.hotelgimm.it\/de\/wp-json\/wp\/v2\/pages\/507\/revisions"}],"predecessor-version":[{"id":717,"href":"https:\/\/www.hotelgimm.it\/de\/wp-json\/wp\/v2\/pages\/507\/revisions\/717"}],"wp:featuredmedia":[{"embeddable":true,"href":"https:\/\/www.hotelgimm.it\/de\/wp-json\/wp\/v2\/media\/71"}],"wp:attachment":[{"href":"https:\/\/www.hotelgimm.it\/de\/wp-json\/wp\/v2\/media?parent=507"}],"curies":[{"name":"wp","href":"https:\/\/api.w.org\/{rel}","templated":true}]}}