{"id":503,"date":"2019-02-11T15:38:30","date_gmt":"2019-02-11T14:38:30","guid":{"rendered":"https:\/\/www.hotelgimm.it\/?page_id=503"},"modified":"2019-05-17T14:19:38","modified_gmt":"2019-05-17T12:19:38","slug":"cookie-privacy","status":"publish","type":"page","link":"https:\/\/www.hotelgimm.it\/de\/cookie-privacy\/","title":{"rendered":"Cookie privacy"},"content":{"rendered":"\n<p><strong>BESTIMMUNGEN ZUM DATENSCHUTZ UND ZUR BENUTZUNG VON COOKIES<\/strong><\/p>\n\n\n\n<p>Die&nbsp;<strong>Aufsichtsbeh\u00f6rde f\u00fcr Datenschutz<\/strong>&nbsp;hat mit Verf\u00fcgung Nr. 229 vom 08.05.2014, die von der&nbsp;<strong>Europ\u00e4ischen Grundverordnung&nbsp;<\/strong>im Amtsblatt Nr. 126 vom 03.06.2014 ver\u00f6ffentlichten Richtlinien zur&nbsp;<strong>Verwendung von Cookies<\/strong>\u00fcbernommen.<\/p>\n\n\n\n<p>Nachfolgende Informationen verpflichten daher zum Datenschutz der Benutzer ohne dabei die Nagivation in der von Ihnen benutzten Webseite zu beintr\u00e4chtigen.<\/p>\n\n\n\n<p>Nachfolgende Informationen unterliegen eventuellen Aktaulierungen und daher bitten wir Sie, diese Seite regelm\u00e4ssig zu besuchen.<\/p>\n\n\n\n<p>Sollten Sie mit diesen vorliegenden Bestimmungen nicht einverstanden sein, ist von einer Benutzung unserer Dienstleistungen abzusehen.<\/p>\n\n\n\n<p><strong>DATENSCHUTZBESTIMMUNGEN<\/strong><\/p>\n\n\n\n<p>Beim Besuch unserer Webseite k\u00f6nnten wir einige Informationen sammeln wie IP-Adresse, benutzter Browser.<\/p>\n\n\n\n<p>Falls Sie mobile Endger\u00e4te benutzen, k\u00f6nnten wir auch diesbez\u00fcgliche Einstellungsdaten sammeln.<\/p>\n\n\n\n<p>Des weiteren auch Informationen \u00fcber Sie und \u00fcber Ihre Vorz\u00fcge.<\/p>\n\n\n\n<p>Die gesammelten Daten werden durch uns benutzt und f\u00fcr folgende Zwecke geteilt:<\/p>\n\n\n\n<p>Reservierungen: Ihre pers\u00f6nlichen Daten werden benutzt, um Ihre online Reservierung zu vervollst\u00e4ndigen und zu verwalten, sowie, Dritten vorgelegt, die direkt mit Ihrem Kauf verbunden sind.<\/p>\n\n\n\n<p>Kundendienst: Wir teilen Ihre Daten mit unserem zust\u00e4ndigen Kundendienst-Personal, welches Ihnen in jedem Moment beim Kauf zur Seite steht.<\/p>\n\n\n\n<p>Verwaltung des Kontos: Wenn Sie ein Benutzer-Konto \u00f6ffnen, sammeln wir die Informationen, um dieses auf korrekte Art und Weise zu verwalten und zugleich, um Ihnen den Zugang zu vereinfachen.<\/p>\n\n\n\n<p>Marketingaktivit\u00e4ten: Soweit gesetzlich zugelassen, verwenden wir Ihre Informationen, um Ihnen News \u00fcber Produkte oder Dienstleistungen zukommen zu lassen, die Sie interessieren k\u00f6nnten. Sie k\u00f6nnen aber in jedem Moment den Erhalt von Werbematerial unterdr\u00fccken indem Sie den speziellen Link verwenden.<\/p>\n\n\n\n<p>Andere Kommunikationsarten: Je nach Art Ihres Kontaktes mit uns, k\u00f6nnen wir Sie per Email, Post, Telefon oder SMS f\u00fcr folgende Angelegenheiten erreiche:<\/p>\n\n\n\n<p>&#8211; Verwaltung Ihrer Anfrage<\/p>\n\n\n\n<p>&#8211; Zusendung einer Notiz f\u00fcr die Vervollst\u00e4ndigung einer Reservierung\/Kauf<\/p>\n\n\n\n<p>&#8211; Zusendung einer Anfrage f\u00fcr Ihre Rezension \u00fcber eine get\u00e4tigte Dienstleitung\/Kauf<\/p>\n\n\n\n<p>&#8211; Zusendung von Material, das Ihnen bei der Benutzung der Dienstleistung\/Kauf hilfreich sein k\u00f6nnte<\/p>\n\n\n\n<p>Marktforschung: Die uns zugesandten, zus\u00e4tzlichen, pers\u00f6nlichen Daten f\u00fcr Marktforschungsarbeiten werden&nbsp;ausschlie\u00dflich&nbsp;mit Ihrer Genehmigung benutzt<\/p>\n\n\n\n<p>Aufdeckung und Pr\u00e4vention von Betr\u00fcgen: Ihre Daten k\u00f6nnten durch uns benutzt werden, um Betr\u00fcge oder andere illegale und unerw\u00fcnschte Aktivit\u00e4ten aufzudecken oder vorzubeugen.<\/p>\n\n\n\n<p>Verbesserung unserer Dienstleistungen: Ihre Daten werden von uns benutzt, um unsere Dienstleistungen, die Funktionalit\u00e4t und Qualit\u00e4t unserer Webseite zu verbessern.<\/p>\n\n\n\n<p><strong>Teilung Ihrer Daten mit Dritten<\/strong><\/p>\n\n\n\n<p>In einigen F\u00e4llen m\u00fcssen wir auf Dienstleistungen von Dritten zugreifen, welche Ihre Daten&nbsp;ausschlie\u00dflich&nbsp;in unserem Namen verwalten.<\/p>\n\n\n\n<p>Der Zweck hierf\u00fcr k\u00f6nnte die Vereinfachung der Zahlungsprozedur sein, der Versand von Werbematerial oder f\u00fcr Analyse-Funktionen.<\/p>\n\n\n\n<p>Jedes Drittunternehmen ist mit uns durch Diskretionsvereinbarungen gebunden, und die Benutzung Ihrer pers\u00f6nlichen Daten ist f\u00fcr deren Zwecke oder andere Anwendungen strickte untersagt.<\/p>\n\n\n\n<p>Wir k\u00f6nnten Ihre Daten mit den Polizeikr\u00e4ften teilen oder mit anderen Regierungsbeh\u00f6rden wo dies gesetzlich vorgesehen ist, oder wenn dringend n\u00f6tig, um kriminelle Aktivit\u00e4ten aufzudecken und zu verfolgen.<\/p>\n\n\n\n<p>Einige Handelspartner k\u00f6nnten Ihre pers\u00f6nlichen Daten durch uns zugeschickt bekommen, falls Sie dies anfordern. Daher bitten wir Sie die Datenschutzbestimmungen unserer Partner zu lesen, um mehr dar\u00fcber zu erfahren.<\/p>\n\n\n\n<p><strong>Mobile Endger\u00e4te<\/strong><\/p>\n\n\n\n<p>Wir liefern gratis Apps f\u00fcr eine Reihe von mobilen Endger\u00e4ten und eine mobil optimierte Version unserer Webseite.<\/p>\n\n\n\n<p>Diese Apps und unsere mobile friendly Seite verwalten Ihre pers\u00f6nlichen Daten auf gleiche Art und Weise wie in der Webseite.<\/p>\n\n\n\n<p><strong>Cookies<\/strong><\/p>\n\n\n\n<p>Cookies sind Daten, die die Webseite in den Browser Ihres Computers oder mobilen Endger\u00e4tes hinterlegt. Es gibt verschiedene Arten von Cookies:<\/p>\n\n\n\n<p><strong>Technische Cookies<\/strong>:&nbsp;Sie erm\u00f6glichen eine verbesserte Leistung und Komfort bei der Navigation in der Webseite. Zum Beispiel, um zum Kauf gew\u00e4hlte Waren oder Spracheinstellungen festzuhalten. F\u00fcr diese Art von Cookies wird keine ausdr\u00fcckliche Zustimmung von Ihnen verlangt.<\/p>\n\n\n\n<p><strong>Profilierungs-Cookies<\/strong>: Sie verwenden Ihre pers\u00f6nlichen Daten, um personalisierte Werbebotschaften zu versenden und da sie Ihre Navigation aufzeichnen und aus Ihrem Surfverhalten ein Nutzerprofil erstellen, muss Ihr Einverst\u00e4ndnis best\u00e4tigt werden.<\/p>\n\n\n\n<p><strong>Analytik-Cookies<\/strong>: Diese verwenden wir, um die Webseite zu verbessern und zu optimieren, sodass sie stets interessant und relevant f\u00fcr den Benutzer ist.<\/p>\n\n\n\n<p><strong>Cookies von Dritten<\/strong>: Diese stammen von anderen Web-Servern oder Webseiten, um die personalisierten Werbemassnahmen auf unserer oder anderen Webseiten zu visualisieren. Diese Cookies k\u00f6nnen auch Dritten benutzt werden, um ihre Produkte und Dienstleistungen auf unserer Webseite aufzuzeigen. Drittanbieter-Cookies k\u00f6nnen im Regelfall durch entsprechende Einstellungen im Browser verhindert werden.<\/p>\n\n\n\n<p>Die Verwaltung der Daten durch Drittanbieter wird durch entsprechende Bestimmungen geregelt, die zur Kenntnis zu nehmen sind. Um mehr Transparenz und Bequemlichkeit zu garantieren, finden Sie nachfolgend die Internetadressen mit den n\u00f6tigen Informationen sowie Verwendungsm\u00f6glichkeiten<\/p>\n\n\n\n<p><strong>Facebook Cookie-Regelung:<\/strong>&nbsp;<a href=\"https:\/\/www.facebook.com\/help\/cookies\/\">https:\/\/www.facebook.com\/help\/cookies\/<\/a>&nbsp;<br><strong>Facebook (Settings):<\/strong>&nbsp;Greifen Sie hierf\u00fcr auf Ihr pers\u00f6nliches Konto zu<\/p>\n\n\n\n<p><br><strong>Twitter Cookie-Regelung:<\/strong>&nbsp;<a href=\"https:\/\/support.twitter.com\/articles\/20170514\">https:\/\/support.twitter.com\/articles\/20170514<\/a>&nbsp;<br><strong>Twitter (Settings):<\/strong>&nbsp;<a href=\"https:\/\/twitter.com\/settings\/security\">https:\/\/twitter.com\/settings\/security<\/a><\/p>\n\n\n\n<p><br><strong>Linkedin Cookie-Regelung:&nbsp;<\/strong><a href=\"https:\/\/www.linkedin.com\/legal\/cookie-policy\">https:\/\/www.linkedin.com\/legal\/cookie-policy<\/a>&nbsp;<br><strong>Linkedin (Settings):&nbsp;<\/strong><a href=\"https:\/\/www.linkedin.com\/settings\/\">https:\/\/www.linkedin.com\/settings\/<\/a><\/p>\n\n\n\n<p><br><strong>Google+ Cookie-Regelung:<\/strong>&nbsp;<a href=\"https:\/\/www.google.de\/intl\/de\/policies\/technologies\/cookies\/\">https:\/\/www.google.de\/intl\/de\/policies\/technologies\/cookies\/<\/a>&nbsp;<br><strong>Google+ (Settings<\/strong><strong>):<\/strong>&nbsp;<a href=\"http:\/\/www.google.de\/intl\/de\/policies\/technologies\/managing\/\">http:\/\/www.google.de\/intl\/de\/policies\/technologies\/managing\/<\/a><\/p>\n\n\n\n<p><br><strong>Pinterest<\/strong><strong>&nbsp;Cookie-Regelung<\/strong><strong>:&nbsp;<\/strong><a href=\"https:\/\/about.pinterest.com\/de\/privacy-policy\">https:\/\/about.pinterest.com\/de\/privacy-policy<\/a><\/p>\n\n\n\n<p><strong>Pinterest (Settings):<\/strong><a href=\"https:\/\/www.pinterest.com\/settings\">https:\/\/www.pinterest.com\/settings<\/a><\/p>\n\n\n\n<p><br><strong>Google Analytics Cookie-Regelung:<\/strong>&nbsp;<a href=\"http:\/\/www.google.com\/intl\/en\/analytics\/privacyoverview.html\">http:\/\/www.google.com\/intl\/en\/analytics\/privacyoverview.html<\/a><\/p>\n\n\n\n<p><br><strong>Google Adwords &amp; Google Remarketing Cookie-Regelung:<\/strong>&nbsp;<a href=\"https:\/\/tools.google.com\/dlpage\/gaoptout\">https:\/\/tools.google.com\/dlpage\/gaoptout<\/a><\/p>\n\n\n\n<p><br><strong>Mouseflow:&nbsp;<\/strong><a href=\"http:\/\/www.crazyegg.com\/opt-out\">http:\/\/mouseflow.com\/opt-out\/<\/a><\/p>\n\n\n\n<p><br><strong>CrazyEgg:<\/strong>&nbsp;<a href=\"http:\/\/www.crazyegg.com\/opt-out\">http:\/\/www.crazyegg.com\/opt-out<\/a><\/p>\n\n\n\n<p><br><strong>Yandex Metrica:<\/strong><a href=\"https:\/\/legal.yandex.com\/privacy\/\">&nbsp;https:\/\/legal.yandex.com\/privacy\/<\/a><\/p>\n\n\n\n<p><br><strong>Youtube:&nbsp;<\/strong><a href=\"http:\/\/www.google.co.uk\/intl\/en\/policies\/privacy\/key-terms\/#toc-terms-cookie\">http:\/\/www.google.co.uk\/intl\/en\/policies\/privacy\/key-terms\/#toc-terms-cookie<\/a><\/p>\n\n\n\n<p><br><strong>Bing:<\/strong>&nbsp;<a href=\"https:\/\/privacy.microsoft.com\/de-de\/privacystatement\/\">https:\/\/privacy.microsoft.com\/de-de\/privacystatement\/<\/a><\/p>\n\n\n\n<p>Zudem ist es m\u00f6glich Cookies von Drittanbietern \u00fcber diese Webseite zu verwalten:&nbsp;<br><a href=\"http:\/\/www.youronlinechoices.com\/it\/\">http:\/\/www.youronlinechoices.com\/de\/<\/a><\/p>\n\n\n\n<p>Die Dauerhaftigkeit unserer Cookies ist verschieden. Es gibt auch Sessions-Cookies, die automatisch gel\u00f6scht werden, sobald der Browser geschlossen wird. Die dauerhaften Cookies bleiben hingegen bis zu einem vorab festgelegten Zeitpunkt auf Ihrem Ger\u00e4t, maximal bis zu 5 Jahren. Sie k\u00f6nnen in jedem Moment alle Cookies aus Ihrem Browser l\u00f6schen.<\/p>\n\n\n\n<p>COOKIES DEAKTIVIEREN<\/p>\n\n\n\n<p>Um das Setting der Cookies von Drittanbietern zu \u00e4ndern, k\u00f6nnen die oben aufgef\u00fchrten Links benutzt werden. Zudem k\u00f6nnen die meisten Browser entsprechend eingestellt werden, um Cookies zu sperren oder zu l\u00f6schen. Eine komplette Deaktivierung der Cookies kann jedoch die korrekte Funktionsf\u00e4higkeit der Webseite beeintr\u00e4chtigen.<\/p>\n\n\n\n<p>Nachfolgend die Vorgehensweise f\u00fcr die Deaktivierung von Cookies in den meist benutzten Browsern. F\u00fcr Cookie-Einstellungen bei nicht aufgef\u00fchrten Browsern sind die betreffenden Bestimmungen des jeweiligen Browserherstellers einzusehen.<\/p>\n\n\n\n<p><strong>Internet Explorer 8.0+<\/strong><br>-Klick auf &#8220;Extras&#8221; in der oberen Men\u00fcleiste und &#8220;Internetoptionen&#8221;ausw\u00e4hlen&nbsp;&nbsp;<br>-Klick auf &#8220;Erweitert&#8221; im Dialogfenster \u201cDatenschutz\u201d&nbsp;&nbsp;<br>-Bewegen Sie den Schieberegler auf &#8220;automatische Cookiebehandlung aufheben\u201d<strong>&nbsp;und bei Cookies von Drittanbietern auf \u201c blockieren\u201d &#8211; abschlie\u00dfend auf OK<\/strong><\/p>\n\n\n\n<p><strong>Firefox 4.0+<\/strong><br>-Klick auf &#8220;Einstellungen&#8221; auf die Men\u00fcschaltfl\u00e4che&nbsp;<br>-Gehen Sie zum Abschnitt &#8220;Datenschutz&#8221; und klicken Sie auf \u201cWebsites mitteilen, Ihre Aktivit\u00e4ten nicht zu verfolgen\u201d<br>-Im Dialogfeld H\u00e4kchen setzen neben &#8220;Websites immer mitteilen, meine Nutzeraktivit\u00e4ten nicht zu verfolgen&#8221;<br>&nbsp;<\/p>\n\n\n\n<p><strong>Google Chrome&nbsp;<\/strong><br>-Klick auf &#8220;Men\u00fc Chrome&#8221; auf der Men\u00fcleiste des Browsers&nbsp;&nbsp;<br>-&#8220;Einstellungen&#8221; ausw\u00e4hlen&nbsp;&nbsp;<br>-Klick auf &#8220;Erweiterte Einstellungen&#8221;&nbsp;&nbsp;<br>-W\u00e4hlen Sie im Abschnitt &#8220;Datenschutz&#8221; die Option \u201c<strong>Inhaltseinstellungen\u201d<\/strong>&nbsp;aus&nbsp;<br>-In der Sektion &#8220;Cookie&#8221; aktivieren Sie die Option &#8220;Drittanbieter-Cookies und Webseitendatenblockieren&#8221;<\/p>\n\n\n\n<p><strong>Safari 5.0<\/strong><br>-Klicken Sie auf \u201cEinstellungen\u201d im Men\u00fc Safari&nbsp;<br>-Klick auf &#8220;Datenschutz&#8221;&nbsp;&nbsp;<br>-Klicken Sie auf die Zeile &#8220;Cookies erlauben&#8221;und festlegen ob Cookies immer, nie oder nur wenn sie von Dritten oder Werbeanbietern kommen, blockieren wollen.<\/p>\n\n\n\n<p><strong>In jedem Fall ist es m\u00f6glich, sich der Hilfe des jeweiligen Browserhersteller zu wenden:<\/strong><\/p>\n\n\n\n<p><strong>Chrome:<\/strong>&nbsp;<a href=\"https:\/\/support.google.com\/chrome\/answer\/95647?hl=de\">https:\/\/support.google.com\/chrome\/answer\/95647?hl=de<\/a><\/p>\n\n\n\n<p><strong>Firefox:<\/strong>&nbsp;<a href=\"https:\/\/support.mozilla.org\/de\/kb\/cookies-informationen-websites-auf-ihrem-computer\">https:\/\/support.mozilla.org\/de\/kb\/cookies-informationen-websites-auf-ihrem-computer<\/a><\/p>\n\n\n\n<p><strong>Internet Explorer:<\/strong>&nbsp;<a href=\"https:\/\/support.microsoft.com\/de-de\/help\/17442\/windows-internet-explorer-delete-manage-cookies\">https:\/\/support.microsoft.com\/de-de\/help\/17442\/windows-internet-explorer-delete-manage-cookies<\/a><\/p>\n\n\n\n<p><strong>Opera:<\/strong>&nbsp;<a href=\"http:\/\/help.opera.com\/Windows\/10.00\/de\/cookies.html\">http:\/\/help.opera.com\/Windows\/10.00\/de\/cookies.html<\/a><\/p>\n\n\n\n<p><strong>Safari:<\/strong>&nbsp;<a href=\"https:\/\/support.apple.com\/de-de\/HT201265\">https:\/\/support.apple.com\/de-de\/HT201265<\/a><\/p>\n\n\n\n<p>F\u00dcR MEHR INFORMATIONEN \u00dcBER COOKIES UND DERER CONTROLLE, KANN AUCH DIE ENGLISCHE WEBSEITE&nbsp;<a href=\"http:\/\/www.allaboutcookies.org\/\">WWW.ALLABOUTCOOKIES.ORG<\/a>&nbsp;ZUR HILFE BEIGEZOGEN WERDEN.<\/p>\n\n\n\n<p><strong>ACHTUNG: Mit der Fortsetzung der Navigation in unserer Webseite stimmen Sie der Verwendung von Cookies zu.<\/strong><\/p>\n","protected":false},"excerpt":{"rendered":"<p>BESTIMMUNGEN ZUM DATENSCHUTZ UND ZUR BENUTZUNG VON COOKIES Die&nbsp;Aufsichtsbeh\u00f6rde f\u00fcr Datenschutz&nbsp;hat mit Verf\u00fcgung Nr. 229 vom 08.05.2014, die von der&nbsp;Europ\u00e4ischen Grundverordnung&nbsp;im Amtsblatt Nr. 126 vom 03.06.2014 ver\u00f6ffentlichten Richtlinien zur&nbsp;Verwendung von Cookies\u00fcbernommen. Nachfolgende Informationen verpflichten daher zum Datenschutz der Benutzer ohne dabei die Nagivation in der von Ihnen benutzten Webseite zu beintr\u00e4chtigen. Nachfolgende Informationen unterliegen eventuellen Aktaulierungen und daher bitten wir Sie, diese Seite regelm\u00e4ssig zu besuchen. Sollten Sie mit diesen vorliegenden Bestimmungen nicht einverstanden sein, ist von einer Benutzung unserer Dienstleistungen abzusehen. DATENSCHUTZBESTIMMUNGEN Beim Besuch unserer Webseite k\u00f6nnten wir einige Informationen sammeln wie IP-Adresse, benutzter Browser. Falls Sie mobile Endger\u00e4te benutzen, k\u00f6nnten wir auch diesbez\u00fcgliche Einstellungsdaten sammeln. Des weiteren auch Informationen \u00fcber Sie und \u00fcber Ihre Vorz\u00fcge. Die gesammelten Daten werden durch uns benutzt und f\u00fcr folgende Zwecke geteilt: Reservierungen: Ihre pers\u00f6nlichen Daten werden benutzt, um Ihre online Reservierung zu vervollst\u00e4ndigen und zu verwalten, sowie, Dritten vorgelegt, die direkt mit Ihrem Kauf verbunden sind. Kundendienst: Wir teilen Ihre Daten mit unserem zust\u00e4ndigen Kundendienst-Personal, welches Ihnen in jedem Moment beim Kauf zur Seite steht. Verwaltung des Kontos: Wenn Sie ein Benutzer-Konto \u00f6ffnen, sammeln wir die Informationen, um dieses auf korrekte Art und Weise zu verwalten und zugleich, um Ihnen den Zugang [&hellip;]<\/p>\n","protected":false},"author":1,"featured_media":2653,"parent":0,"menu_order":2,"comment_status":"closed","ping_status":"closed","template":"","meta":[],"yoast_head":"<!-- This site is optimized with the Yoast SEO plugin v15.7 - https:\/\/yoast.com\/wordpress\/plugins\/seo\/ -->\n<title>Cookie privacy - Hotel Gimm<\/title>\n<meta name=\"robots\" content=\"index, follow, max-snippet:-1, max-image-preview:large, max-video-preview:-1\" \/>\n<link rel=\"canonical\" href=\"https:\/\/www.hotelgimm.it\/de\/cookie-privacy\/\" \/>\n<meta property=\"og:locale\" content=\"de_DE\" \/>\n<meta property=\"og:type\" content=\"article\" \/>\n<meta property=\"og:title\" content=\"Cookie privacy - Hotel Gimm\" \/>\n<meta property=\"og:description\" content=\"BESTIMMUNGEN ZUM DATENSCHUTZ UND ZUR BENUTZUNG VON COOKIES Die&nbsp;Aufsichtsbeh\u00f6rde f\u00fcr Datenschutz&nbsp;hat mit Verf\u00fcgung Nr. 229 vom 08.05.2014, die von der&nbsp;Europ\u00e4ischen Grundverordnung&nbsp;im Amtsblatt Nr. 126 vom 03.06.2014 ver\u00f6ffentlichten Richtlinien zur&nbsp;Verwendung von Cookies\u00fcbernommen. Nachfolgende Informationen verpflichten daher zum Datenschutz der Benutzer ohne dabei die Nagivation in der von Ihnen benutzten Webseite zu beintr\u00e4chtigen. Nachfolgende Informationen unterliegen eventuellen Aktaulierungen und daher bitten wir Sie, diese Seite regelm\u00e4ssig zu besuchen. Sollten Sie mit diesen vorliegenden Bestimmungen nicht einverstanden sein, ist von einer Benutzung unserer Dienstleistungen abzusehen. DATENSCHUTZBESTIMMUNGEN Beim Besuch unserer Webseite k\u00f6nnten wir einige Informationen sammeln wie IP-Adresse, benutzter Browser. Falls Sie mobile Endger\u00e4te benutzen, k\u00f6nnten wir auch diesbez\u00fcgliche Einstellungsdaten sammeln. Des weiteren auch Informationen \u00fcber Sie und \u00fcber Ihre Vorz\u00fcge. Die gesammelten Daten werden durch uns benutzt und f\u00fcr folgende Zwecke geteilt: Reservierungen: Ihre pers\u00f6nlichen Daten werden benutzt, um Ihre online Reservierung zu vervollst\u00e4ndigen und zu verwalten, sowie, Dritten vorgelegt, die direkt mit Ihrem Kauf verbunden sind. Kundendienst: Wir teilen Ihre Daten mit unserem zust\u00e4ndigen Kundendienst-Personal, welches Ihnen in jedem Moment beim Kauf zur Seite steht. Verwaltung des Kontos: Wenn Sie ein Benutzer-Konto \u00f6ffnen, sammeln wir die Informationen, um dieses auf korrekte Art und Weise zu verwalten und zugleich, um Ihnen den Zugang [&hellip;]\" \/>\n<meta property=\"og:url\" content=\"https:\/\/www.hotelgimm.it\/de\/cookie-privacy\/\" \/>\n<meta property=\"og:site_name\" content=\"Hotel Gimm\" \/>\n<meta property=\"article:modified_time\" content=\"2019-05-17T12:19:38+00:00\" \/>\n<meta property=\"og:image\" content=\"https:\/\/www.hotelgimm.it\/wp-content\/uploads\/2019\/05\/Privacy-720x340.png\" \/>\n\t<meta property=\"og:image:width\" content=\"720\" \/>\n\t<meta property=\"og:image:height\" content=\"340\" \/>\n<meta name=\"twitter:card\" content=\"summary_large_image\" \/>\n<meta name=\"twitter:label1\" content=\"Gesch\u00e4tzte Lesezeit\">\n\t<meta name=\"twitter:data1\" content=\"7 Minuten\">\n<script type=\"application\/ld+json\" class=\"yoast-schema-graph\">{\"@context\":\"https:\/\/schema.org\",\"@graph\":[{\"@type\":\"WebSite\",\"@id\":\"https:\/\/www.hotelgimm.it\/#website\",\"url\":\"https:\/\/www.hotelgimm.it\/\",\"name\":\"Hotel Gimm\",\"description\":\"\",\"potentialAction\":[{\"@type\":\"SearchAction\",\"target\":\"https:\/\/www.hotelgimm.it\/?s={search_term_string}\",\"query-input\":\"required name=search_term_string\"}],\"inLanguage\":\"de-DE\"},{\"@type\":\"ImageObject\",\"@id\":\"https:\/\/www.hotelgimm.it\/de\/cookie-privacy\/#primaryimage\",\"inLanguage\":\"de-DE\",\"url\":\"https:\/\/www.hotelgimm.it\/wp-content\/uploads\/2019\/05\/Privacy-720x340.png\",\"width\":720,\"height\":340},{\"@type\":\"WebPage\",\"@id\":\"https:\/\/www.hotelgimm.it\/de\/cookie-privacy\/#webpage\",\"url\":\"https:\/\/www.hotelgimm.it\/de\/cookie-privacy\/\",\"name\":\"Cookie privacy - Hotel Gimm\",\"isPartOf\":{\"@id\":\"https:\/\/www.hotelgimm.it\/#website\"},\"primaryImageOfPage\":{\"@id\":\"https:\/\/www.hotelgimm.it\/de\/cookie-privacy\/#primaryimage\"},\"datePublished\":\"2019-02-11T14:38:30+00:00\",\"dateModified\":\"2019-05-17T12:19:38+00:00\",\"breadcrumb\":{\"@id\":\"https:\/\/www.hotelgimm.it\/de\/cookie-privacy\/#breadcrumb\"},\"inLanguage\":\"de-DE\",\"potentialAction\":[{\"@type\":\"ReadAction\",\"target\":[\"https:\/\/www.hotelgimm.it\/de\/cookie-privacy\/\"]}]},{\"@type\":\"BreadcrumbList\",\"@id\":\"https:\/\/www.hotelgimm.it\/de\/cookie-privacy\/#breadcrumb\",\"itemListElement\":[{\"@type\":\"ListItem\",\"position\":1,\"item\":{\"@type\":\"WebPage\",\"@id\":\"https:\/\/www.hotelgimm.it\/de\/\",\"url\":\"https:\/\/www.hotelgimm.it\/de\/\",\"name\":\"Home\"}},{\"@type\":\"ListItem\",\"position\":2,\"item\":{\"@type\":\"WebPage\",\"@id\":\"https:\/\/www.hotelgimm.it\/de\/cookie-privacy\/\",\"url\":\"https:\/\/www.hotelgimm.it\/de\/cookie-privacy\/\",\"name\":\"Cookie privacy\"}}]}]}<\/script>\n<!-- \/ Yoast SEO plugin. -->","_links":{"self":[{"href":"https:\/\/www.hotelgimm.it\/de\/wp-json\/wp\/v2\/pages\/503"}],"collection":[{"href":"https:\/\/www.hotelgimm.it\/de\/wp-json\/wp\/v2\/pages"}],"about":[{"href":"https:\/\/www.hotelgimm.it\/de\/wp-json\/wp\/v2\/types\/page"}],"author":[{"embeddable":true,"href":"https:\/\/www.hotelgimm.it\/de\/wp-json\/wp\/v2\/users\/1"}],"replies":[{"embeddable":true,"href":"https:\/\/www.hotelgimm.it\/de\/wp-json\/wp\/v2\/comments?post=503"}],"version-history":[{"count":2,"href":"https:\/\/www.hotelgimm.it\/de\/wp-json\/wp\/v2\/pages\/503\/revisions"}],"predecessor-version":[{"id":2661,"href":"https:\/\/www.hotelgimm.it\/de\/wp-json\/wp\/v2\/pages\/503\/revisions\/2661"}],"wp:featuredmedia":[{"embeddable":true,"href":"https:\/\/www.hotelgimm.it\/de\/wp-json\/wp\/v2\/media\/2653"}],"wp:attachment":[{"href":"https:\/\/www.hotelgimm.it\/de\/wp-json\/wp\/v2\/media?parent=503"}],"curies":[{"name":"wp","href":"https:\/\/api.w.org\/{rel}","templated":true}]}}